{"id":251136,"date":"2025-05-07T05:59:13","date_gmt":"2025-05-07T09:59:13","guid":{"rendered":"https:\/\/menuculture.com\/recipeshop\/product\/maizena-pack-of-9-pieces-diferents-flavors-mexican-maizena-almidon-de-maiz-sin-flvrd-2\/"},"modified":"2025-07-19T18:50:45","modified_gmt":"2025-07-19T22:50:45","slug":"maizena-pack-of-9-pieces-diferents-flavors-mexican-maizena-almidon-de-maiz-sin-flvrd-2","status":"publish","type":"product","link":"https:\/\/menuculture.com\/recipeshop\/product\/maizena-pack-of-9-pieces-diferents-flavors-mexican-maizena-almidon-de-maiz-sin-flvrd-2\/","title":{"rendered":"Maizena Pack of 9 pieces diferents flavors | Mexican | Maizena Almid\u00f3n de ma\u00edz sin flvrd"},"content":{"rendered":"<ul>\n<li>Mezcla de bevarage de almid\u00f3n de ma\u00edz fortificado Set of 9 pieces<\/li>\n<\/ul>\n<ul>\n<li>1 bag per flavor 1.6 oz<\/li>\n<\/ul>\n<ul>\n<li>Atole Fresa, Chocolate, vainilla, cajeta, galleta, coco, arroz con leche, guayaba y nuez<\/li>\n<\/ul>\n<ul>\n<li>Atole Strawberry, Chocolate, vanilla, cajeta, cookie, coconut, rice pudding, guava and walnut<\/li>\n<\/ul>\n","protected":false},"excerpt":{"rendered":"<p> [&#8230;]\n","protected":false},"featured_media":251136,"comment_status":"open","ping_status":"closed","template":"","meta":{"wprm-recipe-roundup-name":"","wprm-recipe-roundup-description":"","wpupg_custom_link":[],"wpupg_custom_link_behaviour":[],"wpupg_custom_link_nofollow":[],"wpupg_custom_image":[],"wpupg_custom_image_id":[],"advanced_seo_description":"","jetpack_seo_html_title":"","jetpack_seo_noindex":false,"jetpack_post_was_ever_published":false,"_daim_seo_power":"","_daim_enable_ail":"","_FSMCFIC_featured_image_caption":"","_FSMCFIC_featured_image_nocaption":"","_FSMCFIC_featured_image_hide":"","_predictive_search_focuskw":"","_ps_exclude_item":""},"product_cat":[132789,132726,132727],"product_tag":[],"class_list":{"0":"post-251136","1":"product","2":"type-product","3":"status-publish","4":"has-post-thumbnail","6":"product_brand-tt-box","7":"product_cat-cooking-baking","8":"product_cat-grocery-gourmet-food","9":"product_cat-pantry-staples","11":"first","12":"instock","13":"virtual","14":"purchasable","15":"product-type-simple"},"a3_pvc":{"activated":false,"total_views":0,"today_views":0},"jetpack_sharing_enabled":true,"jetpack_likes_enabled":true,"jetpack-related-posts":[{"id":251135,"url":"https:\/\/menuculture.com\/recipeshop\/product\/maizena-pack-of-9-pieces-diferents-flavors-mexican-maizena-almidon-de-maiz-sin-flvrd\/","url_meta":{"origin":251136,"position":0},"title":"Maizena Pack of 9 pieces diferents flavors | Mexican | Maizena Almid\u00f3n de ma\u00edz sin flvrd","author":"","date":"May 7, 2025","format":false,"excerpt":"Mezcla de bevarage de almid\u00f3n de ma\u00edz fortificado Set of 9 pieces 1 bag per flavor 1.6 oz Atole Fresa, Chocolate, vainilla, cajeta, Napolitano, coco, arroz con leche, guayaba y nuez Atole Strawberry, Chocolate, vanilla, cajeta, Napolitano, coconut, rice pudding, guava and walnut","rel":"","context":"Similar post","block_context":{"text":"Similar post","link":""},"img":{"alt_text":"","src":"","width":0,"height":0},"classes":[]},{"id":241006,"url":"https:\/\/menuculture.com\/recipeshop\/product\/bunuelos-colombianos-bundle-includes-2-boxes-of-bunuelo-maizena-300g-each-and-1-bag-of-despensa-colombiana-rainbow-nonpareils-or-sazon-may-vary\/","url_meta":{"origin":251136,"position":1},"title":"Bu\u00f1uelos Colombianos Bundle &#8211; INCLUDES 2 Boxes of Bunuelo Maizena 300g Each and 1 Bag of Despensa Colombiana Rainbow Nonpareils or Sazon (May Vary)","author":"","date":"April 21, 2025","format":false,"excerpt":"No detailed information available for this product.","rel":"","context":"Similar post","block_context":{"text":"Similar post","link":""},"img":{"alt_text":"","src":"","width":0,"height":0},"classes":[]},{"id":245412,"url":"https:\/\/menuculture.com\/recipeshop\/product\/maseca-instant-yellow-corn-masa-flour-4-4lb-masa-instantanea-de-maiz-amarillo-2-2kg-pack-of-3\/","url_meta":{"origin":251136,"position":2},"title":"Maseca Instant Yellow Corn Masa Flour 4.4lb | Masa Instantanea de Maiz Amarillo 2.2kg &#8211; PACK OF 3","author":"","date":"April 26, 2025","format":false,"excerpt":"Finely ground instant masa corn flour for authentic recipes Ideal for tortillas, tamales, and various Mexican dishes Quick and easy preparation for consistent dough Delivers soft, flavorful results with every use Convenient 4.4 lb packaging for multiple servings","rel":"","context":"Similar post","block_context":{"text":"Similar post","link":""},"img":{"alt_text":"","src":"","width":0,"height":0},"classes":[]},{"id":251224,"url":"https:\/\/menuculture.com\/recipeshop\/product\/tradiciones-andinas-salted-crunchy-andean-mix-4-59-oz-snack-mix-andino-peruano-maiz-cancha-maiz-gigante-chulpi-frito-habas-snacks-peruvian-products-crujiente-y-salado-producto-de-peru\/","url_meta":{"origin":251136,"position":3},"title":"Tradiciones Andinas Salted Crunchy Andean Mix 4.59 oz &#8211; Snack Mix Andino Peruano, Maiz Cancha, Maiz Gigante, Chulpi Frito, Habas Snacks, Peruvian Products, Crujiente y Salado, Producto de Peru","author":"","date":"May 7, 2025","format":false,"excerpt":"A FLAVOR EXPLOSION - With the perfect balance of savory, our Andean Mix Snack is a taste sensation that will leave you craving for more! Crunchy native corn, chulpe corn, giant corn, and broad beans. Try it now and discover your new favorite snack. DELICIOUS MIX - Our Andean Mix\u2026","rel":"","context":"Similar post","block_context":{"text":"Similar post","link":""},"img":{"alt_text":"","src":"","width":0,"height":0},"classes":[]},{"id":247955,"url":"https:\/\/menuculture.com\/recipeshop\/product\/el-milagro-corn-tortillas-24-packs-tortillas-de-maiz-chicago\/","url_meta":{"origin":251136,"position":4},"title":"El Milagro Corn Tortillas (24 Packs) Tortillas de Maiz Chicago","author":"","date":"April 27, 2025","format":false,"excerpt":"Authentic Flavor: Experience the rich, traditional taste of Mexican cuisine with El Milagro Corn Tortillas Handcrafted in Chicago: Freshly made in Chicago using time-honored methods to ensure premium quality Natural Ingredients: Made with 100% natural corn, free from preservatives and artificial additives Gluten-Free: Suitable for those with gluten sensitivities or\u2026","rel":"","context":"Similar post","block_context":{"text":"Similar post","link":""},"img":{"alt_text":"","src":"","width":0,"height":0},"classes":[]},{"id":238966,"url":"https:\/\/menuculture.com\/recipeshop\/product\/pescado-ahumado-jutia-maiz-tostado-elegua-offering-kit-santeria-yoruba-ifa-eku-eja-awado\/","url_meta":{"origin":251136,"position":5},"title":"Pescado Ahumado, Jutia, Maiz Tostado, Elegua Offering Kit, Santeria, Yoruba, Ifa EKU Eja Awado","author":"","date":"April 20, 2025","format":false,"excerpt":"No detailed information available for this product.","rel":"","context":"Similar post","block_context":{"text":"Similar post","link":""},"img":{"alt_text":"","src":"","width":0,"height":0},"classes":[]}],"_links":{"self":[{"href":"https:\/\/menuculture.com\/recipeshop\/wp-json\/wp\/v2\/product\/251136","targetHints":{"allow":["GET"]}}],"collection":[{"href":"https:\/\/menuculture.com\/recipeshop\/wp-json\/wp\/v2\/product"}],"about":[{"href":"https:\/\/menuculture.com\/recipeshop\/wp-json\/wp\/v2\/types\/product"}],"replies":[{"embeddable":true,"href":"https:\/\/menuculture.com\/recipeshop\/wp-json\/wp\/v2\/comments?post=251136"}],"wp:featuredmedia":[{"embeddable":true,"href":"https:\/\/menuculture.com\/recipeshop\/wp-json\/wp\/v2\/product\/251136"}],"wp:attachment":[{"href":"https:\/\/menuculture.com\/recipeshop\/wp-json\/wp\/v2\/media?parent=251136"}],"wp:term":[{"taxonomy":"product_cat","embeddable":true,"href":"https:\/\/menuculture.com\/recipeshop\/wp-json\/wp\/v2\/product_cat?post=251136"},{"taxonomy":"product_tag","embeddable":true,"href":"https:\/\/menuculture.com\/recipeshop\/wp-json\/wp\/v2\/product_tag?post=251136"}],"curies":[{"name":"wp","href":"https:\/\/api.w.org\/{rel}","templated":true}]}}