{"id":249878,"date":"2025-05-03T02:35:49","date_gmt":"2025-05-03T06:35:49","guid":{"rendered":"https:\/\/menuculture.com\/recipeshop\/product\/jose-gourmet-spiced-calamari-in-ragout-sauce\/"},"modified":"2025-05-03T02:35:55","modified_gmt":"2025-05-03T06:35:55","slug":"jose-gourmet-spiced-calamari-in-ragout-sauce","status":"publish","type":"product","link":"https:\/\/menuculture.com\/recipeshop\/product\/jose-gourmet-spiced-calamari-in-ragout-sauce\/","title":{"rendered":"Jose Gourmet Spiced Calamari in Ragout Sauce,"},"content":{"rendered":"<ul>\n<li>Spiced calamari from Portugal in a spicy ragout sauce of tomato pulp, sunflower oil and spices (onion, parsley, red pepper, wine, ground cloves and salt).<\/li>\n<\/ul>\n<ul>\n<li>Contains Calamari (70.8%), Tomato Pulp (19.8%), Sunflower Oil (4.2%), Spices (onion, parsley, red pepper, wine, ground cloves) (4.2%), and Salt<\/li>\n<\/ul>\n<ul>\n<li>Spiced Calamari-aus Portugal in einer w\u00fcrzigen Ragout Sauce aus Tomate, Zellstoff, Sonnenblumen\u00f6l und Gew\u00fcrze (Zwiebel, Petersilie, Pfeffer rot, Wein, Erde Gew\u00fcrznelken und Salz).<\/li>\n<\/ul>\n<ul>\n<li>Enth\u00e4lt Calamari-(70,8%), Tomate Zellstoff (19,8%), Sonnenblumen\u00f6l (4,2%), Gew\u00fcrze (Zwiebeln, Petersilie, Pfeffer rot, Wein, gemahlen Nelken) (4,2%), und Salz<\/li>\n<\/ul>\n","protected":false},"excerpt":{"rendered":"<p> [&#8230;]\n","protected":false},"featured_media":249878,"comment_status":"open","ping_status":"closed","template":"","meta":{"wprm-recipe-roundup-name":"","wprm-recipe-roundup-description":"","wpupg_custom_link":[],"wpupg_custom_link_behaviour":[],"wpupg_custom_link_nofollow":[],"wpupg_custom_image":[],"wpupg_custom_image_id":[],"advanced_seo_description":"","jetpack_seo_html_title":"","jetpack_seo_noindex":false,"jetpack_post_was_ever_published":false,"_daim_seo_power":"","_daim_enable_ail":"","_FSMCFIC_featured_image_caption":"","_FSMCFIC_featured_image_nocaption":"","_FSMCFIC_featured_image_hide":""},"product_cat":[132726,132727,132771],"product_tag":[],"class_list":{"0":"post-249878","1":"product","2":"type-product","3":"status-publish","4":"has-post-thumbnail","6":"product_brand-jose-gourmet","7":"product_cat-grocery-gourmet-food","8":"product_cat-pantry-staples","9":"product_cat-sauces-gravies-marinades","11":"first","12":"instock","13":"shipping-taxable","14":"purchasable","15":"product-type-variable"},"jetpack_sharing_enabled":true,"jetpack_likes_enabled":true,"jetpack-related-posts":[{"id":245786,"url":"https:\/\/menuculture.com\/recipeshop\/product\/mina-shakshuka-sauce-parent\/","url_meta":{"origin":249878,"position":0},"title":"Mina Shakshuka Sauce Parent","author":"","date":"April 26, 2025","format":false,"excerpt":"Mina Shakshuka sauce is a rich Moroccan spiced tomato sauce made using only all natural ingredients. Delcicios when used traditionally with poached eggs as shakshuka. Also great with pasta, on pizza, or to liven up a stew. Non GMO, Gluten Free, & Kosher Serves 4. Marokkanischen Spiced Tomatensauce Aus mit\u2026","rel":"","context":"Similar post","block_context":{"text":"Similar post","link":""},"img":{"alt_text":"","src":"","width":0,"height":0},"classes":[]},{"id":246667,"url":"https:\/\/menuculture.com\/recipeshop\/product\/nuri-portuguese-sardines-in-spiced-tomato-sauce-10-pack-4-4-oz-cans\/","url_meta":{"origin":249878,"position":1},"title":"NURI Portuguese Sardines in Spiced Tomato Sauce &#8211; 10 Pack &#8211; (4.4 oz cans)","author":"","date":"April 27, 2025","format":false,"excerpt":"No detailed information available for this product.","rel":"","context":"Similar post","block_context":{"text":"Similar post","link":""},"img":{"alt_text":"","src":"","width":0,"height":0},"classes":[]},{"id":238673,"url":"https:\/\/menuculture.com\/recipeshop\/product\/nuri-portuguese-sardines-variety-pack-4-pack-bundle-one-of-each-pure-olive-oil-spiced-pure-olive-oil-tomato-and-olive-oil-and-spiced-tomato-and-olive-oil\/","url_meta":{"origin":249878,"position":2},"title":"NURI Portuguese Sardines Variety Pack | 4 Pack Bundle | One of Each | Pure Olive Oil, Spiced Pure Olive Oil, Tomato and Olive Oil AND Spiced Tomato and Olive Oil","author":"","date":"April 18, 2025","format":false,"excerpt":"SAMPLE ALL THE NURI GOURMET SARDINES | 4 cans of the following products are included in this bundle | 1 can Nuri Portuguese Sardines In Pure Olive Oil (4.4 oz\/can) | 1 can Nuri Portuguese Sardines Spiced in Olive Oil (4.4 oz\/can) | 1 can Nuri Portuguese Sardines in Tomato\u2026","rel":"","context":"With 5 comments","block_context":{"text":"With 5 comments","link":"https:\/\/menuculture.com\/recipeshop\/product\/nuri-portuguese-sardines-variety-pack-4-pack-bundle-one-of-each-pure-olive-oil-spiced-pure-olive-oil-tomato-and-olive-oil-and-spiced-tomato-and-olive-oil\/#comments"},"img":{"alt_text":"","src":"","width":0,"height":0},"classes":[]},{"id":235011,"url":"https:\/\/menuculture.com\/recipeshop\/product\/badia\/","url_meta":{"origin":249878,"position":3},"title":"Badia","author":"","date":"March 25, 2025","format":false,"excerpt":"Premium Quality Whole Cloves: Enjoy the rich, aromatic flavor of Badia Whole Cloves, perfect for enhancing sweet and savory dishes Versatile Spice: Ideal for baking, cooking, and beverages like teas, mulled wine, and spiced cider Aromatic & Flavorful: Adds a warm, spicy depth to recipes, making it an essential ingredient\u2026","rel":"","context":"With 5 comments","block_context":{"text":"With 5 comments","link":"https:\/\/menuculture.com\/recipeshop\/product\/badia\/#comments"},"img":{"alt_text":"","src":"","width":0,"height":0},"classes":[]},{"id":239643,"url":"https:\/\/menuculture.com\/recipeshop\/product\/starter-pack\/","url_meta":{"origin":249878,"position":4},"title":"Starter Pack","author":"","date":"April 20, 2025","format":false,"excerpt":"Our Tikka Masala is a delightful plant-based spin on the classic featuring luscious coconut cream, tangy tomatoes, caramelized onions, fresh garlic and ginger, and an aromatic blend of warming Indian spices and sweet paprika. Our Coconut Cashew Korma is a plant-based spin on the curry house classic, replacing the dairy\u2026","rel":"","context":"Similar post","block_context":{"text":"Similar post","link":""},"img":{"alt_text":"","src":"","width":0,"height":0},"classes":[]},{"id":246153,"url":"https:\/\/menuculture.com\/recipeshop\/product\/nandos-peri-peri-sauce-medium-500g\/","url_meta":{"origin":249878,"position":5},"title":"Nando&#8217;s Peri-Peri Sauce Medium 500g","author":"","date":"April 26, 2025","format":false,"excerpt":"Water , White Vinegar , Onion Puree (12%) , Salt , Lemon Puree (4%) , Vegetable Oil (Sunflower Seeds) , Spices (including African Bird's Eye Chilli) , Serrano Chilli , Garlic Puree , Stabilisers (Xanthan Gum, Propylene Glycol Alginate) , Antioxidant (Calcium Disodium EDTA) .","rel":"","context":"Similar post","block_context":{"text":"Similar post","link":""},"img":{"alt_text":"","src":"","width":0,"height":0},"classes":[]}],"_links":{"self":[{"href":"https:\/\/menuculture.com\/recipeshop\/wp-json\/wp\/v2\/product\/249878","targetHints":{"allow":["GET"]}}],"collection":[{"href":"https:\/\/menuculture.com\/recipeshop\/wp-json\/wp\/v2\/product"}],"about":[{"href":"https:\/\/menuculture.com\/recipeshop\/wp-json\/wp\/v2\/types\/product"}],"replies":[{"embeddable":true,"href":"https:\/\/menuculture.com\/recipeshop\/wp-json\/wp\/v2\/comments?post=249878"}],"wp:featuredmedia":[{"embeddable":true,"href":"https:\/\/menuculture.com\/recipeshop\/wp-json\/wp\/v2\/product\/249878"}],"wp:attachment":[{"href":"https:\/\/menuculture.com\/recipeshop\/wp-json\/wp\/v2\/media?parent=249878"}],"wp:term":[{"taxonomy":"product_cat","embeddable":true,"href":"https:\/\/menuculture.com\/recipeshop\/wp-json\/wp\/v2\/product_cat?post=249878"},{"taxonomy":"product_tag","embeddable":true,"href":"https:\/\/menuculture.com\/recipeshop\/wp-json\/wp\/v2\/product_tag?post=249878"}],"curies":[{"name":"wp","href":"https:\/\/api.w.org\/{rel}","templated":true}]}}