{"id":249842,"date":"2025-05-03T02:29:16","date_gmt":"2025-05-03T06:29:16","guid":{"rendered":"https:\/\/menuculture.com\/recipeshop\/product\/starbucks-premium-instant-coffee-medium-roast-100-arabica-beans-3-pack-3-17-oz-each\/"},"modified":"2025-05-03T02:29:18","modified_gmt":"2025-05-03T06:29:18","slug":"starbucks-premium-instant-coffee-medium-roast-100-arabica-beans-3-pack-3-17-oz-each","status":"publish","type":"product","link":"https:\/\/menuculture.com\/recipeshop\/product\/starbucks-premium-instant-coffee-medium-roast-100-arabica-beans-3-pack-3-17-oz-each\/","title":{"rendered":"Starbucks Premium Instant Coffee, Medium Roast, 100% Arabica Beans, 3 Pack (3.17 Oz Each)"},"content":{"rendered":"<ul>\n<li>PREMIUM INSTANT COFFEE: Starbucks Medium Roast Premium Instant Coffee is crafted with the same high-quality 100% arabica beans we brew in our caf\u00e9s, and these 3 tins make up to 105 cups<\/li>\n<\/ul>\n<ul>\n<li>SMOOTH &#038; NUTTY: Starbucks Medium Roast coffee is a perfectly balanced blend with smooth notes of chocolate and nuts<\/li>\n<\/ul>\n<ul>\n<li>MADE TO BE YOURS: Starbucks Premium Instant Coffee lets you adjust how much coffee you add, so you can stir up Starbucks coffee just the way you like in an instant<\/li>\n<\/ul>\n<ul>\n<li>EASY TO PREPARE: It\u2019s easy to make a smooth and delicious cup of instant coffee\u2014simply add instant coffee, pour hot water, stir and enjoy premium-tasting instant coffee at home<\/li>\n<\/ul>\n<ul>\n<li>RECYCLABLE: Our tin container packaging is recyclable. See label for more instructions<\/li>\n<\/ul>\n","protected":false},"excerpt":{"rendered":"<p> [&#8230;]\n","protected":false},"featured_media":249842,"comment_status":"open","ping_status":"closed","template":"","meta":{"wprm-recipe-roundup-name":"","wprm-recipe-roundup-description":"","wpupg_custom_link":[],"wpupg_custom_link_behaviour":[],"wpupg_custom_link_nofollow":[],"wpupg_custom_image":[],"wpupg_custom_image_id":[],"advanced_seo_description":"","jetpack_seo_html_title":"","jetpack_seo_noindex":false,"jetpack_post_was_ever_published":false,"_daim_seo_power":"","_daim_enable_ail":"","_FSMCFIC_featured_image_caption":"","_FSMCFIC_featured_image_nocaption":"","_FSMCFIC_featured_image_hide":""},"product_cat":[129093,135811,132726],"product_tag":[],"class_list":{"0":"post-249842","1":"product","2":"type-product","3":"status-publish","4":"has-post-thumbnail","6":"product_brand-starbucks","7":"product_cat-beverages","8":"product_cat-coffee","9":"product_cat-grocery-gourmet-food","11":"first","12":"instock","13":"virtual","14":"purchasable","15":"product-type-simple"},"jetpack_sharing_enabled":true,"jetpack_likes_enabled":true,"jetpack-related-posts":[{"id":246345,"url":"https:\/\/menuculture.com\/recipeshop\/product\/nescafe-clasico-colombia-medium-roast-instant-coffee-6-oz-jar\/","url_meta":{"origin":249842,"position":0},"title":"NESCAF\u00c9 CL\u00c1SICO Colombia, Medium Roast Instant Coffee, 6 oz. Jar","author":"","date":"April 26, 2025","format":false,"excerpt":"PREMIUM FLAVOR\u2014Savor rich aroma and flavor with NESCAF\u00c9 CL\u00c1SICO Colombia Instant Coffee. This full-bodied, 100% Arabica bean coffee delights the senses with its fruity and aromatic flavor PURE QUALITY - Crafted with 100% respectfully grown, high-quality coffee beans from around the world, creating a cup that\u2019s sustainably delicious EXCEPTIONAL TASTE\u2014This\u2026","rel":"","context":"Similar post","block_context":{"text":"Similar post","link":""},"img":{"alt_text":"","src":"","width":0,"height":0},"classes":[]},{"id":250314,"url":"https:\/\/menuculture.com\/recipeshop\/product\/nescafe-tasters-choice-decaf-house-blend-light-medium-roast-instant-coffee\/","url_meta":{"origin":249842,"position":1},"title":"NESCAFE Taster&#8217;s Choice, Decaf House Blend Light Medium Roast Instant Coffee","author":"","date":"May 4, 2025","format":false,"excerpt":"PREMIUM COFFEE\u2014Savor smooth, well-balanced flavor in an instant with the pure coffee taste of NESCAF\u00c9 Taster's Choice Decaf House Blend Light Medium Roast Instant Coffee EXCEPTIONAL TASTE\u2014Elevate the taste of the coffee in your cup in an instant with this full-bodied, light- to medium-roasted coffee that's full of flavor PURE\u2026","rel":"","context":"Similar post","block_context":{"text":"Similar post","link":""},"img":{"alt_text":"","src":"","width":0,"height":0},"classes":[]},{"id":250310,"url":"https:\/\/menuculture.com\/recipeshop\/product\/nescafe-tasters-choice-instant-coffee-light-medium-roast-decaf-house-blend-2-jars-7-oz-each\/","url_meta":{"origin":249842,"position":2},"title":"NESCAF\u00c9 Taster&#8217;s Choice Instant Coffee, Light Medium Roast, Decaf House Blend, 2 Jars (7 Oz Each)","author":"","date":"May 4, 2025","format":false,"excerpt":"PREMIUM INSTANT COFFEE: Savor smooth, well-balanced flavor with NESCAF\u00c9 Taster's Choice Decaf House Blend Instant Coffee. This light to medium roast coffee delivers smooth, inviting flavor in every cup\u2014includes two 7-ounce jars EXCEPTIONAL TASTE: NESCAF\u00c9 invites you to elevate the taste of the coffee in your cup with our bolder,\u2026","rel":"","context":"Similar post","block_context":{"text":"Similar post","link":""},"img":{"alt_text":"","src":"","width":0,"height":0},"classes":[]},{"id":246353,"url":"https:\/\/menuculture.com\/recipeshop\/product\/nescafe-clasico-dark-roast-instant-coffee\/","url_meta":{"origin":249842,"position":3},"title":"NESCAFE CLASICO Dark Roast Instant Coffee","author":"","date":"April 26, 2025","format":false,"excerpt":"PREMIUM INSTANT COFFEE: Savor rich and bold flavor in an instant with the pure coffee taste of NESCAF\u00c9 CL\u00c1SICO Dark Roast Instant Coffee EXCEPTIONAL TASTE: NESCAF\u00c9 invites you to elevate the taste of the coffee in your cup with our bolder, richer taste that's crafted to perfection PURE QUALITY: Crafted\u2026","rel":"","context":"Similar post","block_context":{"text":"Similar post","link":""},"img":{"alt_text":"","src":"","width":0,"height":0},"classes":[]},{"id":246344,"url":"https:\/\/menuculture.com\/recipeshop\/product\/nescafe-ice-roast-instant-iced-coffee-2-jars-6-oz-each\/","url_meta":{"origin":249842,"position":4},"title":"NESCAF\u00c9 Ice Roast, Instant Iced Coffee, 2 Jars (6 Oz Each)","author":"","date":"April 26, 2025","format":false,"excerpt":"EXCEPTIONAL TASTE: NESCAF\u00c9 Ice Roast delivers an uplifting, lightly roasted, smooth taste that refreshes and reinvigorates RESPONSIBLY SOURCED: At NESCAF\u00c9, we only use responsibly sourced beans to craft our 100% pure coffee READY IN AN INSTANT: Easily dissolves in cold water or milk\u2014simply add 1 teaspoon of NESCAF\u00c9 Ice Roast\u2026","rel":"","context":"Similar post","block_context":{"text":"Similar post","link":""},"img":{"alt_text":"","src":"","width":0,"height":0},"classes":[]},{"id":250309,"url":"https:\/\/menuculture.com\/recipeshop\/product\/nescafe-tasters-choice-instant-coffee-french-roast-5-count-pack-of-12\/","url_meta":{"origin":249842,"position":5},"title":"Nescafe Taster&#8217;s Choice Instant Coffee, French Roast 5 Count (Pack of 12)","author":"","date":"May 4, 2025","format":false,"excerpt":"PREMIUM FLAVOR\u2014Savor rich aroma and flavor with NESCAF\u00c9 Taster's Choice French Roast Instant Coffee. This full-bodied, dark-roasted coffee delivers intense flavor with smoky overtones. EXCEPTIONAL TASTE\u2014This dark roast coffee delivers rich, bold flavor to your cup in an instant, with quality you can taste in every sip PURE QUALITY\u2014Crafted with\u2026","rel":"","context":"Similar post","block_context":{"text":"Similar post","link":""},"img":{"alt_text":"","src":"","width":0,"height":0},"classes":[]}],"_links":{"self":[{"href":"https:\/\/menuculture.com\/recipeshop\/wp-json\/wp\/v2\/product\/249842","targetHints":{"allow":["GET"]}}],"collection":[{"href":"https:\/\/menuculture.com\/recipeshop\/wp-json\/wp\/v2\/product"}],"about":[{"href":"https:\/\/menuculture.com\/recipeshop\/wp-json\/wp\/v2\/types\/product"}],"replies":[{"embeddable":true,"href":"https:\/\/menuculture.com\/recipeshop\/wp-json\/wp\/v2\/comments?post=249842"}],"wp:featuredmedia":[{"embeddable":true,"href":"https:\/\/menuculture.com\/recipeshop\/wp-json\/wp\/v2\/product\/249842"}],"wp:attachment":[{"href":"https:\/\/menuculture.com\/recipeshop\/wp-json\/wp\/v2\/media?parent=249842"}],"wp:term":[{"taxonomy":"product_cat","embeddable":true,"href":"https:\/\/menuculture.com\/recipeshop\/wp-json\/wp\/v2\/product_cat?post=249842"},{"taxonomy":"product_tag","embeddable":true,"href":"https:\/\/menuculture.com\/recipeshop\/wp-json\/wp\/v2\/product_tag?post=249842"}],"curies":[{"name":"wp","href":"https:\/\/api.w.org\/{rel}","templated":true}]}}