{"id":249289,"date":"2025-05-01T06:01:19","date_gmt":"2025-05-01T10:01:19","guid":{"rendered":"https:\/\/menuculture.com\/recipeshop\/product\/kopiko-coffee-and-kopiko-cappuccino-candy-in-jar-variety-bundle-pack-of-2-800g-28-2oz-each\/"},"modified":"2025-05-01T06:01:20","modified_gmt":"2025-05-01T10:01:20","slug":"kopiko-coffee-and-kopiko-cappuccino-candy-in-jar-variety-bundle-pack-of-2-800g-28-2oz-each","status":"publish","type":"product","link":"https:\/\/menuculture.com\/recipeshop\/product\/kopiko-coffee-and-kopiko-cappuccino-candy-in-jar-variety-bundle-pack-of-2-800g-28-2oz-each\/","title":{"rendered":"Kopiko Coffee and Kopiko Cappuccino Candy in Jar Variety Bundle Pack of 2 (800g\/28.2oz each)"},"content":{"rendered":"<ul>\n<li>On-the-Go Energy Boost &#8211; Carry the rich taste of freshly brewed coffee in your pocket with candy. Made with the finest real coffee beans, a single hard coffee candy delivers a delightful coffee cup experience without the need to brew or stop at a cafe.<\/li>\n<\/ul>\n<ul>\n<li>True Coffee Essence &#8211; Coffee Hard Candy contains real coffee! This coffee flavored hard candy captures the authentic flavors and aromas of coffee beans cultivated in Volcanic Mountains. Sourced from volcanic soils, our caffeine candy promises the world-class fresh, rich taste of coffee in every piece.<\/li>\n<\/ul>\n<ul>\n<li>A Coffee Kick to Start the Day: We know how much you enjoy a delicious coffee cup in the morning. Experience it anytime, anywhere with Coffee Hard Candy. A pocket-sized caffeine shot to take with you whenever and wherever you need it!<\/li>\n<\/ul>\n<ul>\n<li>One Candy per Day: Enjoy a daily coffee treat with our Coffee Flavored Candy, easily carried for travel in planes, cars, and trains. A cost-effective choice, bringing daily value to coffee lovers!<\/li>\n<\/ul>\n<ul>\n<li>Globally Loved &#8211; The world&#8217;s best-selling coffee candies brand, delights billions across 100+ countries. Even in zero-gravity space, astronauts choose Candy Coffee for its rich taste, making it a stellar coffee companion.<\/li>\n<\/ul>\n","protected":false},"excerpt":{"rendered":"<p> [&#8230;]\n","protected":false},"featured_media":249289,"comment_status":"open","ping_status":"closed","template":"","meta":{"wprm-recipe-roundup-name":"","wprm-recipe-roundup-description":"","wpupg_custom_link":[],"wpupg_custom_link_behaviour":[],"wpupg_custom_link_nofollow":[],"wpupg_custom_image":[],"wpupg_custom_image_id":[],"advanced_seo_description":"","jetpack_seo_html_title":"","jetpack_seo_noindex":false,"jetpack_post_was_ever_published":false,"_daim_seo_power":"","_daim_enable_ail":"","_FSMCFIC_featured_image_caption":"","_FSMCFIC_featured_image_nocaption":"","_FSMCFIC_featured_image_hide":""},"product_cat":[134282,132726,134181],"product_tag":[],"class_list":{"0":"post-249289","1":"product","2":"type-product","3":"status-publish","4":"has-post-thumbnail","6":"product_brand-shopessential","7":"product_cat-candy-chocolate","8":"product_cat-grocery-gourmet-food","9":"product_cat-snacks-sweets","11":"first","12":"instock","13":"virtual","14":"purchasable","15":"product-type-simple"},"jetpack_sharing_enabled":true,"jetpack_likes_enabled":true,"jetpack-related-posts":[{"id":242769,"url":"https:\/\/menuculture.com\/recipeshop\/product\/100-hawaiian-kona-coffee-extra-fancy-whole-bean-1lb\/","url_meta":{"origin":249289,"position":0},"title":"100% Hawaiian Kona Coffee, Extra Fancy &#8211; Whole Bean &#8211; 1lb.","author":"","date":"April 23, 2025","format":false,"excerpt":"TASTE: Enjoy the smooth and rich flavor of Hawaiian Kona Coffee, known for its unique and complex taste profile. QUALITY: 100% pure, extra fancy Arabica beans, whole bean, medium roast and not a blend to ensure the highest quality of coffee. ORIGIN: Sourced directly from the Kona region in Hawaii,\u2026","rel":"","context":"Similar post","block_context":{"text":"Similar post","link":""},"img":{"alt_text":"","src":"","width":0,"height":0},"classes":[]},{"id":244987,"url":"https:\/\/menuculture.com\/recipeshop\/product\/lion-coffee-arabica-coffee-beans-light-roast-whole-bean-coffee-vanilla-macadamia-flavor-a-taste-of-aloha-24-ounce-bag\/","url_meta":{"origin":249289,"position":1},"title":"Lion Coffee, Arabica Coffee Beans, Light Roast Whole Bean Coffee, Vanilla Macadamia Flavor, A Taste of Aloha, 24 Ounce Bag","author":"","date":"April 25, 2025","format":false,"excerpt":"SMOOTH TROPICAL FLAVOR: Enjoy a rich, smooth taste with the blend of Vanilla bean and Macadamia nuts in each sip of this lightly roasted flavored coffee, using Arabica coffee beans whole PREMIUM ARABICA BEANS: Savor the excellence of coffee made from specially selected Arabica beans, roasted to capture the perfect\u2026","rel":"","context":"Similar post","block_context":{"text":"Similar post","link":""},"img":{"alt_text":"","src":"","width":0,"height":0},"classes":[]},{"id":240055,"url":"https:\/\/menuculture.com\/recipeshop\/product\/peets-coffee-caribou-vanilla-hazelnut-dreamstate-ground-coffee-11-oz\/","url_meta":{"origin":249289,"position":2},"title":"Peet&#8217;s Coffee Caribou Vanilla Hazelnut Dreamstate Ground Coffee, 11 Oz","author":"","date":"April 20, 2025","format":false,"excerpt":"BLENDS FOR ALL TASTE: Start the morning with our light breakfast blend, Daybreak, with a sweet caramel & nut finish. Take a break with flavorful Vanilla Hazelnut Dreamstate or Chocolate Wonder. Make the final mug of the day in our Caribou Blend in Decaf. COFFEE BREWS COMMUNITY: Drinking coffee is\u2026","rel":"","context":"With 5 comments","block_context":{"text":"With 5 comments","link":"https:\/\/menuculture.com\/recipeshop\/product\/peets-coffee-caribou-vanilla-hazelnut-dreamstate-ground-coffee-11-oz\/#comments"},"img":{"alt_text":"","src":"","width":0,"height":0},"classes":[]},{"id":246353,"url":"https:\/\/menuculture.com\/recipeshop\/product\/nescafe-clasico-dark-roast-instant-coffee\/","url_meta":{"origin":249289,"position":3},"title":"NESCAFE CLASICO Dark Roast Instant Coffee","author":"","date":"April 26, 2025","format":false,"excerpt":"PREMIUM INSTANT COFFEE: Savor rich and bold flavor in an instant with the pure coffee taste of NESCAF\u00c9 CL\u00c1SICO Dark Roast Instant Coffee EXCEPTIONAL TASTE: NESCAF\u00c9 invites you to elevate the taste of the coffee in your cup with our bolder, richer taste that's crafted to perfection PURE QUALITY: Crafted\u2026","rel":"","context":"Similar post","block_context":{"text":"Similar post","link":""},"img":{"alt_text":"","src":"","width":0,"height":0},"classes":[]},{"id":250309,"url":"https:\/\/menuculture.com\/recipeshop\/product\/nescafe-tasters-choice-instant-coffee-french-roast-5-count-pack-of-12\/","url_meta":{"origin":249289,"position":4},"title":"Nescafe Taster&#8217;s Choice Instant Coffee, French Roast 5 Count (Pack of 12)","author":"","date":"May 4, 2025","format":false,"excerpt":"PREMIUM FLAVOR\u2014Savor rich aroma and flavor with NESCAF\u00c9 Taster's Choice French Roast Instant Coffee. This full-bodied, dark-roasted coffee delivers intense flavor with smoky overtones. EXCEPTIONAL TASTE\u2014This dark roast coffee delivers rich, bold flavor to your cup in an instant, with quality you can taste in every sip PURE QUALITY\u2014Crafted with\u2026","rel":"","context":"Similar post","block_context":{"text":"Similar post","link":""},"img":{"alt_text":"","src":"","width":0,"height":0},"classes":[]},{"id":239013,"url":"https:\/\/menuculture.com\/recipeshop\/product\/asiatic-dishes-korean-snack-box-24-count-variety-pack-with-cookies-crackers-coffee-mix-and-candy-gift-care-package-for-adults-kids-and-college-students\/","url_meta":{"origin":249289,"position":5},"title":"Asiatic Dishes Korean Snack Box \u2013 24 Count Variety Pack with Cookies, Crackers, Coffee Mix, and Candy \u2013 Gift Care Package for Adults, Kids, and College Students","author":"","date":"April 20, 2025","format":false,"excerpt":"Korean Snack Assortment \u2013 24 Individually Wrapped Treats in a Gift-Ready Box. This variety pack includes 24 Korean snacks such as tteokbokki, cookies, crackers, and candy. Each item is individually wrapped for convenience and curated to showcase a range of popular flavors from Korea. Giftable Snack Box \u2013 Great for\u2026","rel":"","context":"Similar post","block_context":{"text":"Similar post","link":""},"img":{"alt_text":"","src":"","width":0,"height":0},"classes":[]}],"_links":{"self":[{"href":"https:\/\/menuculture.com\/recipeshop\/wp-json\/wp\/v2\/product\/249289","targetHints":{"allow":["GET"]}}],"collection":[{"href":"https:\/\/menuculture.com\/recipeshop\/wp-json\/wp\/v2\/product"}],"about":[{"href":"https:\/\/menuculture.com\/recipeshop\/wp-json\/wp\/v2\/types\/product"}],"replies":[{"embeddable":true,"href":"https:\/\/menuculture.com\/recipeshop\/wp-json\/wp\/v2\/comments?post=249289"}],"wp:featuredmedia":[{"embeddable":true,"href":"https:\/\/menuculture.com\/recipeshop\/wp-json\/wp\/v2\/product\/249289"}],"wp:attachment":[{"href":"https:\/\/menuculture.com\/recipeshop\/wp-json\/wp\/v2\/media?parent=249289"}],"wp:term":[{"taxonomy":"product_cat","embeddable":true,"href":"https:\/\/menuculture.com\/recipeshop\/wp-json\/wp\/v2\/product_cat?post=249289"},{"taxonomy":"product_tag","embeddable":true,"href":"https:\/\/menuculture.com\/recipeshop\/wp-json\/wp\/v2\/product_tag?post=249289"}],"curies":[{"name":"wp","href":"https:\/\/api.w.org\/{rel}","templated":true}]}}