{"id":249129,"date":"2025-04-30T09:13:20","date_gmt":"2025-04-30T13:13:20","guid":{"rendered":"https:\/\/menuculture.com\/recipeshop\/product\/secret-aardvark-hot-sauce-variety-pack-smokey-chipotle-reaper-red-scorpion-serrabanero-habanero-hot-sauce-low-carb-hot-sauce-marinade-gift-set-8-fl-oz-5-pack\/"},"modified":"2025-08-12T19:28:56","modified_gmt":"2025-08-12T23:28:56","slug":"secret-aardvark-hot-sauce-variety-pack-smokey-chipotle-reaper-red-scorpion-serrabanero-habanero-hot-sauce-low-carb-hot-sauce-marinade-gift-set-8-fl-oz-5-pack","status":"publish","type":"product","link":"https:\/\/menuculture.com\/recipeshop\/product\/secret-aardvark-hot-sauce-variety-pack-smokey-chipotle-reaper-red-scorpion-serrabanero-habanero-hot-sauce-low-carb-hot-sauce-marinade-gift-set-8-fl-oz-5-pack\/","title":{"rendered":"Secret Aardvark Hot Sauce Variety Pack &#8211; Smokey Chipotle, Reaper, Red Scorpion, Serrabanero, &#038; Habanero Hot Sauce, Low Carb, Hot Sauce &#038; Marinade Gift Set &#8211; 8 fl oz 5 Pack"},"content":{"rendered":"<ul>\n<li>A HOT SAUCE FOR FLAVOR ENTHUSIASTS &#8211; Secret Aardvark Hot Sauces are an alternative to traditional BBQ sauces. Smoky, spicy or sweet our hot sauce gift sets work great as a marinade and everyday use<\/li>\n<\/ul>\n<ul>\n<li>HOTTEST HOT SAUCE &#8211; Our Red Scorpion Hot Sauce seriously brings the heat. Too intense? Try our chipotle hot sauce, it&#8217;s smoky flavor amps any dish and can be used on everything! Enjoy!<\/li>\n<\/ul>\n<ul>\n<li>MADE IN THE USA &#8211; Our hot sauces and marinades are non-GMO, plant based, dairy free, and made in the USA. Thoughtful ingredients that take your meals to the next level<\/li>\n<\/ul>\n<ul>\n<li>USE ON ANYTHING &#8211; Our Hot Sauce Bottles add something special to dang near anything and are perfect for experienced or novice chefs. Spice up old favorites or try out one of our delicious recipes<\/li>\n<\/ul>\n<ul>\n<li>SLINGN&#8217; SAUCE SINCE 2004 &#8211; We&#8217;re not a one-note sauce. Our collection of Secret Aardvark Hot Sauces has pushed flavor boundaries, giving you high-quality sauces and marinades you can use time &#038; again<\/li>\n<\/ul>\n","protected":false},"excerpt":{"rendered":"<p> [&#8230;]\n","protected":false},"featured_media":249129,"comment_status":"open","ping_status":"closed","template":"","meta":{"wprm-recipe-roundup-name":"","wprm-recipe-roundup-description":"","wpupg_custom_link":[],"wpupg_custom_link_behaviour":[],"wpupg_custom_link_nofollow":[],"wpupg_custom_image":[],"wpupg_custom_image_id":[],"advanced_seo_description":"","jetpack_seo_html_title":"","jetpack_seo_noindex":false,"jetpack_post_was_ever_published":false,"_daim_seo_power":"","_daim_enable_ail":"","_FSMCFIC_featured_image_caption":"","_FSMCFIC_featured_image_nocaption":"","_FSMCFIC_featured_image_hide":""},"product_cat":[132726,132727,132771],"product_tag":[],"class_list":{"0":"post-249129","1":"product","2":"type-product","3":"status-publish","4":"has-post-thumbnail","6":"product_brand-secret-aardvark","7":"product_cat-grocery-gourmet-food","8":"product_cat-pantry-staples","9":"product_cat-sauces-gravies-marinades","11":"first","12":"instock","13":"virtual","14":"purchasable","15":"product-type-simple"},"jetpack_sharing_enabled":true,"jetpack_likes_enabled":true,"jetpack-related-posts":[{"id":249128,"url":"https:\/\/menuculture.com\/recipeshop\/product\/secret-aardvark-habanero-hot-sauce-habanero-peppers-roasted-tomatoes-medium-spiced-hot-sauce-bbq-sauce-non-gmo-low-sugar-low-carb-hot-sauce-marinade-8-fl-oz-1-pack\/","url_meta":{"origin":249129,"position":0},"title":"Secret Aardvark Habanero Hot Sauce &#8211; Habanero Peppers &#038; Roasted Tomatoes, Medium Spiced Hot Sauce, BBQ Sauce, Non-GMO, Low Sugar, Low Carb, Hot Sauce &#038; Marinade &#8211; 8 fl oz 1 Pack","author":"","date":"April 30, 2025","format":false,"excerpt":"A HOT SAUCE FOR FLAVOR ENTHUSIASTS - Secret Aardvark Habanero sauce is a unique Caribbean\/Tex-Mex sauce made with flavorful habanero peppers and roasted tomatoes - works great as a sauce and marinade MEDIUM SPICED HOT SAUCE - Our original hot sauce was featured on Hot Ones Season 4 because of\u2026","rel":"","context":"Similar post","block_context":{"text":"Similar post","link":""},"img":{"alt_text":"","src":"","width":0,"height":0},"classes":[]},{"id":249112,"url":"https:\/\/menuculture.com\/recipeshop\/product\/secret-aardvark-drunken-jerk-hot-sauce-jamaican-jerk-sauce-and-marinade-made-with-jamaican-jerk-seasoning-soy-sauce-habanero-peppers-non-gmo-low-carb-spicy-bbq-sauce-8-fl-oz-1-pack\/","url_meta":{"origin":249129,"position":1},"title":"Secret Aardvark Drunken Jerk Hot Sauce &#8211; Jamaican Jerk Sauce and Marinade, Made with Jamaican Jerk Seasoning, Soy Sauce, &#038; Habanero Peppers, Non-GMO, Low Carb, Spicy BBQ Sauce &#8211; 8 fl oz 1 Pack","author":"","date":"April 30, 2025","format":false,"excerpt":"A HOT SAUCE FOR FLAVOR ENTHUSIASTS - Secret Aardvark Jerk Sauce is an alternative to traditional BBQ sauces. A mouth-blasting blend of thyme, allspice, habanero, garlic and a splash of dark island rum MEDIUM SPICED JAMAICAN JERK MARINADE - A delicious way to kickstart a variety of dishes including jerk\u2026","rel":"","context":"Similar post","block_context":{"text":"Similar post","link":""},"img":{"alt_text":"","src":"","width":0,"height":0},"classes":[]},{"id":249122,"url":"https:\/\/menuculture.com\/recipeshop\/product\/secret-aardvark-hot-sauce-variety-pack-non-gmo-hot-sauces-marinades-gluten-free-mild-to-spicy-hot-sauce-set\/","url_meta":{"origin":249129,"position":2},"title":"Secret Aardvark Hot Sauce Variety Pack | Non-GMO Hot Sauces &#038; Marinades, Gluten-Free, Mild to Spicy Hot Sauce Set","author":"","date":"April 30, 2025","format":false,"excerpt":"No detailed information available for this product.","rel":"","context":"Similar post","block_context":{"text":"Similar post","link":""},"img":{"alt_text":"","src":"","width":0,"height":0},"classes":[]},{"id":237913,"url":"https:\/\/menuculture.com\/recipeshop\/product\/secret-aardvark-habanero-hot-sauce\/","url_meta":{"origin":249129,"position":3},"title":"Secret Aardvark Habanero Hot Sauce","author":"","date":"April 7, 2025","format":false,"excerpt":"No detailed information available for this product.","rel":"","context":"With 5 comments","block_context":{"text":"With 5 comments","link":"https:\/\/menuculture.com\/recipeshop\/product\/secret-aardvark-habanero-hot-sauce\/#comments"},"img":{"alt_text":"","src":"","width":0,"height":0},"classes":[]},{"id":245823,"url":"https:\/\/menuculture.com\/recipeshop\/product\/kaatil-hot-sauce-mob-combo-3-pack-medium-super-hot-sauce-variety-pack-made-with-authentic-indian-chillies-bhoot-jolokia-works-as-a-dip-spread-marinade-saute-gift-set-no-artificial-h\/","url_meta":{"origin":249129,"position":4},"title":"Kaatil Hot Sauce Mob Combo (3 Pack) | Medium &#038; Super Hot Sauce Variety Pack | Made with Authentic Indian Chillies | Bhoot Jolokia | Works as a Dip, Spread, Marinade, Saute | Gift Set | No Artificial Heat","author":"","date":"April 26, 2025","format":false,"excerpt":"Medium & Super Hot Hot sauces: With the Medium Hot Sauce No.4, Medium-High Hot Sauce No.7 & Super Hot Hot Sauce No.9, this is the perfect combo for those who enjoy moderate to super spicy\/hot food Heat for everyone: As per our number naming system - Higher the Number, Hotter\u2026","rel":"","context":"Similar post","block_context":{"text":"Similar post","link":""},"img":{"alt_text":"","src":"","width":0,"height":0},"classes":[]},{"id":237806,"url":"https:\/\/menuculture.com\/recipeshop\/product\/cholula-hot-sauce-variety-pack-product-of-mexico-gift-set-includes-six-5-fl-oz-signature-cholula-hot-sauces-for-eggs-pizza-mexican-dishes-and-more-30-fl-oz\/","url_meta":{"origin":249129,"position":5},"title":"Cholula Hot Sauce Variety Pack, Product of Mexico, Gift Set Includes Six 5 Fl Oz Signature Cholula Hot Sauces for Eggs, Pizza, Mexican Dishes, and More, 30 fl oz","author":"","date":"April 7, 2025","format":false,"excerpt":"SIGNATURE INGREDIENTS: Crafted with premium Mexican chili peppers like \u00e1rbol, piqu\u00edn, chipotle, habanero, and jalape\u00f1o, and an array of regional Mexican spices to bring you complex flavors and balanced heat in every bite; inspired by our generations-old recipe for Cholula Original Hot Sauce. GIFTABLE: Variety pack includes six different (5\u2026","rel":"","context":"With 5 comments","block_context":{"text":"With 5 comments","link":"https:\/\/menuculture.com\/recipeshop\/product\/cholula-hot-sauce-variety-pack-product-of-mexico-gift-set-includes-six-5-fl-oz-signature-cholula-hot-sauces-for-eggs-pizza-mexican-dishes-and-more-30-fl-oz\/#comments"},"img":{"alt_text":"","src":"","width":0,"height":0},"classes":[]}],"_links":{"self":[{"href":"https:\/\/menuculture.com\/recipeshop\/wp-json\/wp\/v2\/product\/249129","targetHints":{"allow":["GET"]}}],"collection":[{"href":"https:\/\/menuculture.com\/recipeshop\/wp-json\/wp\/v2\/product"}],"about":[{"href":"https:\/\/menuculture.com\/recipeshop\/wp-json\/wp\/v2\/types\/product"}],"replies":[{"embeddable":true,"href":"https:\/\/menuculture.com\/recipeshop\/wp-json\/wp\/v2\/comments?post=249129"}],"wp:featuredmedia":[{"embeddable":true,"href":"https:\/\/menuculture.com\/recipeshop\/wp-json\/wp\/v2\/product\/249129"}],"wp:attachment":[{"href":"https:\/\/menuculture.com\/recipeshop\/wp-json\/wp\/v2\/media?parent=249129"}],"wp:term":[{"taxonomy":"product_cat","embeddable":true,"href":"https:\/\/menuculture.com\/recipeshop\/wp-json\/wp\/v2\/product_cat?post=249129"},{"taxonomy":"product_tag","embeddable":true,"href":"https:\/\/menuculture.com\/recipeshop\/wp-json\/wp\/v2\/product_tag?post=249129"}],"curies":[{"name":"wp","href":"https:\/\/api.w.org\/{rel}","templated":true}]}}