{"id":248104,"date":"2025-04-28T05:24:36","date_gmt":"2025-04-28T09:24:36","guid":{"rendered":"https:\/\/menuculture.com\/recipeshop\/product\/glass-noodle-bean-vermicelli-with-mung-bean-100-wt-40g-1-41-oz-x-6-bags\/"},"modified":"2025-08-12T14:29:01","modified_gmt":"2025-08-12T18:29:01","slug":"glass-noodle-bean-vermicelli-with-mung-bean-100-wt-40g-1-41-oz-x-6-bags","status":"publish","type":"product","link":"https:\/\/menuculture.com\/recipeshop\/product\/glass-noodle-bean-vermicelli-with-mung-bean-100-wt-40g-1-41-oz-x-6-bags\/","title":{"rendered":"Glass Noodle Bean Vermicelli with Mung Bean 100% Wt 40g (1.41 Oz) X 6 Bags"},"content":{"rendered":"<p>No detailed information available for this product.<\/p>\n","protected":false},"excerpt":{"rendered":"<p> [&#8230;]\n","protected":false},"featured_media":248104,"comment_status":"open","ping_status":"closed","template":"","meta":{"wprm-recipe-roundup-name":"","wprm-recipe-roundup-description":"","wpupg_custom_link":[],"wpupg_custom_link_behaviour":[],"wpupg_custom_link_nofollow":[],"wpupg_custom_image":[],"wpupg_custom_image_id":[],"advanced_seo_description":"","jetpack_seo_html_title":"","jetpack_seo_noindex":false,"jetpack_post_was_ever_published":false,"_daim_seo_power":"","_daim_enable_ail":"","_FSMCFIC_featured_image_caption":"","_FSMCFIC_featured_image_nocaption":"","_FSMCFIC_featured_image_hide":""},"product_cat":[132726,132727,136003],"product_tag":[],"class_list":{"0":"post-248104","1":"product","2":"type-product","3":"status-publish","4":"has-post-thumbnail","6":"product_brand-ponlee","7":"product_cat-grocery-gourmet-food","8":"product_cat-pantry-staples","9":"product_cat-pasta-noodles","11":"first","12":"instock","13":"virtual","14":"purchasable","15":"product-type-simple"},"jetpack_sharing_enabled":true,"jetpack_likes_enabled":true,"jetpack-related-posts":[{"id":241178,"url":"https:\/\/menuculture.com\/recipeshop\/product\/door-county-coffee-10-oz-bags-whole-bean\/","url_meta":{"origin":248104,"position":0},"title":"Door County Coffee 10 oz Bags &#8211; Whole Bean\u2026","author":"","date":"April 21, 2025","format":false,"excerpt":"No detailed information available for this product.","rel":"","context":"Similar post","block_context":{"text":"Similar post","link":""},"img":{"alt_text":"","src":"","width":0,"height":0},"classes":[]},{"id":245594,"url":"https:\/\/menuculture.com\/recipeshop\/product\/14oz-mung-bean-vermicelli-mung-bean-sheet-noodles-also-known-as-%e7%b2%89%e4%b8%9d-%e7%b2%89%e7%b5%b2-%e0%b8%a7%e0%b8%b8%e0%b9%89%e0%b8%99%e0%b9%80%e0%b8%aa%e0%b9%89%e0%b8%99-mien-bun\/","url_meta":{"origin":248104,"position":1},"title":"14oz MUNG BEAN VERMICELLI (mung bean sheet noodles), also known as \u7c89\u4e1d, \u7c89\u7d72, \u0e27\u0e38\u0e49\u0e19\u0e40\u0e2a\u0e49\u0e19, Mi\u1ebfn, B\u00fan, \ub2f9\uba74, \u6625\u96e8, Sotanghon, Soun, Bihun kaca, \u101e\u1036\u1015\u101b\u102c\u101b\u103d\u103e\u1032, and \u179f\u17c6\u1794\u17bb\u1780\u1783\u17d2\u1798\u17bb\u17c6, is a versatile ingredient used in dishes such as F\u011bn S\u012b T\u0101ng (\u7c89\u4e1d\u6c64), Yen Ta Fo (\u0e27\u0e38\u0e49\u0e19\u0e40\u0e2a\u0e49\u0e19), Sotanghon Soup, Pad Woon Sen (\u0e1c\u0e31\u0e14\u0e27\u0e38\u0e49\u0e19\u0e40\u0e2a\u0e49\u0e19), Japchae (\uc7a1\ucc44), and D\u00f2u F\u01d4 F\u011bn S\u012b (\u8c46\u8150\u7c89\u4e1d).","author":"","date":"April 26, 2025","format":false,"excerpt":"Stir-Fried Mung Bean Sheets with Vegetables & Meat \u2013 The noodles are cut into strips and stir-fried with garlic, soy sauce, vegetables (like carrots, bell peppers, and bok choy), and proteins like chicken, beef, or tofu. Quick and easy\u2014simply soak for 3 minutes and boil for 3 to 5 minutes\u2026","rel":"","context":"Similar post","block_context":{"text":"Similar post","link":""},"img":{"alt_text":"","src":"","width":0,"height":0},"classes":[]},{"id":251372,"url":"https:\/\/menuculture.com\/recipeshop\/product\/mung-bean-starch-flour-500g\/","url_meta":{"origin":248104,"position":2},"title":"Mung Bean Starch (Flour) 500g.","author":"","date":"May 7, 2025","format":false,"excerpt":"No detailed information available for this product.","rel":"","context":"Similar post","block_context":{"text":"Similar post","link":""},"img":{"alt_text":"","src":"","width":0,"height":0},"classes":[]},{"id":251364,"url":"https:\/\/menuculture.com\/recipeshop\/product\/anthonys-organic-yellow-mung-bean\/","url_meta":{"origin":248104,"position":3},"title":"Anthony&#8217;s Organic Yellow Mung Bean","author":"","date":"May 7, 2025","format":false,"excerpt":"No detailed information available for this product.","rel":"","context":"Similar post","block_context":{"text":"Similar post","link":""},"img":{"alt_text":"","src":"","width":0,"height":0},"classes":[]},{"id":251366,"url":"https:\/\/menuculture.com\/recipeshop\/product\/mung-bean-powder-green-peas-powder-mung-bean-flour-starch-by-yi-feng-7-oz-1-pack\/","url_meta":{"origin":248104,"position":4},"title":"Mung Bean Powder, Green Peas Powder, Mung Bean Flour (Starch) by Yi Feng 7 Oz (1 pack)","author":"","date":"May 7, 2025","format":false,"excerpt":"100% Mung Bean Powder No Artificial Colors, No Flavors & No Preservatives Mung beans in dried powder form, as whole uncooked beans Vegan Product of Taiwan","rel":"","context":"Similar post","block_context":{"text":"Similar post","link":""},"img":{"alt_text":"","src":"","width":0,"height":0},"classes":[]},{"id":251367,"url":"https:\/\/menuculture.com\/recipeshop\/product\/mung-bean-powder-made-from-100-vigna-radiata-pure-green-gram-natural-moong-bean-powder-net-weight-1-76oz-50g\/","url_meta":{"origin":248104,"position":5},"title":"Mung Bean Powder, Made From 100% Vigna Radiata &#8211; Pure Green Gram, Natural Moong Bean Powder &#8211; Net Weight: 1.76oz\/50g","author":"","date":"May 7, 2025","format":false,"excerpt":"Ingredients: 100% Mung bean (Ground Vigna radiata) Origin: Thailand Mung bean powder, derived from ground mung beans, is a versatile ingredient with various culinary uses. Mung bean powder can be used as a natural thickening agent in soups, stews, sauces, and gravies. Simply whisk it into the liquid while cooking\u2026","rel":"","context":"Similar post","block_context":{"text":"Similar post","link":""},"img":{"alt_text":"","src":"","width":0,"height":0},"classes":[]}],"_links":{"self":[{"href":"https:\/\/menuculture.com\/recipeshop\/wp-json\/wp\/v2\/product\/248104","targetHints":{"allow":["GET"]}}],"collection":[{"href":"https:\/\/menuculture.com\/recipeshop\/wp-json\/wp\/v2\/product"}],"about":[{"href":"https:\/\/menuculture.com\/recipeshop\/wp-json\/wp\/v2\/types\/product"}],"replies":[{"embeddable":true,"href":"https:\/\/menuculture.com\/recipeshop\/wp-json\/wp\/v2\/comments?post=248104"}],"wp:featuredmedia":[{"embeddable":true,"href":"https:\/\/menuculture.com\/recipeshop\/wp-json\/wp\/v2\/product\/248104"}],"wp:attachment":[{"href":"https:\/\/menuculture.com\/recipeshop\/wp-json\/wp\/v2\/media?parent=248104"}],"wp:term":[{"taxonomy":"product_cat","embeddable":true,"href":"https:\/\/menuculture.com\/recipeshop\/wp-json\/wp\/v2\/product_cat?post=248104"},{"taxonomy":"product_tag","embeddable":true,"href":"https:\/\/menuculture.com\/recipeshop\/wp-json\/wp\/v2\/product_tag?post=248104"}],"curies":[{"name":"wp","href":"https:\/\/api.w.org\/{rel}","templated":true}]}}