{"id":246345,"date":"2025-04-26T21:48:32","date_gmt":"2025-04-27T01:48:32","guid":{"rendered":"https:\/\/menuculture.com\/recipeshop\/product\/nescafe-clasico-colombia-medium-roast-instant-coffee-6-oz-jar\/"},"modified":"2025-08-12T06:22:16","modified_gmt":"2025-08-12T10:22:16","slug":"nescafe-clasico-colombia-medium-roast-instant-coffee-6-oz-jar","status":"publish","type":"product","link":"https:\/\/menuculture.com\/recipeshop\/product\/nescafe-clasico-colombia-medium-roast-instant-coffee-6-oz-jar\/","title":{"rendered":"NESCAF\u00c9 CL\u00c1SICO Colombia, Medium Roast Instant Coffee, 6 oz. Jar"},"content":{"rendered":"<ul>\n<li>PREMIUM FLAVOR\u2014Savor rich aroma and flavor with NESCAF\u00c9 CL\u00c1SICO Colombia Instant Coffee. This full-bodied, 100% Arabica bean coffee delights the senses with its fruity and aromatic flavor<\/li>\n<\/ul>\n<ul>\n<li>PURE QUALITY &#8211; Crafted with 100% respectfully grown, high-quality coffee beans from around the world, creating a cup that\u2019s sustainably delicious<\/li>\n<\/ul>\n<ul>\n<li>EXCEPTIONAL TASTE\u2014This medium roast blends perfectly with milk or creamer for a rich and smooth taste that elevates every sip<\/li>\n<\/ul>\n<ul>\n<li>EASY TO PREPARE\u2014It&#8217;s never been easier to get a perfect cup of coffee. Simply scoop 1 teaspoon, add hot water, then stir and enjoy.<\/li>\n<\/ul>\n<ul>\n<li>SERVING SIZE\u2014Scoop your way up to 85 cups of real, fresh instant coffee<\/li>\n<\/ul>\n","protected":false},"excerpt":{"rendered":"<p> [&#8230;]\n","protected":false},"featured_media":246345,"comment_status":"open","ping_status":"closed","template":"","meta":{"wprm-recipe-roundup-name":"","wprm-recipe-roundup-description":"","wpupg_custom_link":[],"wpupg_custom_link_behaviour":[],"wpupg_custom_link_nofollow":[],"wpupg_custom_image":[],"wpupg_custom_image_id":[],"advanced_seo_description":"","jetpack_seo_html_title":"","jetpack_seo_noindex":false,"jetpack_post_was_ever_published":false,"_daim_seo_power":"","_daim_enable_ail":"","_FSMCFIC_featured_image_caption":"","_FSMCFIC_featured_image_nocaption":"","_FSMCFIC_featured_image_hide":"","_predictive_search_focuskw":"","_ps_exclude_item":""},"product_cat":[129093,135811,132726],"product_tag":[],"class_list":{"0":"post-246345","1":"product","2":"type-product","3":"status-publish","4":"has-post-thumbnail","6":"product_brand-nescafe","7":"product_cat-beverages","8":"product_cat-coffee","9":"product_cat-grocery-gourmet-food","11":"first","12":"instock","13":"virtual","14":"purchasable","15":"product-type-simple"},"jetpack_sharing_enabled":true,"jetpack_likes_enabled":true,"jetpack-related-posts":[{"id":246352,"url":"https:\/\/menuculture.com\/recipeshop\/product\/nescafe-clasico-dark-roast-instant-coffee-10-5-oz-jar-pack-of-2\/","url_meta":{"origin":246345,"position":0},"title":"NESCAFE CLASICO Dark Roast Instant Coffee 10.5 oz. Jar (Pack of 2)","author":"","date":"April 26, 2025","format":false,"excerpt":"The below information is per pack only PREMIUM FLAVOR\u2014Savor rich aroma and flavor with NESCAF\u00c9 CL\u00c1SICO Dark Roast Instant Coffee. This full-bodied, dark-roast instant coffee comes in a 10.5-ounce jar. PURE QUALITY\u2014Made with 100% real coffee from responsibly sourced coffee beans EXCEPTIONAL TASTE\u2014Sip your way through a rich, bold, and\u2026","rel":"","context":"With 5 comments","block_context":{"text":"With 5 comments","link":"https:\/\/menuculture.com\/recipeshop\/product\/nescafe-clasico-dark-roast-instant-coffee-10-5-oz-jar-pack-of-2\/#comments"},"img":{"alt_text":"","src":"","width":0,"height":0},"classes":[]},{"id":246353,"url":"https:\/\/menuculture.com\/recipeshop\/product\/nescafe-clasico-dark-roast-instant-coffee\/","url_meta":{"origin":246345,"position":1},"title":"NESCAFE CLASICO Dark Roast Instant Coffee","author":"","date":"April 26, 2025","format":false,"excerpt":"PREMIUM INSTANT COFFEE: Savor rich and bold flavor in an instant with the pure coffee taste of NESCAF\u00c9 CL\u00c1SICO Dark Roast Instant Coffee EXCEPTIONAL TASTE: NESCAF\u00c9 invites you to elevate the taste of the coffee in your cup with our bolder, richer taste that's crafted to perfection PURE QUALITY: Crafted\u2026","rel":"","context":"Similar post","block_context":{"text":"Similar post","link":""},"img":{"alt_text":"","src":"","width":0,"height":0},"classes":[]},{"id":250310,"url":"https:\/\/menuculture.com\/recipeshop\/product\/nescafe-tasters-choice-instant-coffee-light-medium-roast-decaf-house-blend-2-jars-7-oz-each\/","url_meta":{"origin":246345,"position":2},"title":"NESCAF\u00c9 Taster&#8217;s Choice Instant Coffee, Light Medium Roast, Decaf House Blend, 2 Jars (7 Oz Each)","author":"","date":"May 4, 2025","format":false,"excerpt":"PREMIUM INSTANT COFFEE: Savor smooth, well-balanced flavor with NESCAF\u00c9 Taster's Choice Decaf House Blend Instant Coffee. This light to medium roast coffee delivers smooth, inviting flavor in every cup\u2014includes two 7-ounce jars EXCEPTIONAL TASTE: NESCAF\u00c9 invites you to elevate the taste of the coffee in your cup with our bolder,\u2026","rel":"","context":"Similar post","block_context":{"text":"Similar post","link":""},"img":{"alt_text":"","src":"","width":0,"height":0},"classes":[]},{"id":246343,"url":"https:\/\/menuculture.com\/recipeshop\/product\/nescafe-tasters-choice-instant-coffee-dark-roast-coffee-french-roast-2-jars-7-oz-each\/","url_meta":{"origin":246345,"position":3},"title":"NESCAF\u00c9 Taster&#8217;s Choice Instant Coffee, Dark Roast Coffee, French Roast, 2 Jars (7 Oz Each)","author":"","date":"April 26, 2025","format":false,"excerpt":"PREMIUM INSTANT COFFEE: Savor complex and bold flavor with smoky overtones in an instant with the pure coffee taste of NESCAF\u00c9 Taster's Choice French Roast Instant Coffee EXCEPTIONAL TASTE: NESCAF\u00c9 invites you to elevate the taste of the coffee in your cup with this bold, dark-roasted coffee that's crafted to\u2026","rel":"","context":"With 4 comments","block_context":{"text":"With 4 comments","link":"https:\/\/menuculture.com\/recipeshop\/product\/nescafe-tasters-choice-instant-coffee-dark-roast-coffee-french-roast-2-jars-7-oz-each\/#comments"},"img":{"alt_text":"","src":"","width":0,"height":0},"classes":[]},{"id":250314,"url":"https:\/\/menuculture.com\/recipeshop\/product\/nescafe-tasters-choice-decaf-house-blend-light-medium-roast-instant-coffee\/","url_meta":{"origin":246345,"position":4},"title":"NESCAFE Taster&#8217;s Choice, Decaf House Blend Light Medium Roast Instant Coffee","author":"","date":"May 4, 2025","format":false,"excerpt":"PREMIUM COFFEE\u2014Savor smooth, well-balanced flavor in an instant with the pure coffee taste of NESCAF\u00c9 Taster's Choice Decaf House Blend Light Medium Roast Instant Coffee EXCEPTIONAL TASTE\u2014Elevate the taste of the coffee in your cup in an instant with this full-bodied, light- to medium-roasted coffee that's full of flavor PURE\u2026","rel":"","context":"Similar post","block_context":{"text":"Similar post","link":""},"img":{"alt_text":"","src":"","width":0,"height":0},"classes":[]},{"id":250309,"url":"https:\/\/menuculture.com\/recipeshop\/product\/nescafe-tasters-choice-instant-coffee-french-roast-5-count-pack-of-12\/","url_meta":{"origin":246345,"position":5},"title":"Nescafe Taster&#8217;s Choice Instant Coffee, French Roast 5 Count (Pack of 12)","author":"","date":"May 4, 2025","format":false,"excerpt":"PREMIUM FLAVOR\u2014Savor rich aroma and flavor with NESCAF\u00c9 Taster's Choice French Roast Instant Coffee. This full-bodied, dark-roasted coffee delivers intense flavor with smoky overtones. EXCEPTIONAL TASTE\u2014This dark roast coffee delivers rich, bold flavor to your cup in an instant, with quality you can taste in every sip PURE QUALITY\u2014Crafted with\u2026","rel":"","context":"Similar post","block_context":{"text":"Similar post","link":""},"img":{"alt_text":"","src":"","width":0,"height":0},"classes":[]}],"_links":{"self":[{"href":"https:\/\/menuculture.com\/recipeshop\/wp-json\/wp\/v2\/product\/246345","targetHints":{"allow":["GET"]}}],"collection":[{"href":"https:\/\/menuculture.com\/recipeshop\/wp-json\/wp\/v2\/product"}],"about":[{"href":"https:\/\/menuculture.com\/recipeshop\/wp-json\/wp\/v2\/types\/product"}],"replies":[{"embeddable":true,"href":"https:\/\/menuculture.com\/recipeshop\/wp-json\/wp\/v2\/comments?post=246345"}],"wp:featuredmedia":[{"embeddable":true,"href":"https:\/\/menuculture.com\/recipeshop\/wp-json\/wp\/v2\/product\/246345"}],"wp:attachment":[{"href":"https:\/\/menuculture.com\/recipeshop\/wp-json\/wp\/v2\/media?parent=246345"}],"wp:term":[{"taxonomy":"product_cat","embeddable":true,"href":"https:\/\/menuculture.com\/recipeshop\/wp-json\/wp\/v2\/product_cat?post=246345"},{"taxonomy":"product_tag","embeddable":true,"href":"https:\/\/menuculture.com\/recipeshop\/wp-json\/wp\/v2\/product_tag?post=246345"}],"curies":[{"name":"wp","href":"https:\/\/api.w.org\/{rel}","templated":true}]}}