{"id":246053,"date":"2025-04-26T19:21:36","date_gmt":"2025-04-26T23:21:36","guid":{"rendered":"https:\/\/menuculture.com\/recipeshop\/product\/parent-sauces-flavors-sizes\/"},"modified":"2025-08-12T04:42:48","modified_gmt":"2025-08-12T08:42:48","slug":"parent-sauces-flavors-sizes","status":"publish","type":"product","link":"https:\/\/menuculture.com\/recipeshop\/product\/parent-sauces-flavors-sizes\/","title":{"rendered":"Parent Sauces flavors &#038; sizes"},"content":{"rendered":"<ul>\n<li>Gallon 14 fl oz &#038; 32 fl oz<\/li>\n<\/ul>\n","protected":false},"excerpt":{"rendered":"<p> [&#8230;]\n","protected":false},"featured_media":246053,"comment_status":"open","ping_status":"closed","template":"","meta":{"wprm-recipe-roundup-name":"","wprm-recipe-roundup-description":"","wpupg_custom_link":[],"wpupg_custom_link_behaviour":[],"wpupg_custom_link_nofollow":[],"wpupg_custom_image":[],"wpupg_custom_image_id":[],"advanced_seo_description":"","jetpack_seo_html_title":"","jetpack_seo_noindex":false,"jetpack_post_was_ever_published":false,"_daim_seo_power":"","_daim_enable_ail":"","_FSMCFIC_featured_image_caption":"","_FSMCFIC_featured_image_nocaption":"","_FSMCFIC_featured_image_hide":"","_predictive_search_focuskw":"","_ps_exclude_item":""},"product_cat":[132726,132727,132771],"product_tag":[],"class_list":{"0":"post-246053","1":"product","2":"type-product","3":"status-publish","4":"has-post-thumbnail","6":"product_brand-mr-wings","7":"product_cat-grocery-gourmet-food","8":"product_cat-pantry-staples","9":"product_cat-sauces-gravies-marinades","11":"first","12":"instock","13":"shipping-taxable","14":"purchasable","15":"product-type-variable"},"jetpack_sharing_enabled":true,"jetpack_likes_enabled":true,"jetpack-related-posts":[{"id":237806,"url":"https:\/\/menuculture.com\/recipeshop\/product\/cholula-hot-sauce-variety-pack-product-of-mexico-gift-set-includes-six-5-fl-oz-signature-cholula-hot-sauces-for-eggs-pizza-mexican-dishes-and-more-30-fl-oz\/","url_meta":{"origin":246053,"position":0},"title":"Cholula Hot Sauce Variety Pack, Product of Mexico, Gift Set Includes Six 5 Fl Oz Signature Cholula Hot Sauces for Eggs, Pizza, Mexican Dishes, and More, 30 fl oz","author":"","date":"April 7, 2025","format":false,"excerpt":"SIGNATURE INGREDIENTS: Crafted with premium Mexican chili peppers like \u00e1rbol, piqu\u00edn, chipotle, habanero, and jalape\u00f1o, and an array of regional Mexican spices to bring you complex flavors and balanced heat in every bite; inspired by our generations-old recipe for Cholula Original Hot Sauce. GIFTABLE: Variety pack includes six different (5\u2026","rel":"","context":"With 5 comments","block_context":{"text":"With 5 comments","link":"https:\/\/menuculture.com\/recipeshop\/product\/cholula-hot-sauce-variety-pack-product-of-mexico-gift-set-includes-six-5-fl-oz-signature-cholula-hot-sauces-for-eggs-pizza-mexican-dishes-and-more-30-fl-oz\/#comments"},"img":{"alt_text":"","src":"","width":0,"height":0},"classes":[]},{"id":237935,"url":"https:\/\/menuculture.com\/recipeshop\/product\/hot-sauce-variety-pack-great-hot-sauce-lover-gift-set-flavors-include-franks-redhot-original-old-bay-and-cholula-original-34-fl-oz\/","url_meta":{"origin":246053,"position":1},"title":"Hot Sauce Variety Pack, Great Hot Sauce Lover Gift Set, Flavors Include Frank&#8217;s RedHot Original, OLD BAY, and Cholula Original, 34 fl oz","author":"","date":"April 7, 2025","format":false,"excerpt":"Iconic Hot Sauces Variety Pack contains three classic hot sauces - Frank\u2019s RedHot Original Cayenne Pepper Sauce, OLD BAY Hot Sauce, and Cholula Original Hot sauce Frank\u2019s RedHot is the secret ingredient in the original buffalo wings OLD BAY Hot sauce is packed with OLD BAY\u2019s unique blend of herbs\u2026","rel":"","context":"Similar post","block_context":{"text":"Similar post","link":""},"img":{"alt_text":"","src":"","width":0,"height":0},"classes":[]},{"id":246088,"url":"https:\/\/menuculture.com\/recipeshop\/product\/mt-olive-kosher-dills-jumbo-pickles-1-gallon-jar-128-fl-oz\/","url_meta":{"origin":246053,"position":2},"title":"Mt. Olive Kosher Dills Jumbo Pickles &#8211; 1 Gallon Jar (128 fl oz)","author":"","date":"April 26, 2025","format":false,"excerpt":"Crunchy texture of pickles Flavored with fresh garlic for a distinctive taste Perfect for enhancing sandwiches or as a standalone snack","rel":"","context":"Similar post","block_context":{"text":"Similar post","link":""},"img":{"alt_text":"","src":"","width":0,"height":0},"classes":[]},{"id":235174,"url":"https:\/\/menuculture.com\/recipeshop\/product\/silk-shelf-stable-soy-milk-original-dairy-free-vegan-non-gmo-project-verified-32-fl-oz-pack-of-6\/","url_meta":{"origin":246053,"position":3},"title":"Silk Shelf-Stable Soy Milk, Original, Dairy-Free, Vegan, Non-GMO Project Verified, 32 Fl Oz (Pack of 6)","author":"","date":"March 25, 2025","format":false,"excerpt":"Silk Original Aseptic Soy Milk, 8g Protein per Serving, Plant Based, No Artificial Colors or Flavors, Kosher, Gluten Free & Non-GMO, 32 Fluid Ounce (Pack of 6)","rel":"","context":"Similar post","block_context":{"text":"Similar post","link":""},"img":{"alt_text":"","src":"","width":0,"height":0},"classes":[]},{"id":248967,"url":"https:\/\/menuculture.com\/recipeshop\/product\/santa-cruz-organic-original-lemonade-32-fl-oz-pack-of-1\/","url_meta":{"origin":246053,"position":4},"title":"Santa Cruz Organic Original Lemonade, 32 fl oz (Pack of 1)","author":"","date":"April 29, 2025","format":false,"excerpt":"CONTAINS: One 32-fluid ounce glass bottle of Santa Cruz Organic Original Lemonade A TASTE LEMONADE: can make quenching your thirst a treat \u2014 and you don\u2019t have to compromise on quality NO ARTIFICIAL FLAVORS OR COLORS: Santa Cruz Organic is refreshing and made with high quality ingredients SERVE IT: on\u2026","rel":"","context":"Similar post","block_context":{"text":"Similar post","link":""},"img":{"alt_text":"","src":"","width":0,"height":0},"classes":[]},{"id":249691,"url":"https:\/\/menuculture.com\/recipeshop\/product\/red-mini-2lb-original-red-chewy-in-48-fl-oz-gift-ready-reusable-square-jar\/","url_meta":{"origin":246053,"position":5},"title":"Red Mini 2LB &#8211; Original Red Chewy in 48 FL OZ Gift Ready Reusable Square Jar","author":"","date":"May 3, 2025","format":false,"excerpt":"Contains 2 Pounds of Red Mini Swedish Fish (Small size) in a 48 FL OZ Resealable\/Reusable Square Clear Plastic Container with Grip Handle and White Easy Open Lid. Do you love candy and variety? This is the perfect mix for you! With a variety of Tootsie flavors, you're sure to\u2026","rel":"","context":"Similar post","block_context":{"text":"Similar post","link":""},"img":{"alt_text":"","src":"","width":0,"height":0},"classes":[]}],"_links":{"self":[{"href":"https:\/\/menuculture.com\/recipeshop\/wp-json\/wp\/v2\/product\/246053","targetHints":{"allow":["GET"]}}],"collection":[{"href":"https:\/\/menuculture.com\/recipeshop\/wp-json\/wp\/v2\/product"}],"about":[{"href":"https:\/\/menuculture.com\/recipeshop\/wp-json\/wp\/v2\/types\/product"}],"replies":[{"embeddable":true,"href":"https:\/\/menuculture.com\/recipeshop\/wp-json\/wp\/v2\/comments?post=246053"}],"wp:featuredmedia":[{"embeddable":true,"href":"https:\/\/menuculture.com\/recipeshop\/wp-json\/wp\/v2\/product\/246053"}],"wp:attachment":[{"href":"https:\/\/menuculture.com\/recipeshop\/wp-json\/wp\/v2\/media?parent=246053"}],"wp:term":[{"taxonomy":"product_cat","embeddable":true,"href":"https:\/\/menuculture.com\/recipeshop\/wp-json\/wp\/v2\/product_cat?post=246053"},{"taxonomy":"product_tag","embeddable":true,"href":"https:\/\/menuculture.com\/recipeshop\/wp-json\/wp\/v2\/product_tag?post=246053"}],"curies":[{"name":"wp","href":"https:\/\/api.w.org\/{rel}","templated":true}]}}