{"id":245656,"date":"2025-04-26T14:29:14","date_gmt":"2025-04-26T18:29:14","guid":{"rendered":"https:\/\/menuculture.com\/recipeshop\/product\/mexico-lindo-green-habanero-hot-sauce-real-green-habanero-chili-pepper-enjoy-with-mexican-food-seafood-pasta-5-fl-oz-bottles-pack-of-2\/"},"modified":"2025-08-12T02:44:44","modified_gmt":"2025-08-12T06:44:44","slug":"mexico-lindo-green-habanero-hot-sauce-real-green-habanero-chili-pepper-enjoy-with-mexican-food-seafood-pasta-5-fl-oz-bottles-pack-of-2","status":"publish","type":"product","link":"https:\/\/menuculture.com\/recipeshop\/product\/mexico-lindo-green-habanero-hot-sauce-real-green-habanero-chili-pepper-enjoy-with-mexican-food-seafood-pasta-5-fl-oz-bottles-pack-of-2\/","title":{"rendered":"Mexico Lindo Green Habanero Hot Sauce | Real Green Habanero Chili Pepper | Enjoy with Mexican Food, Seafood &#038; Pasta | 5 Fl Oz Bottles (Pack of 2)"},"content":{"rendered":"<ul>\n<li>GREEN HABANERO: Made with ripe Green Habanero Chili, its spicy flavor explodes on your palate and elevates the flavors of your dishes<\/li>\n<\/ul>\n<ul>\n<li>HEAT LEVEL: Enjoy a careful selection of prime chilies with Mexican food, seafood, and pastas<\/li>\n<\/ul>\n<ul>\n<li>GREAT MARINADE: Our real Green Habanero is made to accompany a variety of dishes. A must-have for your dining table<\/li>\n<\/ul>\n<ul>\n<li>TRADITIONAL: Mexican peppers mixed the way Mexicans have done it for generations. Blends perfectly with tacos, burritos, eggs, chili, or chips<\/li>\n<\/ul>\n<ul>\n<li>GREAT FLAVOR: Perfectly balanced blend of ripe Habanero peppers and Mexican spices. Our Green Habanero sauce is Sugar-free, which will enhance the profile of your dishes<\/li>\n<\/ul>\n","protected":false},"excerpt":{"rendered":"<p> [&#8230;]\n","protected":false},"featured_media":245656,"comment_status":"open","ping_status":"closed","template":"","meta":{"wprm-recipe-roundup-name":"","wprm-recipe-roundup-description":"","wpupg_custom_link":[],"wpupg_custom_link_behaviour":[],"wpupg_custom_link_nofollow":[],"wpupg_custom_image":[],"wpupg_custom_image_id":[],"advanced_seo_description":"","jetpack_seo_html_title":"","jetpack_seo_noindex":false,"jetpack_post_was_ever_published":false,"_daim_seo_power":"","_daim_enable_ail":"","_FSMCFIC_featured_image_caption":"","_FSMCFIC_featured_image_nocaption":"","_FSMCFIC_featured_image_hide":"","_predictive_search_focuskw":"","_ps_exclude_item":""},"product_cat":[132726,132727,132771],"product_tag":[],"class_list":{"0":"post-245656","1":"product","2":"type-product","3":"status-publish","4":"has-post-thumbnail","6":"product_brand-mexico-lindo","7":"product_cat-grocery-gourmet-food","8":"product_cat-pantry-staples","9":"product_cat-sauces-gravies-marinades","11":"first","12":"instock","13":"sale","14":"virtual","15":"purchasable","16":"product-type-simple"},"a3_pvc":{"activated":false,"total_views":0,"today_views":0},"jetpack_sharing_enabled":true,"jetpack_likes_enabled":true,"jetpack-related-posts":[{"id":237572,"url":"https:\/\/menuculture.com\/recipeshop\/product\/mexico-lindo-hot-sauces\/","url_meta":{"origin":245656,"position":0},"title":"Mexico Lindo Hot Sauces","author":"","date":"April 7, 2025","format":false,"excerpt":"7 MARES: One five ounce BPA-free plastic bottle of 7 Mares hot sauce HEAT LEVEL: Add light spice to your seafood with a Scoville level of 10,800 GREAT MARINADE: Kick it up a notch spicing up shrimp, ceviche, soups, cocktails, oysters, and fish TRADITIONAL: Mexican peppers mixed the way Mexicans\u2026","rel":"","context":"With 5 comments","block_context":{"text":"With 5 comments","link":"https:\/\/menuculture.com\/recipeshop\/product\/mexico-lindo-hot-sauces\/#comments"},"img":{"alt_text":"","src":"","width":0,"height":0},"classes":[]},{"id":245647,"url":"https:\/\/menuculture.com\/recipeshop\/product\/mexico-lindo-7-mares-hot-sauce-5-fl-oz-pack-of-12\/","url_meta":{"origin":245656,"position":1},"title":"Mexico Lindo 7 Mares Hot Sauce, 5 fl oz, Pack of 12","author":"","date":"April 26, 2025","format":false,"excerpt":"HEAT LEVEL: Add light spice to your seafood with a Scoville level of 10,800 GREAT MARINADE: Kick it up a notch spicing up shrimp, ceviche, soups, cocktails, oysters, and fish TRADITIONAL: Mexican peppers mixed the way Mexicans have done it for generations. Blends perfectly with tacos, burritos, eggs, chili, or\u2026","rel":"","context":"Similar post","block_context":{"text":"Similar post","link":""},"img":{"alt_text":"","src":"","width":0,"height":0},"classes":[]},{"id":237806,"url":"https:\/\/menuculture.com\/recipeshop\/product\/cholula-hot-sauce-variety-pack-product-of-mexico-gift-set-includes-six-5-fl-oz-signature-cholula-hot-sauces-for-eggs-pizza-mexican-dishes-and-more-30-fl-oz\/","url_meta":{"origin":245656,"position":2},"title":"Cholula Hot Sauce Variety Pack, Product of Mexico, Gift Set Includes Six 5 Fl Oz Signature Cholula Hot Sauces for Eggs, Pizza, Mexican Dishes, and More, 30 fl oz","author":"","date":"April 7, 2025","format":false,"excerpt":"SIGNATURE INGREDIENTS: Crafted with premium Mexican chili peppers like \u00e1rbol, piqu\u00edn, chipotle, habanero, and jalape\u00f1o, and an array of regional Mexican spices to bring you complex flavors and balanced heat in every bite; inspired by our generations-old recipe for Cholula Original Hot Sauce. GIFTABLE: Variety pack includes six different (5\u2026","rel":"","context":"With 5 comments","block_context":{"text":"With 5 comments","link":"https:\/\/menuculture.com\/recipeshop\/product\/cholula-hot-sauce-variety-pack-product-of-mexico-gift-set-includes-six-5-fl-oz-signature-cholula-hot-sauces-for-eggs-pizza-mexican-dishes-and-more-30-fl-oz\/#comments"},"img":{"alt_text":"","src":"","width":0,"height":0},"classes":[]},{"id":245066,"url":"https:\/\/menuculture.com\/recipeshop\/product\/louisiana-pepper-exchange-red-habanero-pepper-puree-sauce-salsa-super-hot-spicy-chili-seasoning-plant-based-gluten-free-replaces-habanero-powder\/","url_meta":{"origin":245656,"position":3},"title":"Louisiana Pepper Exchange Red Habanero Pepper Puree Sauce Salsa, Super Hot, Spicy, Chili Seasoning, Plant-Based, Gluten-Free, Replaces Habanero Powder","author":"","date":"April 25, 2025","format":false,"excerpt":"Great for Thai cuisine, Indian curries, BBQ sauce, or fried chicken Easy and convenient flavor - No more chopping peppers! If you like the convenience of minced garlic, you will love our pepper puree! 1-3 teaspoons of puree replaces 1 full pepper and avoids waste, saves time, and ensures even\u2026","rel":"","context":"Similar post","block_context":{"text":"Similar post","link":""},"img":{"alt_text":"","src":"","width":0,"height":0},"classes":[]},{"id":237025,"url":"https:\/\/menuculture.com\/recipeshop\/product\/zozoma-fresh-red-habanero-chili-peppers-2lb-hot-and-spicy-with-vitamin-c-and-potassium\/","url_meta":{"origin":245656,"position":4},"title":"Zozoma Fresh Red Habanero Chili Peppers 2lb Hot and spicy with vitamin C and potassium","author":"","date":"April 5, 2025","format":false,"excerpt":"SWEET & CRUNCHY The Zozoma fresh red habanero chili peppers are sweet, crunchy, floral, and bursting with heat. The Red Habanero is still the hottest of all the Habaneros. DIFFERENT USES If you have a couple of fresh habaneros on hand, try adding them in a pot of chili or\u2026","rel":"","context":"Similar post","block_context":{"text":"Similar post","link":""},"img":{"alt_text":"","src":"","width":0,"height":0},"classes":[]},{"id":245063,"url":"https:\/\/menuculture.com\/recipeshop\/product\/louisiana-pepper-exchange-orange-habanero-pepper-puree-sauce-salsa-spicy-sweet-tropical-seasoning-plant-based-gluten-free-replaces-habanero-powder\/","url_meta":{"origin":245656,"position":5},"title":"Louisiana Pepper Exchange Orange Habanero Pepper Puree Sauce Salsa, Spicy Sweet Tropical Seasoning, Plant-Based, Gluten-Free, Replaces Habanero Powder","author":"","date":"April 25, 2025","format":false,"excerpt":"DELICIOUS TROPICAL FLAVOR \u2013 Experience the exotic taste of orange habanero peppers, enhanced by their natural tropical essence. This Orange Habanero Pepper Puree adds a burst of vibrant flavor to your culinary creations. NO MORE TEDIOUS CHOPPING \u2013 Make every dish a culinary masterpiece without much effort. Just like minced\u2026","rel":"","context":"Similar post","block_context":{"text":"Similar post","link":""},"img":{"alt_text":"","src":"","width":0,"height":0},"classes":[]}],"_links":{"self":[{"href":"https:\/\/menuculture.com\/recipeshop\/wp-json\/wp\/v2\/product\/245656","targetHints":{"allow":["GET"]}}],"collection":[{"href":"https:\/\/menuculture.com\/recipeshop\/wp-json\/wp\/v2\/product"}],"about":[{"href":"https:\/\/menuculture.com\/recipeshop\/wp-json\/wp\/v2\/types\/product"}],"replies":[{"embeddable":true,"href":"https:\/\/menuculture.com\/recipeshop\/wp-json\/wp\/v2\/comments?post=245656"}],"wp:featuredmedia":[{"embeddable":true,"href":"https:\/\/menuculture.com\/recipeshop\/wp-json\/wp\/v2\/product\/245656"}],"wp:attachment":[{"href":"https:\/\/menuculture.com\/recipeshop\/wp-json\/wp\/v2\/media?parent=245656"}],"wp:term":[{"taxonomy":"product_cat","embeddable":true,"href":"https:\/\/menuculture.com\/recipeshop\/wp-json\/wp\/v2\/product_cat?post=245656"},{"taxonomy":"product_tag","embeddable":true,"href":"https:\/\/menuculture.com\/recipeshop\/wp-json\/wp\/v2\/product_tag?post=245656"}],"curies":[{"name":"wp","href":"https:\/\/api.w.org\/{rel}","templated":true}]}}