{"id":245147,"date":"2025-04-26T04:49:42","date_gmt":"2025-04-26T08:49:42","guid":{"rendered":"https:\/\/menuculture.com\/recipeshop\/product\/madhava-organic-light-agave-100-pure-blue-nectar-sugar-alternative-vegan-non-gmo-natural-liquid-sweetener-46-oz-pack-of-2\/"},"modified":"2025-08-12T00:22:47","modified_gmt":"2025-08-12T04:22:47","slug":"madhava-organic-light-agave-100-pure-blue-nectar-sugar-alternative-vegan-non-gmo-natural-liquid-sweetener-46-oz-pack-of-2","status":"publish","type":"product","link":"https:\/\/menuculture.com\/recipeshop\/product\/madhava-organic-light-agave-100-pure-blue-nectar-sugar-alternative-vegan-non-gmo-natural-liquid-sweetener-46-oz-pack-of-2\/","title":{"rendered":"MADHAVA Organic Light Agave, 100% Pure Blue Nectar | Sugar Alternative | Vegan | Non GMO | Natural Liquid Sweetener, 46 Oz. (Pack of 2)"},"content":{"rendered":"<ul>\n<li>ORGANIC AGAVE NECTAR\u2014TASTE THE DIFFERENCE: Pour a drop of our delicious organic blue agave nectar with this pack of 2, 46-ounce bottles of MADHAVA Organic Light Agave<\/li>\n<\/ul>\n<ul>\n<li>INDEPENDENTLY AWARDED FOR PURITY: Continuously tested by The Clean Label Project to verify our agave nectar is always contaminant-free<\/li>\n<\/ul>\n<ul>\n<li>AUTHENTIC BLUE AGAVE: 100% Weber Blue Agave, direct from organic agave farms<\/li>\n<\/ul>\n<ul>\n<li>SUSTAINABLY HARVESTED AGAVE NECTAR: Our agave is grown and harvested in partnership with non GMO and organic blue agave farmers who share our values of doing good for people and the earth<\/li>\n<\/ul>\n<ul>\n<li>CLEAN &#038; SIMPLE: Our organic blue agave nectar is USDA Organic, Non-GMO Project Verified, Kosher, gluten-free and vegan, and is packed in BPA free bottles with pourable cap<\/li>\n<\/ul>\n","protected":false},"excerpt":{"rendered":"<p> [&#8230;]\n","protected":false},"featured_media":245147,"comment_status":"open","ping_status":"closed","template":"","meta":{"wprm-recipe-roundup-name":"","wprm-recipe-roundup-description":"","wpupg_custom_link":[],"wpupg_custom_link_behaviour":[],"wpupg_custom_link_nofollow":[],"wpupg_custom_image":[],"wpupg_custom_image_id":[],"advanced_seo_description":"","jetpack_seo_html_title":"","jetpack_seo_noindex":false,"jetpack_post_was_ever_published":false,"_daim_seo_power":"","_daim_enable_ail":"","_FSMCFIC_featured_image_caption":"","_FSMCFIC_featured_image_nocaption":"","_FSMCFIC_featured_image_hide":"","_predictive_search_focuskw":"","_ps_exclude_item":""},"product_cat":[133217,133216,133218],"product_tag":[],"class_list":{"0":"post-245147","1":"product","2":"type-product","3":"status-publish","4":"has-post-thumbnail","6":"product_brand-madhava","7":"product_cat-arborist-merchandising-root","8":"product_cat-health-household","9":"product_cat-self-service","11":"first","12":"instock","13":"virtual","14":"purchasable","15":"product-type-simple"},"jetpack_sharing_enabled":true,"jetpack_likes_enabled":true,"jetpack-related-posts":[{"id":245144,"url":"https:\/\/menuculture.com\/recipeshop\/product\/madhava-organic-agave100-pure-agave-nectar-amber\/","url_meta":{"origin":245147,"position":0},"title":"Madhava Organic Agave,100% Pure Agave Nectar, amber","author":"","date":"April 26, 2025","format":false,"excerpt":"ORGANIC AGAVE NECTAR\u2014TASTE THE DIFFERENCE: Pour a drop of our delicious organic blue agave nectar with this pack of 6, 11.75-ounce bottles of MADHAVA Organic Amber Agave INDEPENDENTLY AWARDED FOR PURITY: Continuously tested by The Clean Label Project to verify our agave nectar is always contaminant-free AUTHENTIC BLUE AGAVE: 100%\u2026","rel":"","context":"Similar post","block_context":{"text":"Similar post","link":""},"img":{"alt_text":"","src":"","width":0,"height":0},"classes":[]},{"id":245134,"url":"https:\/\/menuculture.com\/recipeshop\/product\/madhava-organic-light-agave-100-pure-organic-blue-agave\/","url_meta":{"origin":245147,"position":1},"title":"Madhava Organic Light Agave, 100% Pure Organic Blue Agave","author":"","date":"April 26, 2025","format":false,"excerpt":"Madhava Organic Light Agave Nectar, 100% Blue Agave, Vegan Friendly, Kosher, USDA Certified Organic, Gluten Free & Non-GMO, 12 Ounce (Pack of 6)","rel":"","context":"Similar post","block_context":{"text":"Similar post","link":""},"img":{"alt_text":"","src":"","width":0,"height":0},"classes":[]},{"id":243655,"url":"https:\/\/menuculture.com\/recipeshop\/product\/organic-agave-in-the-raw-agave-nectar\/","url_meta":{"origin":245147,"position":2},"title":"Organic Agave In The Raw Agave Nectar","author":"","date":"April 24, 2025","format":false,"excerpt":"ORGANIC AGAVE SWEETENER: Enjoy your sweet moments. With notes of caramel and a deep amber color, Organic Agave In The Raw is perfect for all your sweetening needs. A HEALTHY SUGAR ALTERNATIVE: Made with 100% raw blue agave nectar hand-harvested in Jalisco Mexico from agave plants free from pesticides and\u2026","rel":"","context":"Similar post","block_context":{"text":"Similar post","link":""},"img":{"alt_text":"","src":"","width":0,"height":0},"classes":[]},{"id":245133,"url":"https:\/\/menuculture.com\/recipeshop\/product\/madhava-agave-nectar-light-11-75-oz\/","url_meta":{"origin":245147,"position":3},"title":"Madhava Agave Nectar, Light, 11.75 oz","author":"","date":"April 26, 2025","format":false,"excerpt":"Organic; fresh, neutral flavor perfect for all sweetening uses Low glycemic index-32GI Easy to use; dissolves readily even in cold drinks; no refrigeration necessary Product of Mexico Product of Mexico","rel":"","context":"Similar post","block_context":{"text":"Similar post","link":""},"img":{"alt_text":"","src":"","width":0,"height":0},"classes":[]},{"id":245140,"url":"https:\/\/menuculture.com\/recipeshop\/product\/madhava-organic-agavefive-16-oz-bottle-pack-of-1\/","url_meta":{"origin":245147,"position":4},"title":"MADHAVA Organic AgaveFIVE, 16 oz. Bottle (Pack of 1)","author":"","date":"April 26, 2025","format":false,"excerpt":"LOW CALORIE SWEETENER: Only 5 calories per serving in this pack of (1) 16 oz. squeeze bottle of organic liquid agave sweetener","rel":"","context":"Similar post","block_context":{"text":"Similar post","link":""},"img":{"alt_text":"","src":"","width":0,"height":0},"classes":[]},{"id":245168,"url":"https:\/\/menuculture.com\/recipeshop\/product\/magnolia-star-vanilla-bean-paste-16-oz-made-with-organic-agave-vanilla-bean-powder-double-strength-pure-vanilla-extract-8-oz-bottles-2-ct\/","url_meta":{"origin":245147,"position":5},"title":"Magnolia-Star Vanilla Bean Paste, 16 oz., Made with Organic Agave, Vanilla Bean Powder &#038; Double Strength Pure Vanilla Extract (8 oz. Bottles, 2 Ct)","author":"","date":"April 26, 2025","format":false,"excerpt":"VANILLA BEAN PASTE: Enhance the flavor of any recipe with Magnolia-Star Vanilla Bean Paste. Add vanilla bean flavoring and real vanilla bean specks to cakes, pudding, cookies, whipped cream, ice cream, coffee and cr\u00e8me br\u00fbl\u00e9e. CLEAN AND SIMPLE INGREDIENTS: Our natural vanilla paste is made with organic agave, vanilla bean\u2026","rel":"","context":"Similar post","block_context":{"text":"Similar post","link":""},"img":{"alt_text":"","src":"","width":0,"height":0},"classes":[]}],"_links":{"self":[{"href":"https:\/\/menuculture.com\/recipeshop\/wp-json\/wp\/v2\/product\/245147","targetHints":{"allow":["GET"]}}],"collection":[{"href":"https:\/\/menuculture.com\/recipeshop\/wp-json\/wp\/v2\/product"}],"about":[{"href":"https:\/\/menuculture.com\/recipeshop\/wp-json\/wp\/v2\/types\/product"}],"replies":[{"embeddable":true,"href":"https:\/\/menuculture.com\/recipeshop\/wp-json\/wp\/v2\/comments?post=245147"}],"wp:featuredmedia":[{"embeddable":true,"href":"https:\/\/menuculture.com\/recipeshop\/wp-json\/wp\/v2\/product\/245147"}],"wp:attachment":[{"href":"https:\/\/menuculture.com\/recipeshop\/wp-json\/wp\/v2\/media?parent=245147"}],"wp:term":[{"taxonomy":"product_cat","embeddable":true,"href":"https:\/\/menuculture.com\/recipeshop\/wp-json\/wp\/v2\/product_cat?post=245147"},{"taxonomy":"product_tag","embeddable":true,"href":"https:\/\/menuculture.com\/recipeshop\/wp-json\/wp\/v2\/product_tag?post=245147"}],"curies":[{"name":"wp","href":"https:\/\/api.w.org\/{rel}","templated":true}]}}