{"id":245039,"date":"2025-04-25T22:04:41","date_gmt":"2025-04-26T02:04:41","guid":{"rendered":"https:\/\/menuculture.com\/recipeshop\/product\/lorann-ss-pack-2-of-12-fruity-more-flavors-in-1-dram-bottles-0125-fl-oz-3-7ml-bottles\/"},"modified":"2025-08-11T23:50:13","modified_gmt":"2025-08-12T03:50:13","slug":"lorann-ss-pack-2-of-12-fruity-more-flavors-in-1-dram-bottles-0125-fl-oz-3-7ml-bottles","status":"publish","type":"product","link":"https:\/\/menuculture.com\/recipeshop\/product\/lorann-ss-pack-2-of-12-fruity-more-flavors-in-1-dram-bottles-0125-fl-oz-3-7ml-bottles\/","title":{"rendered":"LorAnn SS Pack #2 of 12 Fruity &#038; more Flavors in 1 dram bottles (.0125 fl oz &#8211; 3.7ml) bottles"},"content":{"rendered":"<ul>\n<li>You will receive 1 dram of each of these flavors: Tropical Punch, Lemonade, Pomegranate, Pear, Peach, Pineapple, Orange Cream, Strawberry-Kiwi, Watermelon, Green Apple, Cherry, and Coconut.<\/li>\n<\/ul>\n<ul>\n<li>A little goes a long way! LorAnn\u2019s super strength flavors are three to four times the strength of typical baking extracts.<\/li>\n<\/ul>\n","protected":false},"excerpt":{"rendered":"<p> [&#8230;]\n","protected":false},"featured_media":245039,"comment_status":"open","ping_status":"closed","template":"","meta":{"wprm-recipe-roundup-name":"","wprm-recipe-roundup-description":"","wpupg_custom_link":[],"wpupg_custom_link_behaviour":[],"wpupg_custom_link_nofollow":[],"wpupg_custom_image":[],"wpupg_custom_image_id":[],"advanced_seo_description":"","jetpack_seo_html_title":"","jetpack_seo_noindex":false,"jetpack_post_was_ever_published":false,"_daim_seo_power":"","_daim_enable_ail":"","_FSMCFIC_featured_image_caption":"","_FSMCFIC_featured_image_nocaption":"","_FSMCFIC_featured_image_hide":""},"product_cat":[132789,132726,132727],"product_tag":[],"class_list":{"0":"post-245039","1":"product","2":"type-product","3":"status-publish","4":"has-post-thumbnail","6":"product_brand-lorann-oils","7":"product_cat-cooking-baking","8":"product_cat-grocery-gourmet-food","9":"product_cat-pantry-staples","11":"first","12":"instock","13":"virtual","14":"purchasable","15":"product-type-simple"},"jetpack_sharing_enabled":true,"jetpack_likes_enabled":true,"jetpack-related-posts":[{"id":245046,"url":"https:\/\/menuculture.com\/recipeshop\/product\/lorann-ss-pack-4-of-12-fruity-flavors-in-1-dram-bottles-0125-fl-oz-3-7ml\/","url_meta":{"origin":245039,"position":0},"title":"LorAnn SS Pack #4 of 12 Fruity Flavors in 1 dram bottles (.0125 fl oz &#8211; 3.7ml)","author":"","date":"April 25, 2025","format":false,"excerpt":"You will receive 1 dram of each of these flavors: Apple, Blackberry, Black Cherry, Blueberry, Grape, Green Apple, Orange Cream, Peach, Pear, Pineapple, Raspberry and Strawberry-Kiwi. A little goes a long way! LorAnn\u2019s super strength flavors are three to four times the strength of typical baking extracts.","rel":"","context":"Similar post","block_context":{"text":"Similar post","link":""},"img":{"alt_text":"","src":"","width":0,"height":0},"classes":[]},{"id":245035,"url":"https:\/\/menuculture.com\/recipeshop\/product\/lorann-oils-1-dram-childrens-favorite-10-pack\/","url_meta":{"origin":245039,"position":1},"title":"Lorann Oils 1 Dram Children\u2019s Favorite 10 Pack","author":"","date":"April 25, 2025","format":false,"excerpt":"You will receive 1 dram of each of these flavors: Apple, Bubble Gum, Cherry, Cotton Candy, Grape, Marshmallow, Peanut Butter, Root Beer, Strawberry and Tutti-Frutti. A little goes a long way! LorAnn\u2019s super strength flavors are three to four times the strength of typical baking extracts.","rel":"","context":"Similar post","block_context":{"text":"Similar post","link":""},"img":{"alt_text":"","src":"","width":0,"height":0},"classes":[]},{"id":245036,"url":"https:\/\/menuculture.com\/recipeshop\/product\/lorann-oils-concentrated_flavoring_substance\/","url_meta":{"origin":245039,"position":2},"title":"LorAnn Oils CONCENTRATED_FLAVORING_SUBSTANCE","author":"","date":"April 25, 2025","format":false,"excerpt":"Choose from the following flavors: Pineapple, Pistachio, Pomegranate, Pralines & Cream, Raspberry, Root Beer, Sparkling Wine, Spearmint Oil (natural), Strawberry, Strawberry Kiwi, Tangerine Oil (natural), Tropical Punch, Tutti Frutti, Vanilla, Vanilla Butternut, Walnut (formally Black Walnut), Watermelon, Wintergreen. Choose from the following flavors: Cookies & Cream, Cotton Candy, Cranberry, Cran-Raspberry,\u2026","rel":"","context":"Similar post","block_context":{"text":"Similar post","link":""},"img":{"alt_text":"","src":"","width":0,"height":0},"classes":[]},{"id":245040,"url":"https:\/\/menuculture.com\/recipeshop\/product\/lorann-oils-flavoring-mix-4-count\/","url_meta":{"origin":245039,"position":3},"title":"Lorann Oils Flavoring Mix, 4 Count","author":"","date":"April 25, 2025","format":false,"excerpt":"Peppermint oil (Mentha piperita) a pure, natural essential oil and is used as a flavoring as well as in aromatherapy. Peppermint oil (Mentha piperita) a pure, natural essential oil and is used as a flavoring as well as in aromatherapy. A little goes a long way! LorAnn\u2019s super strength flavors\u2026","rel":"","context":"Similar post","block_context":{"text":"Similar post","link":""},"img":{"alt_text":"","src":"","width":0,"height":0},"classes":[]},{"id":245168,"url":"https:\/\/menuculture.com\/recipeshop\/product\/magnolia-star-vanilla-bean-paste-16-oz-made-with-organic-agave-vanilla-bean-powder-double-strength-pure-vanilla-extract-8-oz-bottles-2-ct\/","url_meta":{"origin":245039,"position":4},"title":"Magnolia-Star Vanilla Bean Paste, 16 oz., Made with Organic Agave, Vanilla Bean Powder &#038; Double Strength Pure Vanilla Extract (8 oz. Bottles, 2 Ct)","author":"","date":"April 26, 2025","format":false,"excerpt":"VANILLA BEAN PASTE: Enhance the flavor of any recipe with Magnolia-Star Vanilla Bean Paste. Add vanilla bean flavoring and real vanilla bean specks to cakes, pudding, cookies, whipped cream, ice cream, coffee and cr\u00e8me br\u00fbl\u00e9e. CLEAN AND SIMPLE INGREDIENTS: Our natural vanilla paste is made with organic agave, vanilla bean\u2026","rel":"","context":"Similar post","block_context":{"text":"Similar post","link":""},"img":{"alt_text":"","src":"","width":0,"height":0},"classes":[]},{"id":242274,"url":"https:\/\/menuculture.com\/recipeshop\/product\/gatorlyte-zero-electrolyte-beverage-strawberry-kiwi-zero-sugar-hydration-specialized-blend-of-5-electrolytes-no-artificial-sweeteners-or-flavors-20-oz-bottles-pack-of-12\/","url_meta":{"origin":245039,"position":5},"title":"Gatorlyte Zero Electrolyte Beverage, Strawberry Kiwi, Zero Sugar Hydration, Specialized Blend of 5 Electrolytes, No Artificial Sweeteners or Flavors, 20 Oz Bottles (Pack of 12)","author":"","date":"April 23, 2025","format":false,"excerpt":"Includes 12 (20oz) bottles of Gatorlyte Zero Electrolyte Beverage, Strawberry Kiwi flavor\u200b Designed for rehydration to help replace fluids and electrolytes lost in sweat\u200b Specialized blend of 5 electrolytes: Sodium, Potassium, Chloride, Magnesium, and Calcium\u200b Made with no artificial sweeteners or flavors\u200b Zero Sugar rehydration with 10 calories per bottle\u200b","rel":"","context":"Similar post","block_context":{"text":"Similar post","link":""},"img":{"alt_text":"","src":"","width":0,"height":0},"classes":[]}],"_links":{"self":[{"href":"https:\/\/menuculture.com\/recipeshop\/wp-json\/wp\/v2\/product\/245039","targetHints":{"allow":["GET"]}}],"collection":[{"href":"https:\/\/menuculture.com\/recipeshop\/wp-json\/wp\/v2\/product"}],"about":[{"href":"https:\/\/menuculture.com\/recipeshop\/wp-json\/wp\/v2\/types\/product"}],"replies":[{"embeddable":true,"href":"https:\/\/menuculture.com\/recipeshop\/wp-json\/wp\/v2\/comments?post=245039"}],"wp:featuredmedia":[{"embeddable":true,"href":"https:\/\/menuculture.com\/recipeshop\/wp-json\/wp\/v2\/product\/245039"}],"wp:attachment":[{"href":"https:\/\/menuculture.com\/recipeshop\/wp-json\/wp\/v2\/media?parent=245039"}],"wp:term":[{"taxonomy":"product_cat","embeddable":true,"href":"https:\/\/menuculture.com\/recipeshop\/wp-json\/wp\/v2\/product_cat?post=245039"},{"taxonomy":"product_tag","embeddable":true,"href":"https:\/\/menuculture.com\/recipeshop\/wp-json\/wp\/v2\/product_tag?post=245039"}],"curies":[{"name":"wp","href":"https:\/\/api.w.org\/{rel}","templated":true}]}}