{"id":244961,"date":"2025-04-25T21:46:20","date_gmt":"2025-04-26T01:46:20","guid":{"rendered":"https:\/\/menuculture.com\/recipeshop\/product\/lead-off-japan-cholula-sauce-hot-original-pack-of-3\/"},"modified":"2025-08-11T23:24:32","modified_gmt":"2025-08-12T03:24:32","slug":"lead-off-japan-cholula-sauce-hot-original-pack-of-3","status":"publish","type":"product","link":"https:\/\/menuculture.com\/recipeshop\/product\/lead-off-japan-cholula-sauce-hot-original-pack-of-3\/","title":{"rendered":"Lead off Japan Cholula Sauce Hot Original (Pack of 3)"},"content":{"rendered":"<ul>\n<li>\u2026..<\/li>\n<\/ul>\n","protected":false},"excerpt":{"rendered":"<p> [&#8230;]\n","protected":false},"featured_media":244961,"comment_status":"open","ping_status":"closed","template":"","meta":{"wprm-recipe-roundup-name":"","wprm-recipe-roundup-description":"","wpupg_custom_link":[],"wpupg_custom_link_behaviour":[],"wpupg_custom_link_nofollow":[],"wpupg_custom_image":[],"wpupg_custom_image_id":[],"advanced_seo_description":"","jetpack_seo_html_title":"","jetpack_seo_noindex":false,"jetpack_post_was_ever_published":false,"_daim_seo_power":"","_daim_enable_ail":"","_FSMCFIC_featured_image_caption":"","_FSMCFIC_featured_image_nocaption":"","_FSMCFIC_featured_image_hide":""},"product_cat":[132726,132727,132771],"product_tag":[],"class_list":{"0":"post-244961","1":"product","2":"type-product","3":"status-publish","4":"has-post-thumbnail","6":"product_brand-lead-off-japan","7":"product_cat-grocery-gourmet-food","8":"product_cat-pantry-staples","9":"product_cat-sauces-gravies-marinades","11":"first","12":"instock","13":"virtual","14":"purchasable","15":"product-type-simple"},"jetpack_sharing_enabled":true,"jetpack_likes_enabled":true,"jetpack-related-posts":[{"id":237935,"url":"https:\/\/menuculture.com\/recipeshop\/product\/hot-sauce-variety-pack-great-hot-sauce-lover-gift-set-flavors-include-franks-redhot-original-old-bay-and-cholula-original-34-fl-oz\/","url_meta":{"origin":244961,"position":0},"title":"Hot Sauce Variety Pack, Great Hot Sauce Lover Gift Set, Flavors Include Frank&#8217;s RedHot Original, OLD BAY, and Cholula Original, 34 fl oz","author":"","date":"April 7, 2025","format":false,"excerpt":"Iconic Hot Sauces Variety Pack contains three classic hot sauces - Frank\u2019s RedHot Original Cayenne Pepper Sauce, OLD BAY Hot Sauce, and Cholula Original Hot sauce Frank\u2019s RedHot is the secret ingredient in the original buffalo wings OLD BAY Hot sauce is packed with OLD BAY\u2019s unique blend of herbs\u2026","rel":"","context":"Similar post","block_context":{"text":"Similar post","link":""},"img":{"alt_text":"","src":"","width":0,"height":0},"classes":[]},{"id":237806,"url":"https:\/\/menuculture.com\/recipeshop\/product\/cholula-hot-sauce-variety-pack-product-of-mexico-gift-set-includes-six-5-fl-oz-signature-cholula-hot-sauces-for-eggs-pizza-mexican-dishes-and-more-30-fl-oz\/","url_meta":{"origin":244961,"position":1},"title":"Cholula Hot Sauce Variety Pack, Product of Mexico, Gift Set Includes Six 5 Fl Oz Signature Cholula Hot Sauces for Eggs, Pizza, Mexican Dishes, and More, 30 fl oz","author":"","date":"April 7, 2025","format":false,"excerpt":"SIGNATURE INGREDIENTS: Crafted with premium Mexican chili peppers like \u00e1rbol, piqu\u00edn, chipotle, habanero, and jalape\u00f1o, and an array of regional Mexican spices to bring you complex flavors and balanced heat in every bite; inspired by our generations-old recipe for Cholula Original Hot Sauce. GIFTABLE: Variety pack includes six different (5\u2026","rel":"","context":"With 5 comments","block_context":{"text":"With 5 comments","link":"https:\/\/menuculture.com\/recipeshop\/product\/cholula-hot-sauce-variety-pack-product-of-mexico-gift-set-includes-six-5-fl-oz-signature-cholula-hot-sauces-for-eggs-pizza-mexican-dishes-and-more-30-fl-oz\/#comments"},"img":{"alt_text":"","src":"","width":0,"height":0},"classes":[]},{"id":237809,"url":"https:\/\/menuculture.com\/recipeshop\/product\/cholula-original-hot-sauce-multipack-great-hot-sauce-lover-gift-set\/","url_meta":{"origin":244961,"position":2},"title":"Cholula Original Hot Sauce Multipack (Great Hot Sauce Lover Gift Set)","author":"","date":"April 7, 2025","format":false,"excerpt":"No detailed information available for this product.","rel":"","context":"Similar post","block_context":{"text":"Similar post","link":""},"img":{"alt_text":"","src":"","width":0,"height":0},"classes":[]},{"id":237801,"url":"https:\/\/menuculture.com\/recipeshop\/product\/cholula-original-hot-sauce\/","url_meta":{"origin":244961,"position":3},"title":"Cholula Original Hot Sauce","author":"","date":"April 7, 2025","format":false,"excerpt":"No detailed information available for this product.","rel":"","context":"Similar post","block_context":{"text":"Similar post","link":""},"img":{"alt_text":"","src":"","width":0,"height":0},"classes":[]},{"id":237800,"url":"https:\/\/menuculture.com\/recipeshop\/product\/cholula-hot-sauce-original-product-of-mexico-blend-of-arbol-piquin-peppers-with-spices-for-eggs-rice-tacos-huevos-rancheros-more-5-fl-oz\/","url_meta":{"origin":244961,"position":4},"title":"Cholula Hot Sauce, Original, Product of Mexico, Blend of Arbol &#038; Piquin Peppers with Spices for Eggs, Rice, Tacos, Huevos Rancheros &#038; More, 5 fl oz","author":"","date":"April 7, 2025","format":false,"excerpt":"SIGNATURE INGREDIENTS: Cholula Original Hot Sauce is made with a thoughtful blend of arbol and piquin peppers plus Cholula spices, inspired by our generations-old family recipe. LAYERED FLAVOR: Every bite of this hot sauce delivers balanced flavor and heat, instantly upgrading favorite foods with a simple shake of the bottle.\u2026","rel":"","context":"Similar post","block_context":{"text":"Similar post","link":""},"img":{"alt_text":"","src":"","width":0,"height":0},"classes":[]},{"id":237805,"url":"https:\/\/menuculture.com\/recipeshop\/product\/cholula-hot-sauce-original-product-of-mexico-blend-of-arbol-piquin-peppers-with-signature-spices-for-eggs-rice-tacos-huevos-rancheros-more-12-fl-oz\/","url_meta":{"origin":244961,"position":5},"title":"Cholula Hot Sauce, Original, Product of Mexico, Blend of Arbol &#038; Piquin Peppers with Signature Spices for Eggs, Rice, Tacos, Huevos Rancheros &#038; More, 12 fl oz","author":"","date":"April 7, 2025","format":false,"excerpt":"SIGNATURE INGREDIENTS: Cholula Original Hot Sauce is made with a thoughtful blend of arbol and piquin peppers plus Cholula spices, inspired by our generations-old family recipe. LAYERED FLAVOR: Every bite of this hot sauce delivers balanced flavor and heat, instantly upgrading favorite foods with a simple shake of the bottle.\u2026","rel":"","context":"With 5 comments","block_context":{"text":"With 5 comments","link":"https:\/\/menuculture.com\/recipeshop\/product\/cholula-hot-sauce-original-product-of-mexico-blend-of-arbol-piquin-peppers-with-signature-spices-for-eggs-rice-tacos-huevos-rancheros-more-12-fl-oz\/#comments"},"img":{"alt_text":"","src":"","width":0,"height":0},"classes":[]}],"_links":{"self":[{"href":"https:\/\/menuculture.com\/recipeshop\/wp-json\/wp\/v2\/product\/244961","targetHints":{"allow":["GET"]}}],"collection":[{"href":"https:\/\/menuculture.com\/recipeshop\/wp-json\/wp\/v2\/product"}],"about":[{"href":"https:\/\/menuculture.com\/recipeshop\/wp-json\/wp\/v2\/types\/product"}],"replies":[{"embeddable":true,"href":"https:\/\/menuculture.com\/recipeshop\/wp-json\/wp\/v2\/comments?post=244961"}],"wp:featuredmedia":[{"embeddable":true,"href":"https:\/\/menuculture.com\/recipeshop\/wp-json\/wp\/v2\/product\/244961"}],"wp:attachment":[{"href":"https:\/\/menuculture.com\/recipeshop\/wp-json\/wp\/v2\/media?parent=244961"}],"wp:term":[{"taxonomy":"product_cat","embeddable":true,"href":"https:\/\/menuculture.com\/recipeshop\/wp-json\/wp\/v2\/product_cat?post=244961"},{"taxonomy":"product_tag","embeddable":true,"href":"https:\/\/menuculture.com\/recipeshop\/wp-json\/wp\/v2\/product_tag?post=244961"}],"curies":[{"name":"wp","href":"https:\/\/api.w.org\/{rel}","templated":true}]}}