{"id":244694,"date":"2025-04-25T05:56:33","date_gmt":"2025-04-25T09:56:33","guid":{"rendered":"https:\/\/menuculture.com\/recipeshop\/product\/la-moderna-bow-tie-pasta\/"},"modified":"2025-08-11T22:13:23","modified_gmt":"2025-08-12T02:13:23","slug":"la-moderna-bow-tie-pasta","status":"publish","type":"product","link":"https:\/\/menuculture.com\/recipeshop\/product\/la-moderna-bow-tie-pasta\/","title":{"rendered":"La Moderna Bow Tie Pasta"},"content":{"rendered":"<ul>\n<li>BOW TIE PASTA. Revive la nostalgia de tu infancia con esta pasta, un cl\u00e1sico favorito de todas las generaciones. Ideal para preparar sopas, caldos o llevar al lunch, su divertida forma de corbata agrega un toque \u00fanico a cada receta<\/li>\n<\/ul>\n<ul>\n<li>NUTRICI\u00d3N COMPLETA. Fortificadas con vitaminas B1, B2 y B3, hierro, fibra y \u00e1cido f\u00f3lico, nuestras pastas apoyan el buen funcionamiento del organismo. Elaboradas sin conservadores y con ingredientes non GMO, tambi\u00e9n cuentan con certificado kosher<\/li>\n<\/ul>\n<ul>\n<li>S\u00c9MOLA DE TRIGO DURUM. La semolina proporciona una consistencia firme y al dente que no se pega ni se desintegra. Su alto contenido proteico favorece el desarrollo muscular y apoya el rendimiento \u00f3ptimo del cerebro. Incluye gluten<\/li>\n<\/ul>\n<ul>\n<li>R\u00c1PIDA Y F\u00c1CIL. \u00a1Prepara una comida deliciosa en un instante! Hierve 2 litros de tu caldo favorito, agrega los noodles y cocina de 3 a 5 minutos. As\u00ed de simple, tendr\u00e1s 4 porciones generosas, llenas de sabor y listas para compartir<\/li>\n<\/ul>\n<ul>\n<li>LA MODERNA. Desde 1920, somos sin\u00f3nimo de tradici\u00f3n y sabor en los hogares. Con m\u00e1s de 600 productos mexicanos elaborados con trigo y otros cereales en diversas presentaciones, garantizamos la m\u00e1xima versatilidad para crear una gran variedad de platillos<\/li>\n<\/ul>\n","protected":false},"excerpt":{"rendered":"<p> [&#8230;]\n","protected":false},"featured_media":244694,"comment_status":"open","ping_status":"closed","template":"","meta":{"wprm-recipe-roundup-name":"","wprm-recipe-roundup-description":"","wpupg_custom_link":[],"wpupg_custom_link_behaviour":[],"wpupg_custom_link_nofollow":[],"wpupg_custom_image":[],"wpupg_custom_image_id":[],"advanced_seo_description":"","jetpack_seo_html_title":"","jetpack_seo_noindex":false,"jetpack_post_was_ever_published":false,"_daim_seo_power":"","_daim_enable_ail":"","_FSMCFIC_featured_image_caption":"","_FSMCFIC_featured_image_nocaption":"","_FSMCFIC_featured_image_hide":""},"product_cat":[132726,132727,136003],"product_tag":[],"class_list":{"0":"post-244694","1":"product","2":"type-product","3":"status-publish","4":"has-post-thumbnail","6":"product_brand-la-moderna","7":"product_cat-grocery-gourmet-food","8":"product_cat-pantry-staples","9":"product_cat-pasta-noodles","11":"first","12":"instock","13":"shipping-taxable","14":"purchasable","15":"product-type-variable"},"jetpack_sharing_enabled":true,"jetpack_likes_enabled":true,"jetpack-related-posts":[{"id":236478,"url":"https:\/\/menuculture.com\/recipeshop\/product\/la-moderna-codos-pasta-hecha-con-semola-de-trigo-durum-enriquecida-con-vitaminas-y-hierro-7-oz\/","url_meta":{"origin":244694,"position":0},"title":"LA MODERNA, Codos, Pasta, Hecha con S\u00e9mola de Trigo Durum, Enriquecida con Vitaminas y Hierro, 7 oz","author":"","date":"March 29, 2025","format":false,"excerpt":"ELBOW PASTA. Revive la nostalgia de tu infancia con esta pasta, un cl\u00e1sico favorito de todas las generaciones. Ideal para preparar sopas, caldos o llevar al lunch, su divertida forma curvada agrega un toque \u00fanico a cada receta NUTRICI\u00d3N COMPLETA. Fortificadas con vitaminas B1, B2 y B3, hierro, fibra y\u2026","rel":"","context":"With 4 comments","block_context":{"text":"With 4 comments","link":"https:\/\/menuculture.com\/recipeshop\/product\/la-moderna-codos-pasta-hecha-con-semola-de-trigo-durum-enriquecida-con-vitaminas-y-hierro-7-oz\/#comments"},"img":{"alt_text":"","src":"","width":0,"height":0},"classes":[]},{"id":243116,"url":"https:\/\/menuculture.com\/recipeshop\/product\/havanna-alfajor-mar-del-plata\/","url_meta":{"origin":244694,"position":1},"title":"HAVANNA | Alfajor Mar del Plata","author":"","date":"April 23, 2025","format":false,"excerpt":"Dulce de leche: El alfajor es relleno de nuestro cl\u00e1sico dulce de leche, que se ha preparado con gran maestr\u00eda y se mantiene caliente durante mucho tiempo para que no pierda su sabor. Tapas con cristal de sal marina: Los alfajores est\u00e1n cubiertos con tapas de cristal de sal marina,\u2026","rel":"","context":"Similar post","block_context":{"text":"Similar post","link":""},"img":{"alt_text":"","src":"","width":0,"height":0},"classes":[]},{"id":246275,"url":"https:\/\/menuculture.com\/recipeshop\/product\/naturejam-cuachalalate-8-ounce-bag-stomach-ulcer-digestive-discomfort-help-100-natural-wildcraft-no-processing-aka-juliana-adstringens\/","url_meta":{"origin":244694,"position":2},"title":"Naturejam Cuachalalate 8 Ounce Bag-Stomach Ulcer &#038; Digestive Discomfort Help-100% Natural Wildcraft-No Processing aka Juliana Adstringens","author":"","date":"April 26, 2025","format":false,"excerpt":"In Mexican Traditional Medicine, The Tree Bark Is Decocted And Drunk As A Tea For A Myriad Of Health Problems Such As Gastric Ulcers, Liver Problems, As A Blood Purifier Cuachalalate Or Ampbypteryngium Adstingens As Is Commonly Known, Great For Gastritis, Gastrointestinal Ailments Such As Ulcers, Stomach Cancer, And Cutaneous\u2026","rel":"","context":"Similar post","block_context":{"text":"Similar post","link":""},"img":{"alt_text":"","src":"","width":0,"height":0},"classes":[]},{"id":246280,"url":"https:\/\/menuculture.com\/recipeshop\/product\/naturejam-cuachalalate-1-pound-bag-stomach-ulcer-digestive-discomfort-help-100-natural-wildcraft-no-processing-aka-juliana-adstringens\/","url_meta":{"origin":244694,"position":3},"title":"Naturejam Cuachalalate 1 Pound Bag-Stomach Ulcer &#038; Digestive Discomfort Help-100% Natural Wildcraft-No Processing aka Juliana Adstringens","author":"","date":"April 26, 2025","format":false,"excerpt":"In Mexican Traditional Medicine, The Tree Bark Is Decocted And Drunk As A Tea For A Myriad Of Health Problems Such As Gastric Ulcers, Liver Problems, As A Blood Purifier Cuachalalate Or Ampbypteryngium Adstingens As Is Commonly Known, Great For Gastritis, Gastrointestinal Ailments Such As Ulcers, Stomach Cancer, And Cutaneous\u2026","rel":"","context":"Similar post","block_context":{"text":"Similar post","link":""},"img":{"alt_text":"","src":"","width":0,"height":0},"classes":[]},{"id":244036,"url":"https:\/\/menuculture.com\/recipeshop\/product\/naturejam-cuachalalate-5-pounds-bag-stomach-ulcer-digestive-discomfort-help-100-natural-wildcraft-no-processing-aka-juliana-adstringens\/","url_meta":{"origin":244694,"position":4},"title":"Naturejam Cuachalalate 5 Pounds Bag-Stomach Ulcer &#038; Digestive Discomfort Help-100% Natural Wildcraft-No Processing aka Juliana Adstringens","author":"","date":"April 24, 2025","format":false,"excerpt":"In Mexican Traditional Medicine, The Tree Bark Is Decocted And Drunk As A Tea For A Myriad Of Health Problems Such As Gastric Ulcers, Liver Problems, As A Blood Purifier Cuachalalate Or Ampbypteryngium Adstingens As Is Commonly Known, Great For Gastritis, Gastrointestinal Ailments Such As Ulcers, Stomach Cancer, And Cutaneous\u2026","rel":"","context":"Similar post","block_context":{"text":"Similar post","link":""},"img":{"alt_text":"","src":"","width":0,"height":0},"classes":[]},{"id":236579,"url":"https:\/\/menuculture.com\/recipeshop\/product\/mantova-organic-shells-pasta-160-oz-10-lbs-pack-of-1-product-of-italy-traditional-bronze-die-slow-dried-conchiglie-pasta-made-with-100-italian-all-natural-durum-wheat-semolina-bulk-pasta\/","url_meta":{"origin":244694,"position":5},"title":"Mantova Organic Shells Pasta, 160 oz. (10 lbs.) (Pack of 1), Product of Italy, Traditional, Bronze-Die, Slow-Dried Conchiglie Pasta, Made with 100% Italian, All-Natural Durum Wheat Semolina, Bulk Pasta for Foodservice, Restaurants, Catering, Dining Halls, Cafeterias, Non-GMO, No Artificial Flavoring, Coloring or Preservatives","author":"","date":"March 29, 2025","format":false,"excerpt":"Product of Italy Organic, bronze-die, slow-dried farfalle pasta, also known as bow tie and butterfly pasta Made with 100% Italian, all-natural durum wheat semolina and water USDA-certified organic, non-GMO, and no artificial flavoring, coloring or preservatives","rel":"","context":"Similar post","block_context":{"text":"Similar post","link":""},"img":{"alt_text":"","src":"","width":0,"height":0},"classes":[]}],"_links":{"self":[{"href":"https:\/\/menuculture.com\/recipeshop\/wp-json\/wp\/v2\/product\/244694","targetHints":{"allow":["GET"]}}],"collection":[{"href":"https:\/\/menuculture.com\/recipeshop\/wp-json\/wp\/v2\/product"}],"about":[{"href":"https:\/\/menuculture.com\/recipeshop\/wp-json\/wp\/v2\/types\/product"}],"replies":[{"embeddable":true,"href":"https:\/\/menuculture.com\/recipeshop\/wp-json\/wp\/v2\/comments?post=244694"}],"wp:featuredmedia":[{"embeddable":true,"href":"https:\/\/menuculture.com\/recipeshop\/wp-json\/wp\/v2\/product\/244694"}],"wp:attachment":[{"href":"https:\/\/menuculture.com\/recipeshop\/wp-json\/wp\/v2\/media?parent=244694"}],"wp:term":[{"taxonomy":"product_cat","embeddable":true,"href":"https:\/\/menuculture.com\/recipeshop\/wp-json\/wp\/v2\/product_cat?post=244694"},{"taxonomy":"product_tag","embeddable":true,"href":"https:\/\/menuculture.com\/recipeshop\/wp-json\/wp\/v2\/product_tag?post=244694"}],"curies":[{"name":"wp","href":"https:\/\/api.w.org\/{rel}","templated":true}]}}