{"id":244650,"date":"2025-04-25T05:50:49","date_gmt":"2025-04-25T09:50:49","guid":{"rendered":"https:\/\/menuculture.com\/recipeshop\/product\/la-choy-chop-suey-vegetables-asian-cuisine-14oz-8-pack\/"},"modified":"2025-08-11T21:57:57","modified_gmt":"2025-08-12T01:57:57","slug":"la-choy-chop-suey-vegetables-asian-cuisine-14oz-8-pack","status":"publish","type":"product","link":"https:\/\/menuculture.com\/recipeshop\/product\/la-choy-chop-suey-vegetables-asian-cuisine-14oz-8-pack\/","title":{"rendered":"La Choy CHOP SUEY VEGETABLES Asian Cuisine 14oz (8 pack)"},"content":{"rendered":"<ul>\n<li>8 &#8211; 14oz Cans of Asian Cuisine CHOP SUEY VEGETABLES by La Choy<\/li>\n<\/ul>\n<ul>\n<li>La Choy Chop Suey Vegetables add a new twist to your everyday meals. This mixture of Asian-style vegetables includes bean sprouts, onions, and carrots.<\/li>\n<\/ul>\n<ul>\n<li>Item Package Dimension: 16.51cm L x 21.59cm W x 21.59cm H<\/li>\n<\/ul>\n<ul>\n<li>Item Package Weight: 8.6 lb<\/li>\n<\/ul>\n","protected":false},"excerpt":{"rendered":"<p> [&#8230;]\n","protected":false},"featured_media":244650,"comment_status":"open","ping_status":"closed","template":"","meta":{"wprm-recipe-roundup-name":"","wprm-recipe-roundup-description":"","wpupg_custom_link":[],"wpupg_custom_link_behaviour":[],"wpupg_custom_link_nofollow":[],"wpupg_custom_image":[],"wpupg_custom_image_id":[],"advanced_seo_description":"","jetpack_seo_html_title":"","jetpack_seo_noindex":false,"jetpack_post_was_ever_published":false,"_daim_seo_power":"","_daim_enable_ail":"","_FSMCFIC_featured_image_caption":"","_FSMCFIC_featured_image_nocaption":"","_FSMCFIC_featured_image_hide":"","_predictive_search_focuskw":"","_ps_exclude_item":""},"product_cat":[132728,132726,132727],"product_tag":[],"class_list":{"0":"post-244650","1":"product","2":"type-product","3":"status-publish","4":"has-post-thumbnail","6":"product_brand-la-choy","7":"product_cat-canned-jarred-packaged-foods","8":"product_cat-grocery-gourmet-food","9":"product_cat-pantry-staples","11":"first","12":"instock","13":"sale","14":"virtual","15":"purchasable","16":"product-type-simple"},"a3_pvc":{"activated":false,"total_views":0,"today_views":0},"jetpack_sharing_enabled":true,"jetpack_likes_enabled":true,"jetpack-related-posts":[{"id":241771,"url":"https:\/\/menuculture.com\/recipeshop\/product\/la-choy-bean-sprouts-asian-cuisine-14oz\/","url_meta":{"origin":244650,"position":0},"title":"La Choy, Bean Sprouts Asian Cuisine 14oz","author":"","date":"April 22, 2025","format":false,"excerpt":"No detailed information available for this product.","rel":"","context":"Similar post","block_context":{"text":"Similar post","link":""},"img":{"alt_text":"","src":"","width":0,"height":0},"classes":[]},{"id":244649,"url":"https:\/\/menuculture.com\/recipeshop\/product\/la-choy-soy-sauce-10-oz-pack-of-3\/","url_meta":{"origin":244650,"position":1},"title":"La Choy Soy Sauce 10 Oz (Pack of 3)","author":"","date":"April 25, 2025","format":false,"excerpt":"10 Oz Bottle (Pack of 3) An essential all-purpose sauce that adds Asian flavor to a variety of dishes The package dimension of the product is 13.7cmL x 16.4cmW x 31.2cmH Package Weight: 1.814 kilograms","rel":"","context":"Similar post","block_context":{"text":"Similar post","link":""},"img":{"alt_text":"","src":"","width":0,"height":0},"classes":[]},{"id":244653,"url":"https:\/\/menuculture.com\/recipeshop\/product\/la-choy-chow-mein-noodles-5-oz\/","url_meta":{"origin":244650,"position":2},"title":"La Choy Chow Mein Noodles, 5 oz","author":"","date":"April 25, 2025","format":false,"excerpt":"Add a touch of Asian-inspired flavor to your favorite recipes with La Choy Chow Mein Noodles La Choy Chow Mein Noodles are quick-cooked, so they're always light and crunchy Combine La Choy Chow Mein Noodles with salads, meals, and desserts for a fresh and easy way to add texture and\u2026","rel":"","context":"Similar post","block_context":{"text":"Similar post","link":""},"img":{"alt_text":"","src":"","width":0,"height":0},"classes":[]},{"id":245594,"url":"https:\/\/menuculture.com\/recipeshop\/product\/14oz-mung-bean-vermicelli-mung-bean-sheet-noodles-also-known-as-%e7%b2%89%e4%b8%9d-%e7%b2%89%e7%b5%b2-%e0%b8%a7%e0%b8%b8%e0%b9%89%e0%b8%99%e0%b9%80%e0%b8%aa%e0%b9%89%e0%b8%99-mien-bun\/","url_meta":{"origin":244650,"position":3},"title":"14oz MUNG BEAN VERMICELLI (mung bean sheet noodles), also known as \u7c89\u4e1d, \u7c89\u7d72, \u0e27\u0e38\u0e49\u0e19\u0e40\u0e2a\u0e49\u0e19, Mi\u1ebfn, B\u00fan, \ub2f9\uba74, \u6625\u96e8, Sotanghon, Soun, Bihun kaca, \u101e\u1036\u1015\u101b\u102c\u101b\u103d\u103e\u1032, and \u179f\u17c6\u1794\u17bb\u1780\u1783\u17d2\u1798\u17bb\u17c6, is a versatile ingredient used in dishes such as F\u011bn S\u012b T\u0101ng (\u7c89\u4e1d\u6c64), Yen Ta Fo (\u0e27\u0e38\u0e49\u0e19\u0e40\u0e2a\u0e49\u0e19), Sotanghon Soup, Pad Woon Sen (\u0e1c\u0e31\u0e14\u0e27\u0e38\u0e49\u0e19\u0e40\u0e2a\u0e49\u0e19), Japchae (\uc7a1\ucc44), and D\u00f2u F\u01d4 F\u011bn S\u012b (\u8c46\u8150\u7c89\u4e1d).","author":"","date":"April 26, 2025","format":false,"excerpt":"Stir-Fried Mung Bean Sheets with Vegetables & Meat \u2013 The noodles are cut into strips and stir-fried with garlic, soy sauce, vegetables (like carrots, bell peppers, and bok choy), and proteins like chicken, beef, or tofu. Quick and easy\u2014simply soak for 3 minutes and boil for 3 to 5 minutes\u2026","rel":"","context":"Similar post","block_context":{"text":"Similar post","link":""},"img":{"alt_text":"","src":"","width":0,"height":0},"classes":[]},{"id":234797,"url":"https:\/\/menuculture.com\/recipeshop\/product\/la-choy-bamboo-shoots-8-oz\/","url_meta":{"origin":244650,"position":4},"title":"La Choy Bamboo Shoots, 8 oz","author":"","date":"March 24, 2025","format":false,"excerpt":"No detailed information available for this product.","rel":"","context":"Similar post","block_context":{"text":"Similar post","link":""},"img":{"alt_text":"","src":"","width":0,"height":0},"classes":[]},{"id":244652,"url":"https:\/\/menuculture.com\/recipeshop\/product\/la-choy-noodles\/","url_meta":{"origin":244650,"position":5},"title":"La Choy Noodles","author":"","date":"April 25, 2025","format":false,"excerpt":"No detailed information available for this product.","rel":"","context":"Similar post","block_context":{"text":"Similar post","link":""},"img":{"alt_text":"","src":"","width":0,"height":0},"classes":[]}],"_links":{"self":[{"href":"https:\/\/menuculture.com\/recipeshop\/wp-json\/wp\/v2\/product\/244650","targetHints":{"allow":["GET"]}}],"collection":[{"href":"https:\/\/menuculture.com\/recipeshop\/wp-json\/wp\/v2\/product"}],"about":[{"href":"https:\/\/menuculture.com\/recipeshop\/wp-json\/wp\/v2\/types\/product"}],"replies":[{"embeddable":true,"href":"https:\/\/menuculture.com\/recipeshop\/wp-json\/wp\/v2\/comments?post=244650"}],"wp:featuredmedia":[{"embeddable":true,"href":"https:\/\/menuculture.com\/recipeshop\/wp-json\/wp\/v2\/product\/244650"}],"wp:attachment":[{"href":"https:\/\/menuculture.com\/recipeshop\/wp-json\/wp\/v2\/media?parent=244650"}],"wp:term":[{"taxonomy":"product_cat","embeddable":true,"href":"https:\/\/menuculture.com\/recipeshop\/wp-json\/wp\/v2\/product_cat?post=244650"},{"taxonomy":"product_tag","embeddable":true,"href":"https:\/\/menuculture.com\/recipeshop\/wp-json\/wp\/v2\/product_tag?post=244650"}],"curies":[{"name":"wp","href":"https:\/\/api.w.org\/{rel}","templated":true}]}}