{"id":240913,"date":"2025-04-21T15:46:06","date_gmt":"2025-04-21T19:46:06","guid":{"rendered":"https:\/\/menuculture.com\/recipeshop\/product\/mccormick-all-natural-pure-vanilla-extract\/"},"modified":"2025-08-11T06:29:00","modified_gmt":"2025-08-11T10:29:00","slug":"mccormick-all-natural-pure-vanilla-extract","status":"publish","type":"product","link":"https:\/\/menuculture.com\/recipeshop\/product\/mccormick-all-natural-pure-vanilla-extract\/","title":{"rendered":"McCormick All Natural Pure Vanilla Extract"},"content":{"rendered":"<ul>\n<li>Premium pure vanilla bean extract with a deep, rich taste and color<\/li>\n<\/ul>\n<ul>\n<li>Each batch blended for consistent flavor in every bottle<\/li>\n<\/ul>\n<ul>\n<li>A baker\u2019s best friend \u2014 even balances meat and seafood dishes<\/li>\n<\/ul>\n<ul>\n<li>No corn syrup, gluten-free and Non-GMO<\/li>\n<\/ul>\n<ul>\n<li>Perfect addition to cakes, cookies, pies and other baked goods<\/li>\n<\/ul>\n<ul>\n<li>Easy pour spout eliminates unnecessary mess<\/li>\n<\/ul>\n","protected":false},"excerpt":{"rendered":"<p> [&#8230;]\n","protected":false},"featured_media":240913,"comment_status":"open","ping_status":"closed","template":"","meta":{"wprm-recipe-roundup-name":"","wprm-recipe-roundup-description":"","wpupg_custom_link":[],"wpupg_custom_link_behaviour":[],"wpupg_custom_link_nofollow":[],"wpupg_custom_image":[],"wpupg_custom_image_id":[],"advanced_seo_description":"","jetpack_seo_html_title":"","jetpack_seo_noindex":false,"jetpack_post_was_ever_published":false,"_daim_seo_power":"","_daim_enable_ail":"","_FSMCFIC_featured_image_caption":"","_FSMCFIC_featured_image_nocaption":"","_FSMCFIC_featured_image_hide":""},"product_cat":[132789,132726,132727],"product_tag":[],"class_list":{"0":"post-240913","1":"product","2":"type-product","3":"status-publish","4":"has-post-thumbnail","6":"product_brand-mccormick","7":"product_cat-cooking-baking","8":"product_cat-grocery-gourmet-food","9":"product_cat-pantry-staples","11":"first","12":"instock","13":"shipping-taxable","14":"purchasable","15":"product-type-variable"},"jetpack_sharing_enabled":true,"jetpack_likes_enabled":true,"jetpack-related-posts":[{"id":248652,"url":"https:\/\/menuculture.com\/recipeshop\/product\/rodelle-gourmet-pure-vanilla-extract-8-oz\/","url_meta":{"origin":240913,"position":0},"title":"Rodelle Gourmet Pure Vanilla Extract, 8 Oz","author":"","date":"April 29, 2025","format":false,"excerpt":"PREMIUM VANILLA EXPERIENCE: Made with only pure ingredients; vanilla beans, water and alcohol, Rodelle's Gourmet Vanilla Extract is a premium vanilla extract. We hand-craft each batch from the finest vanilla beans for exceptional quality and flavor. GOURMET VANILLA: Rodelle Gourmet Pure vanilla extract is made with only three ingredients and\u2026","rel":"","context":"Similar post","block_context":{"text":"Similar post","link":""},"img":{"alt_text":"","src":"","width":0,"height":0},"classes":[]},{"id":240912,"url":"https:\/\/menuculture.com\/recipeshop\/product\/watkins-pure-vanilla-extract-16-ounce\/","url_meta":{"origin":240913,"position":1},"title":"Watkins Pure Vanilla Extract, 16 Ounce","author":"","date":"April 21, 2025","format":false,"excerpt":"Pure Vanilla Extract made with highest quality Madagascar vanilla beans Manufactured and aged to perfection in-house using same process for over 140 years Crafted in the USA Watkins Pure Vanilla Extract with Madagascar Vanilla Beans delivers our rich, award-winning vanilla flavor Usage Ideas - Baked Goods: Cookies, cakes, scones, cobblers\u2026","rel":"","context":"Similar post","block_context":{"text":"Similar post","link":""},"img":{"alt_text":"","src":"","width":0,"height":0},"classes":[]},{"id":248646,"url":"https:\/\/menuculture.com\/recipeshop\/product\/rodelle-fair-trade-organic-pure-vanilla-extract\/","url_meta":{"origin":240913,"position":2},"title":"Rodelle Fair Trade Organic Pure Vanilla Extract","author":"","date":"April 29, 2025","format":false,"excerpt":"Fairtrade and Organic Certified vanilla extract \u2013 responsibly sourced from Madagascar. Ingredients: Organic Vanilla Bean Extractives in Water and Organic Alcohol Extracted with care in Rodelle\u2019s wind-powered facility in Colorado from hand-pollinated Madagascar Bourbon vanilla beans. Consistently great tasting vanilla extract from vanilla beans that are traceable to the farmer.\u2026","rel":"","context":"Similar post","block_context":{"text":"Similar post","link":""},"img":{"alt_text":"","src":"","width":0,"height":0},"classes":[]},{"id":245168,"url":"https:\/\/menuculture.com\/recipeshop\/product\/magnolia-star-vanilla-bean-paste-16-oz-made-with-organic-agave-vanilla-bean-powder-double-strength-pure-vanilla-extract-8-oz-bottles-2-ct\/","url_meta":{"origin":240913,"position":3},"title":"Magnolia-Star Vanilla Bean Paste, 16 oz., Made with Organic Agave, Vanilla Bean Powder &#038; Double Strength Pure Vanilla Extract (8 oz. Bottles, 2 Ct)","author":"","date":"April 26, 2025","format":false,"excerpt":"VANILLA BEAN PASTE: Enhance the flavor of any recipe with Magnolia-Star Vanilla Bean Paste. Add vanilla bean flavoring and real vanilla bean specks to cakes, pudding, cookies, whipped cream, ice cream, coffee and cr\u00e8me br\u00fbl\u00e9e. CLEAN AND SIMPLE INGREDIENTS: Our natural vanilla paste is made with organic agave, vanilla bean\u2026","rel":"","context":"Similar post","block_context":{"text":"Similar post","link":""},"img":{"alt_text":"","src":"","width":0,"height":0},"classes":[]},{"id":240895,"url":"https:\/\/menuculture.com\/recipeshop\/product\/nielsen-massey-madagascar-bourbon-pure-vanilla-extract\/","url_meta":{"origin":240913,"position":4},"title":"Nielsen-Massey Madagascar Bourbon Pure Vanilla Extract","author":"","date":"April 21, 2025","format":false,"excerpt":"No detailed information available for this product.","rel":"","context":"With 5 comments","block_context":{"text":"With 5 comments","link":"https:\/\/menuculture.com\/recipeshop\/product\/nielsen-massey-madagascar-bourbon-pure-vanilla-extract\/#comments"},"img":{"alt_text":"","src":"","width":0,"height":0},"classes":[]},{"id":246490,"url":"https:\/\/menuculture.com\/recipeshop\/product\/nielsen-massey-pure-vanilla-extract-for-baking-and-cooking\/","url_meta":{"origin":240913,"position":5},"title":"Nielsen-Massey Pure Vanilla Extract for Baking and Cooking","author":"","date":"April 27, 2025","format":false,"excerpt":"No detailed information available for this product.","rel":"","context":"Similar post","block_context":{"text":"Similar post","link":""},"img":{"alt_text":"","src":"","width":0,"height":0},"classes":[]}],"_links":{"self":[{"href":"https:\/\/menuculture.com\/recipeshop\/wp-json\/wp\/v2\/product\/240913","targetHints":{"allow":["GET"]}}],"collection":[{"href":"https:\/\/menuculture.com\/recipeshop\/wp-json\/wp\/v2\/product"}],"about":[{"href":"https:\/\/menuculture.com\/recipeshop\/wp-json\/wp\/v2\/types\/product"}],"replies":[{"embeddable":true,"href":"https:\/\/menuculture.com\/recipeshop\/wp-json\/wp\/v2\/comments?post=240913"}],"wp:featuredmedia":[{"embeddable":true,"href":"https:\/\/menuculture.com\/recipeshop\/wp-json\/wp\/v2\/product\/240913"}],"wp:attachment":[{"href":"https:\/\/menuculture.com\/recipeshop\/wp-json\/wp\/v2\/media?parent=240913"}],"wp:term":[{"taxonomy":"product_cat","embeddable":true,"href":"https:\/\/menuculture.com\/recipeshop\/wp-json\/wp\/v2\/product_cat?post=240913"},{"taxonomy":"product_tag","embeddable":true,"href":"https:\/\/menuculture.com\/recipeshop\/wp-json\/wp\/v2\/product_tag?post=240913"}],"curies":[{"name":"wp","href":"https:\/\/api.w.org\/{rel}","templated":true}]}}