{"id":240912,"date":"2025-04-21T15:45:58","date_gmt":"2025-04-21T19:45:58","guid":{"rendered":"https:\/\/menuculture.com\/recipeshop\/product\/watkins-pure-vanilla-extract-16-ounce\/"},"modified":"2025-08-11T06:28:21","modified_gmt":"2025-08-11T10:28:21","slug":"watkins-pure-vanilla-extract-16-ounce","status":"publish","type":"product","link":"https:\/\/menuculture.com\/recipeshop\/product\/watkins-pure-vanilla-extract-16-ounce\/","title":{"rendered":"Watkins Pure Vanilla Extract, 16 Ounce"},"content":{"rendered":"<ul>\n<li>Pure Vanilla Extract made with highest quality Madagascar vanilla beans<\/li>\n<\/ul>\n<ul>\n<li>Manufactured and aged to perfection in-house using same process for over 140 years<\/li>\n<\/ul>\n<ul>\n<li>Crafted in the USA<\/li>\n<\/ul>\n<ul>\n<li>Watkins Pure Vanilla Extract with Madagascar Vanilla Beans delivers our rich, award-winning vanilla flavor<\/li>\n<\/ul>\n<ul>\n<li>Usage Ideas &#8211; Baked Goods: Cookies, cakes, scones, cobblers and more; Frozen &#038; Whipped Recipes: Ice Creams, Milkshakes, Whipped Creams and more; Beverages: Coffees, teas, cocktails and more<\/li>\n<\/ul>\n","protected":false},"excerpt":{"rendered":"<p> [&#8230;]\n","protected":false},"featured_media":240912,"comment_status":"open","ping_status":"closed","template":"","meta":{"wprm-recipe-roundup-name":"","wprm-recipe-roundup-description":"","wpupg_custom_link":[],"wpupg_custom_link_behaviour":[],"wpupg_custom_link_nofollow":[],"wpupg_custom_image":[],"wpupg_custom_image_id":[],"advanced_seo_description":"","jetpack_seo_html_title":"","jetpack_seo_noindex":false,"jetpack_post_was_ever_published":false,"_daim_seo_power":"","_daim_enable_ail":"","_FSMCFIC_featured_image_caption":"","_FSMCFIC_featured_image_nocaption":"","_FSMCFIC_featured_image_hide":""},"product_cat":[132789,132726,132727],"product_tag":[],"class_list":{"0":"post-240912","1":"product","2":"type-product","3":"status-publish","4":"has-post-thumbnail","6":"product_brand-watkins","7":"product_cat-cooking-baking","8":"product_cat-grocery-gourmet-food","9":"product_cat-pantry-staples","11":"first","12":"instock","13":"virtual","14":"purchasable","15":"product-type-simple"},"jetpack_sharing_enabled":true,"jetpack_likes_enabled":true,"jetpack-related-posts":[{"id":248646,"url":"https:\/\/menuculture.com\/recipeshop\/product\/rodelle-fair-trade-organic-pure-vanilla-extract\/","url_meta":{"origin":240912,"position":0},"title":"Rodelle Fair Trade Organic Pure Vanilla Extract","author":"","date":"April 29, 2025","format":false,"excerpt":"Fairtrade and Organic Certified vanilla extract \u2013 responsibly sourced from Madagascar. Ingredients: Organic Vanilla Bean Extractives in Water and Organic Alcohol Extracted with care in Rodelle\u2019s wind-powered facility in Colorado from hand-pollinated Madagascar Bourbon vanilla beans. Consistently great tasting vanilla extract from vanilla beans that are traceable to the farmer.\u2026","rel":"","context":"Similar post","block_context":{"text":"Similar post","link":""},"img":{"alt_text":"","src":"","width":0,"height":0},"classes":[]},{"id":247291,"url":"https:\/\/menuculture.com\/recipeshop\/product\/villa-vainilla-pure-vanilla-extract-elixir-premium-concentrated-vanilla-real-natural-gourmet-vanilla-flavor-from-mexico-4-2-fl-oz\/","url_meta":{"origin":240912,"position":1},"title":"Villa Vainilla Pure Vanilla Extract Elixir- Premium Concentrated Vanilla, Real, Natural, Gourmet Vanilla Flavor from Mexico (4.2 FL OZ)","author":"","date":"April 27, 2025","format":false,"excerpt":"REAL VANILLA - Our Mexican Vanilla Extract is made with the best vanilla beans naturally cultivated in the fields of Papantla, Mexico, the motherland of vanilla, without any artificial pollination, greenhouses, or chemicals. FLAVORFUL & AROMATIC - The aroma of our pure Mexican vanilla beans is more potent and stronger\u2026","rel":"","context":"Similar post","block_context":{"text":"Similar post","link":""},"img":{"alt_text":"","src":"","width":0,"height":0},"classes":[]},{"id":249465,"url":"https:\/\/menuculture.com\/recipeshop\/product\/slofoodgroup-gourmet-madagascar-vanilla-beans-premium-grade-a-bourbon-vanilla-pods-from-madagascar-vanilla-planifolia-for-baking-and-vanilla-extract\/","url_meta":{"origin":240912,"position":2},"title":"Slofoodgroup Gourmet Madagascar Vanilla Beans &#8211; Premium Grade A Bourbon Vanilla Pods from Madagascar Vanilla Planifolia for Baking and Vanilla Extract","author":"","date":"May 1, 2025","format":false,"excerpt":"Madagascar Bourbon Vanilla Beans Gourmet Vanilla Planifolia Madagascar Vanilla Beans are 14 cm and up with rich notes of chocolatey, butter and aromatic Madagascar Vanilla is perfect for making vanilla extract or any baking needs that call for vanilla beans Vanilla flavor can be described as warm, creamy, butter with\u2026","rel":"","context":"Similar post","block_context":{"text":"Similar post","link":""},"img":{"alt_text":"","src":"","width":0,"height":0},"classes":[]},{"id":249472,"url":"https:\/\/menuculture.com\/recipeshop\/product\/madagascar-vanilla-beans-extract-grade-b-vanilla-pods-bourbon-vanilla-planifolia-from-madagascar-for-cooking-baking-and-vanilla-extract\/","url_meta":{"origin":240912,"position":3},"title":"Madagascar Vanilla Beans &#8211; Extract Grade B Vanilla Pods &#8211; Bourbon Vanilla Planifolia from Madagascar for Cooking, Baking, and Vanilla Extract","author":"","date":"May 1, 2025","format":false,"excerpt":"No detailed information available for this product.","rel":"","context":"Similar post","block_context":{"text":"Similar post","link":""},"img":{"alt_text":"","src":"","width":0,"height":0},"classes":[]},{"id":245168,"url":"https:\/\/menuculture.com\/recipeshop\/product\/magnolia-star-vanilla-bean-paste-16-oz-made-with-organic-agave-vanilla-bean-powder-double-strength-pure-vanilla-extract-8-oz-bottles-2-ct\/","url_meta":{"origin":240912,"position":4},"title":"Magnolia-Star Vanilla Bean Paste, 16 oz., Made with Organic Agave, Vanilla Bean Powder &#038; Double Strength Pure Vanilla Extract (8 oz. Bottles, 2 Ct)","author":"","date":"April 26, 2025","format":false,"excerpt":"VANILLA BEAN PASTE: Enhance the flavor of any recipe with Magnolia-Star Vanilla Bean Paste. Add vanilla bean flavoring and real vanilla bean specks to cakes, pudding, cookies, whipped cream, ice cream, coffee and cr\u00e8me br\u00fbl\u00e9e. CLEAN AND SIMPLE INGREDIENTS: Our natural vanilla paste is made with organic agave, vanilla bean\u2026","rel":"","context":"Similar post","block_context":{"text":"Similar post","link":""},"img":{"alt_text":"","src":"","width":0,"height":0},"classes":[]},{"id":240895,"url":"https:\/\/menuculture.com\/recipeshop\/product\/nielsen-massey-madagascar-bourbon-pure-vanilla-extract\/","url_meta":{"origin":240912,"position":5},"title":"Nielsen-Massey Madagascar Bourbon Pure Vanilla Extract","author":"","date":"April 21, 2025","format":false,"excerpt":"No detailed information available for this product.","rel":"","context":"With 5 comments","block_context":{"text":"With 5 comments","link":"https:\/\/menuculture.com\/recipeshop\/product\/nielsen-massey-madagascar-bourbon-pure-vanilla-extract\/#comments"},"img":{"alt_text":"","src":"","width":0,"height":0},"classes":[]}],"_links":{"self":[{"href":"https:\/\/menuculture.com\/recipeshop\/wp-json\/wp\/v2\/product\/240912","targetHints":{"allow":["GET"]}}],"collection":[{"href":"https:\/\/menuculture.com\/recipeshop\/wp-json\/wp\/v2\/product"}],"about":[{"href":"https:\/\/menuculture.com\/recipeshop\/wp-json\/wp\/v2\/types\/product"}],"replies":[{"embeddable":true,"href":"https:\/\/menuculture.com\/recipeshop\/wp-json\/wp\/v2\/comments?post=240912"}],"wp:featuredmedia":[{"embeddable":true,"href":"https:\/\/menuculture.com\/recipeshop\/wp-json\/wp\/v2\/product\/240912"}],"wp:attachment":[{"href":"https:\/\/menuculture.com\/recipeshop\/wp-json\/wp\/v2\/media?parent=240912"}],"wp:term":[{"taxonomy":"product_cat","embeddable":true,"href":"https:\/\/menuculture.com\/recipeshop\/wp-json\/wp\/v2\/product_cat?post=240912"},{"taxonomy":"product_tag","embeddable":true,"href":"https:\/\/menuculture.com\/recipeshop\/wp-json\/wp\/v2\/product_tag?post=240912"}],"curies":[{"name":"wp","href":"https:\/\/api.w.org\/{rel}","templated":true}]}}