{"id":240903,"date":"2025-04-21T15:45:35","date_gmt":"2025-04-21T19:45:35","guid":{"rendered":"https:\/\/menuculture.com\/recipeshop\/product\/simply-organic-3\/"},"modified":"2025-08-11T06:27:37","modified_gmt":"2025-08-11T10:27:37","slug":"simply-organic-3","status":"publish","type":"product","link":"https:\/\/menuculture.com\/recipeshop\/product\/simply-organic-3\/","title":{"rendered":"Simply Organic"},"content":{"rendered":"<ul>\n<li>PURE MADAGASCAR VANILLA EXTRACT &#8211; Nothing but pure organic vanilla extracted from premium Bourbon beans. This is the epitome of real vanilla: warm aroma, deep color, rich flavor, smooth and sweet.<\/li>\n<\/ul>\n<ul>\n<li>BEST USES &#8211; Enhance both sweet and savory dishes with our pure vanilla extract. Use in sauces, beverages, or even marinades. A pantry essential for those who demand the best in pure vanilla.<\/li>\n<\/ul>\n<ul>\n<li>ORGANIC EXTRACTS &#038; FLAVORINGS &#8211; Simply Organic baking essentials help you create exceptional treats for every occasion. Always thoughtfully sourced and certified organic for pure, potent goodness.<\/li>\n<\/ul>\n<ul>\n<li>GROWN FOR SOMETHING GREATER &#8211; Simply Organic works directly with sourcing partners whenever possible, paying fair prices directly to them, without a middleman, to maximize the grower&#8217;s return.<\/li>\n<\/ul>\n<ul>\n<li>ABOUT US &#8211; We are Simply Organic. The original, all-organic spice brand that lives up to the promise of our name in all we cultivate and bring to the table.<\/li>\n<\/ul>\n","protected":false},"excerpt":{"rendered":"<p> [&#8230;]\n","protected":false},"featured_media":240903,"comment_status":"open","ping_status":"closed","template":"","meta":{"wprm-recipe-roundup-name":"","wprm-recipe-roundup-description":"","wpupg_custom_link":[],"wpupg_custom_link_behaviour":[],"wpupg_custom_link_nofollow":[],"wpupg_custom_image":[],"wpupg_custom_image_id":[],"advanced_seo_description":"","jetpack_seo_html_title":"","jetpack_seo_noindex":false,"jetpack_post_was_ever_published":false,"_daim_seo_power":"","_daim_enable_ail":"","_FSMCFIC_featured_image_caption":"","_FSMCFIC_featured_image_nocaption":"","_FSMCFIC_featured_image_hide":""},"product_cat":[132789,132726,132727],"product_tag":[],"class_list":{"0":"post-240903","1":"product","2":"type-product","3":"status-publish","4":"has-post-thumbnail","6":"product_brand-simply-organic","7":"product_cat-cooking-baking","8":"product_cat-grocery-gourmet-food","9":"product_cat-pantry-staples","11":"first","12":"instock","13":"shipping-taxable","14":"purchasable","15":"product-type-variable"},"jetpack_sharing_enabled":true,"jetpack_likes_enabled":true,"jetpack-related-posts":[{"id":248646,"url":"https:\/\/menuculture.com\/recipeshop\/product\/rodelle-fair-trade-organic-pure-vanilla-extract\/","url_meta":{"origin":240903,"position":0},"title":"Rodelle Fair Trade Organic Pure Vanilla Extract","author":"","date":"April 29, 2025","format":false,"excerpt":"Fairtrade and Organic Certified vanilla extract \u2013 responsibly sourced from Madagascar. Ingredients: Organic Vanilla Bean Extractives in Water and Organic Alcohol Extracted with care in Rodelle\u2019s wind-powered facility in Colorado from hand-pollinated Madagascar Bourbon vanilla beans. Consistently great tasting vanilla extract from vanilla beans that are traceable to the farmer.\u2026","rel":"","context":"Similar post","block_context":{"text":"Similar post","link":""},"img":{"alt_text":"","src":"","width":0,"height":0},"classes":[]},{"id":245168,"url":"https:\/\/menuculture.com\/recipeshop\/product\/magnolia-star-vanilla-bean-paste-16-oz-made-with-organic-agave-vanilla-bean-powder-double-strength-pure-vanilla-extract-8-oz-bottles-2-ct\/","url_meta":{"origin":240903,"position":1},"title":"Magnolia-Star Vanilla Bean Paste, 16 oz., Made with Organic Agave, Vanilla Bean Powder &#038; Double Strength Pure Vanilla Extract (8 oz. Bottles, 2 Ct)","author":"","date":"April 26, 2025","format":false,"excerpt":"VANILLA BEAN PASTE: Enhance the flavor of any recipe with Magnolia-Star Vanilla Bean Paste. Add vanilla bean flavoring and real vanilla bean specks to cakes, pudding, cookies, whipped cream, ice cream, coffee and cr\u00e8me br\u00fbl\u00e9e. CLEAN AND SIMPLE INGREDIENTS: Our natural vanilla paste is made with organic agave, vanilla bean\u2026","rel":"","context":"Similar post","block_context":{"text":"Similar post","link":""},"img":{"alt_text":"","src":"","width":0,"height":0},"classes":[]},{"id":246475,"url":"https:\/\/menuculture.com\/recipeshop\/product\/nielsen-massey-organic-fairtrade-madagascar-bourbon-pure-vanilla-extract-for-baking-and-cooking\/","url_meta":{"origin":240903,"position":2},"title":"Nielsen-Massey Organic Fairtrade Madagascar Bourbon Pure Vanilla Extract for Baking and Cooking","author":"","date":"April 27, 2025","format":false,"excerpt":"No detailed information available for this product.","rel":"","context":"Similar post","block_context":{"text":"Similar post","link":""},"img":{"alt_text":"","src":"","width":0,"height":0},"classes":[]},{"id":245172,"url":"https:\/\/menuculture.com\/recipeshop\/product\/magnolia-star-vanilla-bean-paste-8-oz-bottle-made-with-organic-agave-vanilla-bean-powder-double-strength-pure-vanilla-extract-perfect-for-cakes-ice-cream-whipped-cream-pudding\/","url_meta":{"origin":240903,"position":3},"title":"Magnolia-Star Vanilla Bean Paste, 8 oz. Bottle, Made with Organic Agave, Vanilla Bean Powder &#038; Double Strength Pure Vanilla Extract, Perfect for Cakes, Ice Cream, Whipped Cream &#038; Pudding","author":"","date":"April 26, 2025","format":false,"excerpt":"No detailed information available for this product.","rel":"","context":"Similar post","block_context":{"text":"Similar post","link":""},"img":{"alt_text":"","src":"","width":0,"height":0},"classes":[]},{"id":247291,"url":"https:\/\/menuculture.com\/recipeshop\/product\/villa-vainilla-pure-vanilla-extract-elixir-premium-concentrated-vanilla-real-natural-gourmet-vanilla-flavor-from-mexico-4-2-fl-oz\/","url_meta":{"origin":240903,"position":4},"title":"Villa Vainilla Pure Vanilla Extract Elixir- Premium Concentrated Vanilla, Real, Natural, Gourmet Vanilla Flavor from Mexico (4.2 FL OZ)","author":"","date":"April 27, 2025","format":false,"excerpt":"REAL VANILLA - Our Mexican Vanilla Extract is made with the best vanilla beans naturally cultivated in the fields of Papantla, Mexico, the motherland of vanilla, without any artificial pollination, greenhouses, or chemicals. FLAVORFUL & AROMATIC - The aroma of our pure Mexican vanilla beans is more potent and stronger\u2026","rel":"","context":"Similar post","block_context":{"text":"Similar post","link":""},"img":{"alt_text":"","src":"","width":0,"height":0},"classes":[]},{"id":234138,"url":"https:\/\/menuculture.com\/recipeshop\/product\/simply-organic-seasoning\/","url_meta":{"origin":240903,"position":5},"title":"Simply Organic Seasoning","author":"","date":"March 23, 2025","format":false,"excerpt":"Italian Seasoning - This premium organic blend of herbs like basil, oregano, and thyme brings a rich, aromatic flavor that elevates your Mediterranean and Italian dishes. Best uses - Ideal for pasta sauces, pizza, grilled meats, and roasted vegetables, this versatile seasoning adds a robust herbal touch to any dish.\u2026","rel":"","context":"Similar post","block_context":{"text":"Similar post","link":""},"img":{"alt_text":"","src":"","width":0,"height":0},"classes":[]}],"_links":{"self":[{"href":"https:\/\/menuculture.com\/recipeshop\/wp-json\/wp\/v2\/product\/240903","targetHints":{"allow":["GET"]}}],"collection":[{"href":"https:\/\/menuculture.com\/recipeshop\/wp-json\/wp\/v2\/product"}],"about":[{"href":"https:\/\/menuculture.com\/recipeshop\/wp-json\/wp\/v2\/types\/product"}],"replies":[{"embeddable":true,"href":"https:\/\/menuculture.com\/recipeshop\/wp-json\/wp\/v2\/comments?post=240903"}],"wp:featuredmedia":[{"embeddable":true,"href":"https:\/\/menuculture.com\/recipeshop\/wp-json\/wp\/v2\/product\/240903"}],"wp:attachment":[{"href":"https:\/\/menuculture.com\/recipeshop\/wp-json\/wp\/v2\/media?parent=240903"}],"wp:term":[{"taxonomy":"product_cat","embeddable":true,"href":"https:\/\/menuculture.com\/recipeshop\/wp-json\/wp\/v2\/product_cat?post=240903"},{"taxonomy":"product_tag","embeddable":true,"href":"https:\/\/menuculture.com\/recipeshop\/wp-json\/wp\/v2\/product_tag?post=240903"}],"curies":[{"name":"wp","href":"https:\/\/api.w.org\/{rel}","templated":true}]}}