{"id":240900,"date":"2025-04-21T15:45:24","date_gmt":"2025-04-21T19:45:24","guid":{"rendered":"https:\/\/menuculture.com\/recipeshop\/product\/magnolia-star-extract\/"},"modified":"2025-08-11T06:26:47","modified_gmt":"2025-08-11T10:26:47","slug":"magnolia-star-extract","status":"publish","type":"product","link":"https:\/\/menuculture.com\/recipeshop\/product\/magnolia-star-extract\/","title":{"rendered":"Magnolia-Star Extract"},"content":{"rendered":"<ul>\n<li>EXTRACT VARIETY PACK: Enhance the flavor of any recipe with Magnolia-Star Extract Variety Pack. Try all 4 flavors: Pure Vanilla, Pumpkin Spice, Cinnamon Butter and Pure Almond.<\/li>\n<\/ul>\n<ul>\n<li>PREMIUM INGREDIENTS: Free from artificial flavors, corn syrup and artificial colors, our baking extracts add a premium quality flavoring to any baked good.<\/li>\n<\/ul>\n<ul>\n<li>VERSATILE FLAVORS: Featuring 4 delicious flavors, this variety pack has something for everyone to enjoy. Choose your favorite and upgrade your cakes, brownies, cookies, smoothies, tea, coffee, shakes and more.<\/li>\n<\/ul>\n<ul>\n<li>DEDICATED TO QUALITY: Our baking extracts are 100% pure and 100% delicious. We use only high-quality, natural ingredients with no synthetics or additives.<\/li>\n<\/ul>\n<ul>\n<li>ROOTED IN FAMILY: A tribute to our founder&#8217;s grandmother, Magnolia-Star reflects the legacy of a woman who turned loss into sweet new beginnings. To us, baking is a way of showing love, sharing wisdom and spreading joy.<\/li>\n<\/ul>\n","protected":false},"excerpt":{"rendered":"<p> [&#8230;]\n","protected":false},"featured_media":240900,"comment_status":"open","ping_status":"closed","template":"","meta":{"wprm-recipe-roundup-name":"","wprm-recipe-roundup-description":"","wpupg_custom_link":[],"wpupg_custom_link_behaviour":[],"wpupg_custom_link_nofollow":[],"wpupg_custom_image":[],"wpupg_custom_image_id":[],"advanced_seo_description":"","jetpack_seo_html_title":"","jetpack_seo_noindex":false,"jetpack_post_was_ever_published":false,"_daim_seo_power":"","_daim_enable_ail":"","_FSMCFIC_featured_image_caption":"","_FSMCFIC_featured_image_nocaption":"","_FSMCFIC_featured_image_hide":""},"product_cat":[132789,132726,132727],"product_tag":[],"class_list":{"0":"post-240900","1":"product","2":"type-product","3":"status-publish","4":"has-post-thumbnail","6":"product_brand-magnolia-star-baking-supply-co","7":"product_cat-cooking-baking","8":"product_cat-grocery-gourmet-food","9":"product_cat-pantry-staples","11":"first","12":"instock","13":"shipping-taxable","14":"purchasable","15":"product-type-variable"},"jetpack_sharing_enabled":true,"jetpack_likes_enabled":true,"jetpack-related-posts":[{"id":245168,"url":"https:\/\/menuculture.com\/recipeshop\/product\/magnolia-star-vanilla-bean-paste-16-oz-made-with-organic-agave-vanilla-bean-powder-double-strength-pure-vanilla-extract-8-oz-bottles-2-ct\/","url_meta":{"origin":240900,"position":0},"title":"Magnolia-Star Vanilla Bean Paste, 16 oz., Made with Organic Agave, Vanilla Bean Powder &#038; Double Strength Pure Vanilla Extract (8 oz. Bottles, 2 Ct)","author":"","date":"April 26, 2025","format":false,"excerpt":"VANILLA BEAN PASTE: Enhance the flavor of any recipe with Magnolia-Star Vanilla Bean Paste. Add vanilla bean flavoring and real vanilla bean specks to cakes, pudding, cookies, whipped cream, ice cream, coffee and cr\u00e8me br\u00fbl\u00e9e. CLEAN AND SIMPLE INGREDIENTS: Our natural vanilla paste is made with organic agave, vanilla bean\u2026","rel":"","context":"Similar post","block_context":{"text":"Similar post","link":""},"img":{"alt_text":"","src":"","width":0,"height":0},"classes":[]},{"id":245040,"url":"https:\/\/menuculture.com\/recipeshop\/product\/lorann-oils-flavoring-mix-4-count\/","url_meta":{"origin":240900,"position":1},"title":"Lorann Oils Flavoring Mix, 4 Count","author":"","date":"April 25, 2025","format":false,"excerpt":"Peppermint oil (Mentha piperita) a pure, natural essential oil and is used as a flavoring as well as in aromatherapy. Peppermint oil (Mentha piperita) a pure, natural essential oil and is used as a flavoring as well as in aromatherapy. A little goes a long way! LorAnn\u2019s super strength flavors\u2026","rel":"","context":"Similar post","block_context":{"text":"Similar post","link":""},"img":{"alt_text":"","src":"","width":0,"height":0},"classes":[]},{"id":240926,"url":"https:\/\/menuculture.com\/recipeshop\/product\/mccormick-culinary-imitation-maple-flavoring-16-fl-oz-one-16-fluid-ounce-bottle-of-maple-flavoring-extract-for-baking-use-in-pancake-batter-coffee-cakes-icings-and-more\/","url_meta":{"origin":240900,"position":2},"title":"McCormick Culinary Imitation Maple Flavoring, 16 fl oz &#8211; One 16 Fluid Ounce Bottle of Maple Flavoring Extract for Baking, Use in Pancake Batter, Coffee, Cakes, Icings and More","author":"","date":"April 21, 2025","format":false,"excerpt":"RICH MAPLE FLAVOR: McCormick Culinary Imitation Maple Flavoring adds rich maple notes to sweet confections such as flavored frostings, candies and baked goods like apple desserts, spice cookies and banana cake HIGH QUALITY BLEND: Made with 100% premium ingredients, maple flavoring extract adds a homespun touch to ordinary foods and\u2026","rel":"","context":"With 9 comments","block_context":{"text":"With 9 comments","link":"https:\/\/menuculture.com\/recipeshop\/product\/mccormick-culinary-imitation-maple-flavoring-16-fl-oz-one-16-fluid-ounce-bottle-of-maple-flavoring-extract-for-baking-use-in-pancake-batter-coffee-cakes-icings-and-more\/#comments"},"img":{"alt_text":"","src":"","width":0,"height":0},"classes":[]},{"id":245172,"url":"https:\/\/menuculture.com\/recipeshop\/product\/magnolia-star-vanilla-bean-paste-8-oz-bottle-made-with-organic-agave-vanilla-bean-powder-double-strength-pure-vanilla-extract-perfect-for-cakes-ice-cream-whipped-cream-pudding\/","url_meta":{"origin":240900,"position":3},"title":"Magnolia-Star Vanilla Bean Paste, 8 oz. Bottle, Made with Organic Agave, Vanilla Bean Powder &#038; Double Strength Pure Vanilla Extract, Perfect for Cakes, Ice Cream, Whipped Cream &#038; Pudding","author":"","date":"April 26, 2025","format":false,"excerpt":"No detailed information available for this product.","rel":"","context":"Similar post","block_context":{"text":"Similar post","link":""},"img":{"alt_text":"","src":"","width":0,"height":0},"classes":[]},{"id":233108,"url":"https:\/\/menuculture.com\/recipeshop\/product\/watkins-imitation-extract-packaging-may-vary\/","url_meta":{"origin":240900,"position":4},"title":"Watkins Imitation Extract (Packaging may vary)","author":"","date":"March 22, 2025","format":false,"excerpt":"Organic Almond Extract is perfect for baking, flavoring drinks and more! USDA certified organic and Non-GMO project verified Ingredients all naturally derived No Artificial Flavors or Colors Gluten Free, Corn Syrup Free, Kosher","rel":"","context":"With 47 comments","block_context":{"text":"With 47 comments","link":"https:\/\/menuculture.com\/recipeshop\/product\/watkins-imitation-extract-packaging-may-vary\/#comments"},"img":{"alt_text":"","src":"","width":0,"height":0},"classes":[]},{"id":245030,"url":"https:\/\/menuculture.com\/recipeshop\/product\/lorann-oils-natural-flavor-1-oz-bottle\/","url_meta":{"origin":240900,"position":5},"title":"LorAnn Oils Natural Flavor 1 Oz Bottle","author":"","date":"April 25, 2025","format":false,"excerpt":"Peppermint oil (Mentha piperita) a pure, natural essential oil and is used as a flavoring for its powerful, minty flavor. Peppermint is also used in aromatherapy for its invigorating and refreshing properties. When used as a flavoring, use sparingly, essential oils are potent. Appropriate for use in chocolates and coatings\u2026","rel":"","context":"Similar post","block_context":{"text":"Similar post","link":""},"img":{"alt_text":"","src":"","width":0,"height":0},"classes":[]}],"_links":{"self":[{"href":"https:\/\/menuculture.com\/recipeshop\/wp-json\/wp\/v2\/product\/240900","targetHints":{"allow":["GET"]}}],"collection":[{"href":"https:\/\/menuculture.com\/recipeshop\/wp-json\/wp\/v2\/product"}],"about":[{"href":"https:\/\/menuculture.com\/recipeshop\/wp-json\/wp\/v2\/types\/product"}],"replies":[{"embeddable":true,"href":"https:\/\/menuculture.com\/recipeshop\/wp-json\/wp\/v2\/comments?post=240900"}],"wp:featuredmedia":[{"embeddable":true,"href":"https:\/\/menuculture.com\/recipeshop\/wp-json\/wp\/v2\/product\/240900"}],"wp:attachment":[{"href":"https:\/\/menuculture.com\/recipeshop\/wp-json\/wp\/v2\/media?parent=240900"}],"wp:term":[{"taxonomy":"product_cat","embeddable":true,"href":"https:\/\/menuculture.com\/recipeshop\/wp-json\/wp\/v2\/product_cat?post=240900"},{"taxonomy":"product_tag","embeddable":true,"href":"https:\/\/menuculture.com\/recipeshop\/wp-json\/wp\/v2\/product_tag?post=240900"}],"curies":[{"name":"wp","href":"https:\/\/api.w.org\/{rel}","templated":true}]}}