{"id":239005,"date":"2025-04-20T09:07:27","date_gmt":"2025-04-20T13:07:27","guid":{"rendered":"https:\/\/menuculture.com\/recipeshop\/product\/aroy-d-coconut-milk-13-5-oz-can-pack-of-6\/"},"modified":"2025-08-10T23:51:50","modified_gmt":"2025-08-11T03:51:50","slug":"aroy-d-coconut-milk-13-5-oz-can-pack-of-6","status":"publish","type":"product","link":"https:\/\/menuculture.com\/recipeshop\/product\/aroy-d-coconut-milk-13-5-oz-can-pack-of-6\/","title":{"rendered":"AROY-D Coconut Milk 13.5 Oz Can (Pack of 6)"},"content":{"rendered":"<ul>\n<li>AROY-D COCONUT MILK 14 Oz<\/li>\n<\/ul>\n<ul>\n<li>N\u00da\u00d3C C\u00d4T D\u00daA<\/li>\n<\/ul>\n<ul>\n<li>Coconut Extract 60 %, Water<\/li>\n<\/ul>\n<ul>\n<li>Producto of Thailand<\/li>\n<\/ul>\n<ul>\n<li>Pack of 6 ( Total 14 fl Oz x 6 )<\/li>\n<\/ul>\n","protected":false},"excerpt":{"rendered":"<p> [&#8230;]\n","protected":false},"featured_media":239005,"comment_status":"open","ping_status":"closed","template":"","meta":{"wprm-recipe-roundup-name":"","wprm-recipe-roundup-description":"","wpupg_custom_link":[],"wpupg_custom_link_behaviour":[],"wpupg_custom_link_nofollow":[],"wpupg_custom_image":[],"wpupg_custom_image_id":[],"advanced_seo_description":"","jetpack_seo_html_title":"","jetpack_seo_noindex":false,"jetpack_post_was_ever_published":false,"_daim_seo_power":"","_daim_enable_ail":"","_FSMCFIC_featured_image_caption":"","_FSMCFIC_featured_image_nocaption":"","_FSMCFIC_featured_image_hide":"","_predictive_search_focuskw":"","_ps_exclude_item":""},"product_cat":[132789,132726,132727],"product_tag":[],"class_list":{"0":"post-239005","1":"product","2":"type-product","3":"status-publish","4":"has-post-thumbnail","6":"product_brand-aroy-d","7":"product_cat-cooking-baking","8":"product_cat-grocery-gourmet-food","9":"product_cat-pantry-staples","11":"first","12":"instock","13":"virtual","14":"purchasable","15":"product-type-simple"},"a3_pvc":{"activated":false,"total_views":0,"today_views":0},"jetpack_sharing_enabled":true,"jetpack_likes_enabled":true,"jetpack-related-posts":[{"id":239004,"url":"https:\/\/menuculture.com\/recipeshop\/product\/aroy-d-organic-coconut-milk-33-8-fl-oz-pack-of-6\/","url_meta":{"origin":239005,"position":0},"title":"Aroy-D Organic Coconut Milk 33.8 Fl Oz (Pack of 6)","author":"","date":"April 20, 2025","format":false,"excerpt":"Great for cooking, making drinks, smoothies, desserts, and many more Organic Coconut Milk 99.77%, Organic Guar Gum, Xanthan Gum BPA-free Carton Packaging. 33.8 Fl Oz per Container, 6 Containers, 203 Fl Oz in total Gluten Free, Vegan, Soy Free, Dairy Fre Due to the nature of the product, coconut milk\u2026","rel":"","context":"Similar post","block_context":{"text":"Similar post","link":""},"img":{"alt_text":"","src":"","width":0,"height":0},"classes":[]},{"id":239003,"url":"https:\/\/menuculture.com\/recipeshop\/product\/aroy-d-organic-coconut-milk-8-5-fl-oz-pack-of-6\/","url_meta":{"origin":239005,"position":1},"title":"Aroy-D Organic Coconut Milk 8.5 Fl Oz (Pack of 6)","author":"","date":"April 20, 2025","format":false,"excerpt":"Great for cooking, making drinks, smoothies, desserts, and many more Organic Coconut Milk 99.77%, Organic Guar Gum, Xanthan Gum USDA Organic Certified, Gluten Free, Vegan, Soy Free, Dairy Free Due to the nature of the product, coconut milk may become solidified (lumpy) in cold weather. You can regain its original\u2026","rel":"","context":"Similar post","block_context":{"text":"Similar post","link":""},"img":{"alt_text":"","src":"","width":0,"height":0},"classes":[]},{"id":239000,"url":"https:\/\/menuculture.com\/recipeshop\/product\/aroy-d-coconut-milk-lait-de-noix-de-coco-rich-creamy-ideal-for-curries-dessert-beverages-and-other-preparation-33-8-fl-oz-pack-of-6\/","url_meta":{"origin":239005,"position":2},"title":"Aroy-D Coconut Milk Lait De Noix De Coco, Rich &#038; Creamy, Ideal for Curries, Dessert, Beverages, and Other Preparation, 33.8 Fl Oz (Pack of 6)","author":"","date":"April 20, 2025","format":false,"excerpt":"No detailed information available for this product.","rel":"","context":"Similar post","block_context":{"text":"Similar post","link":""},"img":{"alt_text":"","src":"","width":0,"height":0},"classes":[]},{"id":239006,"url":"https:\/\/menuculture.com\/recipeshop\/product\/aroy-d-100-coconut-milk-original\/","url_meta":{"origin":239005,"position":3},"title":"Aroy-D 100% Coconut Milk-Original","author":"","date":"April 20, 2025","format":false,"excerpt":"100% Coconut Milk Vegan No preservative 33.8 Oz (3-pack) Aseptic Pack (carton packaging)","rel":"","context":"Similar post","block_context":{"text":"Similar post","link":""},"img":{"alt_text":"","src":"","width":0,"height":0},"classes":[]},{"id":239012,"url":"https:\/\/menuculture.com\/recipeshop\/product\/aroy-d-coconut-milk-8-5-fl-oz-pack-of-12\/","url_meta":{"origin":239005,"position":4},"title":"Aroy-D Coconut Milk 8.5 Fl Oz (Pack of 12)","author":"","date":"April 20, 2025","format":false,"excerpt":"Pack of 12 BPA Free Product of Thailand Gluten Free, Vegan, Soy Free, Dairy Free No additives, preservatives, or gums. Packaging may very slightly vary.","rel":"","context":"Similar post","block_context":{"text":"Similar post","link":""},"img":{"alt_text":"","src":"","width":0,"height":0},"classes":[]},{"id":240300,"url":"https:\/\/menuculture.com\/recipeshop\/product\/chaokoh-coconut-milk-13-5-fl-oz-pack-of-8\/","url_meta":{"origin":239005,"position":5},"title":"Chaokoh Coconut Milk, 13.5 Fl Oz (Pack of 8)","author":"","date":"April 21, 2025","format":false,"excerpt":"Pack of eight, 13.5-Ounce (Total of 108-Ounces) Used for making cakes, candies, cookies, ice cream, coconut jam Product of Thailand","rel":"","context":"With 5 comments","block_context":{"text":"With 5 comments","link":"https:\/\/menuculture.com\/recipeshop\/product\/chaokoh-coconut-milk-13-5-fl-oz-pack-of-8\/#comments"},"img":{"alt_text":"","src":"","width":0,"height":0},"classes":[]}],"_links":{"self":[{"href":"https:\/\/menuculture.com\/recipeshop\/wp-json\/wp\/v2\/product\/239005","targetHints":{"allow":["GET"]}}],"collection":[{"href":"https:\/\/menuculture.com\/recipeshop\/wp-json\/wp\/v2\/product"}],"about":[{"href":"https:\/\/menuculture.com\/recipeshop\/wp-json\/wp\/v2\/types\/product"}],"replies":[{"embeddable":true,"href":"https:\/\/menuculture.com\/recipeshop\/wp-json\/wp\/v2\/comments?post=239005"}],"wp:featuredmedia":[{"embeddable":true,"href":"https:\/\/menuculture.com\/recipeshop\/wp-json\/wp\/v2\/product\/239005"}],"wp:attachment":[{"href":"https:\/\/menuculture.com\/recipeshop\/wp-json\/wp\/v2\/media?parent=239005"}],"wp:term":[{"taxonomy":"product_cat","embeddable":true,"href":"https:\/\/menuculture.com\/recipeshop\/wp-json\/wp\/v2\/product_cat?post=239005"},{"taxonomy":"product_tag","embeddable":true,"href":"https:\/\/menuculture.com\/recipeshop\/wp-json\/wp\/v2\/product_tag?post=239005"}],"curies":[{"name":"wp","href":"https:\/\/api.w.org\/{rel}","templated":true}]}}