{"id":238624,"date":"2025-04-18T08:05:38","date_gmt":"2025-04-18T12:05:38","guid":{"rendered":"https:\/\/menuculture.com\/recipeshop\/product\/lakewood-juice_and_juice_drink\/"},"modified":"2025-08-11T02:20:52","modified_gmt":"2025-08-11T06:20:52","slug":"lakewood-juice_and_juice_drink","status":"publish","type":"product","link":"https:\/\/menuculture.com\/recipeshop\/product\/lakewood-juice_and_juice_drink\/","title":{"rendered":"Lakewood JUICE_AND_JUICE_DRINK"},"content":{"rendered":"<ul>\n<li>Organic<\/li>\n<\/ul>\n<ul>\n<li>1 quart<\/li>\n<\/ul>\n","protected":false},"excerpt":{"rendered":"<p> [&#8230;]\n","protected":false},"featured_media":238624,"comment_status":"open","ping_status":"closed","template":"","meta":{"wprm-recipe-roundup-name":"","wprm-recipe-roundup-description":"","wpupg_custom_link":[],"wpupg_custom_link_behaviour":[],"wpupg_custom_link_nofollow":[],"wpupg_custom_image":[],"wpupg_custom_image_id":[],"advanced_seo_description":"","jetpack_seo_html_title":"","jetpack_seo_noindex":false,"jetpack_post_was_ever_published":false,"_daim_seo_power":"","_daim_enable_ail":"","_FSMCFIC_featured_image_caption":"","_FSMCFIC_featured_image_nocaption":"","_FSMCFIC_featured_image_hide":""},"product_cat":[129093,133499,132726],"product_tag":[],"class_list":{"0":"post-238624","1":"product","2":"type-product","3":"status-publish","4":"has-post-thumbnail","6":"product_brand-lakewood","7":"product_cat-beverages","8":"product_cat-bottled-beverages-water-drink-mixes","9":"product_cat-grocery-gourmet-food","11":"first","12":"outofstock","13":"virtual","14":"purchasable","15":"product-type-simple"},"jetpack_sharing_enabled":true,"jetpack_likes_enabled":true,"jetpack-related-posts":[{"id":244774,"url":"https:\/\/menuculture.com\/recipeshop\/product\/lakewood-juice_and_juice_drink-2\/","url_meta":{"origin":238624,"position":0},"title":"Lakewood JUICE_AND_JUICE_DRINK","author":"","date":"April 25, 2025","format":false,"excerpt":"32 Oz. Bottles (Pack of 6) Lakewood Bio Pure Ananas, 32 Unzen Flaschen \u83b1\u514b\u6709\u673a\u7eaf\u83e0\u841d\uff0c\u5976\u74f6 lakewood Org\u00e1nica Pura Pi\u00f1a, 32-Ounce botellas lakewood org\u00e2nico pura abacaxi, fios de garrafas","rel":"","context":"Similar post","block_context":{"text":"Similar post","link":""},"img":{"alt_text":"","src":"","width":0,"height":0},"classes":[]},{"id":244788,"url":"https:\/\/menuculture.com\/recipeshop\/product\/lakewood-organic-pure-juice\/","url_meta":{"origin":238624,"position":1},"title":"LAKEWOOD Organic Pure Juice","author":"","date":"April 25, 2025","format":false,"excerpt":"Contains 100% fruit juice Cold pressed Not from concentrate","rel":"","context":"Similar post","block_context":{"text":"Similar post","link":""},"img":{"alt_text":"","src":"","width":0,"height":0},"classes":[]},{"id":244786,"url":"https:\/\/menuculture.com\/recipeshop\/product\/lakewood-juice-mango-organic-32-oz\/","url_meta":{"origin":238624,"position":2},"title":"Lakewood Juice Mango Organic, 32 oz","author":"","date":"April 25, 2025","format":false,"excerpt":"This product is Non-GMO Project Verified","rel":"","context":"Similar post","block_context":{"text":"Similar post","link":""},"img":{"alt_text":"","src":"","width":0,"height":0},"classes":[]},{"id":244773,"url":"https:\/\/menuculture.com\/recipeshop\/product\/lakewood-juice-pure-blood-orange-organic-32-fl-oz\/","url_meta":{"origin":238624,"position":3},"title":"Lakewood, Juice Pure Blood Orange Organic, 32 Fl Oz","author":"","date":"April 25, 2025","format":false,"excerpt":"No detailed information available for this product.","rel":"","context":"Similar post","block_context":{"text":"Similar post","link":""},"img":{"alt_text":"","src":"","width":0,"height":0},"classes":[]},{"id":244787,"url":"https:\/\/menuculture.com\/recipeshop\/product\/lakewood-organic-carrot-ginger-turmeric-juice-32-fz\/","url_meta":{"origin":238624,"position":4},"title":"Lakewood Organic Carrot Ginger Turmeric Juice, 32 FZ","author":"","date":"April 25, 2025","format":false,"excerpt":"No sugar added Not from concentrate Pasteurized juice pressed from fresh carrot, ginger and turmeric Contains a good dose of essential vitamins and minerals","rel":"","context":"Similar post","block_context":{"text":"Similar post","link":""},"img":{"alt_text":"","src":"","width":0,"height":0},"classes":[]},{"id":244780,"url":"https:\/\/menuculture.com\/recipeshop\/product\/lakewood-fresh-pressed-juice\/","url_meta":{"origin":238624,"position":5},"title":"Lakewood Fresh Pressed Juice","author":"","date":"April 25, 2025","format":false,"excerpt":"100% Pure Organic Cranberry juice Not from concentrate Certified Organic Non-gmo Bottled in glass | non-toxic | BPA, BPS & DEHP free","rel":"","context":"Similar post","block_context":{"text":"Similar post","link":""},"img":{"alt_text":"","src":"","width":0,"height":0},"classes":[]}],"_links":{"self":[{"href":"https:\/\/menuculture.com\/recipeshop\/wp-json\/wp\/v2\/product\/238624","targetHints":{"allow":["GET"]}}],"collection":[{"href":"https:\/\/menuculture.com\/recipeshop\/wp-json\/wp\/v2\/product"}],"about":[{"href":"https:\/\/menuculture.com\/recipeshop\/wp-json\/wp\/v2\/types\/product"}],"replies":[{"embeddable":true,"href":"https:\/\/menuculture.com\/recipeshop\/wp-json\/wp\/v2\/comments?post=238624"}],"wp:featuredmedia":[{"embeddable":true,"href":"https:\/\/menuculture.com\/recipeshop\/wp-json\/wp\/v2\/product\/238624"}],"wp:attachment":[{"href":"https:\/\/menuculture.com\/recipeshop\/wp-json\/wp\/v2\/media?parent=238624"}],"wp:term":[{"taxonomy":"product_cat","embeddable":true,"href":"https:\/\/menuculture.com\/recipeshop\/wp-json\/wp\/v2\/product_cat?post=238624"},{"taxonomy":"product_tag","embeddable":true,"href":"https:\/\/menuculture.com\/recipeshop\/wp-json\/wp\/v2\/product_tag?post=238624"}],"curies":[{"name":"wp","href":"https:\/\/api.w.org\/{rel}","templated":true}]}}