{"id":237935,"date":"2025-04-07T15:46:24","date_gmt":"2025-04-07T19:46:24","guid":{"rendered":"https:\/\/menuculture.com\/recipeshop\/product\/hot-sauce-variety-pack-great-hot-sauce-lover-gift-set-flavors-include-franks-redhot-original-old-bay-and-cholula-original-34-fl-oz\/"},"modified":"2025-08-10T20:36:32","modified_gmt":"2025-08-11T00:36:32","slug":"hot-sauce-variety-pack-great-hot-sauce-lover-gift-set-flavors-include-franks-redhot-original-old-bay-and-cholula-original-34-fl-oz","status":"publish","type":"product","link":"https:\/\/menuculture.com\/recipeshop\/product\/hot-sauce-variety-pack-great-hot-sauce-lover-gift-set-flavors-include-franks-redhot-original-old-bay-and-cholula-original-34-fl-oz\/","title":{"rendered":"Hot Sauce Variety Pack, Great Hot Sauce Lover Gift Set, Flavors Include Frank&#8217;s RedHot Original, OLD BAY, and Cholula Original, 34 fl oz"},"content":{"rendered":"<ul>\n<li>Iconic Hot Sauces Variety Pack contains three classic hot sauces &#8211; Frank\u2019s RedHot Original Cayenne Pepper Sauce, OLD BAY Hot Sauce, and Cholula Original Hot sauce<\/li>\n<\/ul>\n<ul>\n<li>Frank\u2019s RedHot is the secret ingredient in the original buffalo wings<\/li>\n<\/ul>\n<ul>\n<li>OLD BAY Hot sauce is packed with OLD BAY\u2019s unique blend of herbs and spices<\/li>\n<\/ul>\n<ul>\n<li>Cholula Original Hot Sauce is a blend of arbol and piquin peppers &#038; regional spices<\/li>\n<\/ul>\n<ul>\n<li>A must have for every hot sauce lover, bring bold flavor to any dish, any time<\/li>\n<\/ul>\n","protected":false},"excerpt":{"rendered":"<p> [&#8230;]\n","protected":false},"featured_media":237935,"comment_status":"open","ping_status":"closed","template":"","meta":{"wprm-recipe-roundup-name":"","wprm-recipe-roundup-description":"","wpupg_custom_link":[],"wpupg_custom_link_behaviour":[],"wpupg_custom_link_nofollow":[],"wpupg_custom_image":[],"wpupg_custom_image_id":[],"advanced_seo_description":"","jetpack_seo_html_title":"","jetpack_seo_noindex":false,"jetpack_post_was_ever_published":false,"_daim_seo_power":"","_daim_enable_ail":"","_FSMCFIC_featured_image_caption":"","_FSMCFIC_featured_image_nocaption":"","_FSMCFIC_featured_image_hide":"","_predictive_search_focuskw":"","_ps_exclude_item":""},"product_cat":[132726,132727,132771],"product_tag":[],"class_list":{"0":"post-237935","1":"product","2":"type-product","3":"status-publish","4":"has-post-thumbnail","6":"product_brand-mccormick-company","7":"product_cat-grocery-gourmet-food","8":"product_cat-pantry-staples","9":"product_cat-sauces-gravies-marinades","11":"first","12":"instock","13":"sale","14":"virtual","15":"purchasable","16":"product-type-simple"},"jetpack_sharing_enabled":true,"jetpack_likes_enabled":true,"jetpack-related-posts":[{"id":242023,"url":"https:\/\/menuculture.com\/recipeshop\/product\/franks-redhot-redhot-original-seasoning-containers-of-hot-sauce\/","url_meta":{"origin":237935,"position":0},"title":"Frank&#8217;s RedHot RedHot Original Seasoning- Containers of Hot Sauce","author":"","date":"April 23, 2025","format":false,"excerpt":"PERFECT BLEND OF FLAVOR & HEAT: Frank's RedHot Original Seasoning delivers a bold, authentic and consistent Buffalo flavor experience ICONIC FLAVOR IN DRY FORMAT: Made from the perfect blend of aged spicy cayenne pepper and savory garlic for a deep, complex taste; pre-blended hot sauce powder delivers consistent flavor every\u2026","rel":"","context":"Similar post","block_context":{"text":"Similar post","link":""},"img":{"alt_text":"","src":"","width":0,"height":0},"classes":[]},{"id":237806,"url":"https:\/\/menuculture.com\/recipeshop\/product\/cholula-hot-sauce-variety-pack-product-of-mexico-gift-set-includes-six-5-fl-oz-signature-cholula-hot-sauces-for-eggs-pizza-mexican-dishes-and-more-30-fl-oz\/","url_meta":{"origin":237935,"position":1},"title":"Cholula Hot Sauce Variety Pack, Product of Mexico, Gift Set Includes Six 5 Fl Oz Signature Cholula Hot Sauces for Eggs, Pizza, Mexican Dishes, and More, 30 fl oz","author":"","date":"April 7, 2025","format":false,"excerpt":"SIGNATURE INGREDIENTS: Crafted with premium Mexican chili peppers like \u00e1rbol, piqu\u00edn, chipotle, habanero, and jalape\u00f1o, and an array of regional Mexican spices to bring you complex flavors and balanced heat in every bite; inspired by our generations-old recipe for Cholula Original Hot Sauce. GIFTABLE: Variety pack includes six different (5\u2026","rel":"","context":"With 5 comments","block_context":{"text":"With 5 comments","link":"https:\/\/menuculture.com\/recipeshop\/product\/cholula-hot-sauce-variety-pack-product-of-mexico-gift-set-includes-six-5-fl-oz-signature-cholula-hot-sauces-for-eggs-pizza-mexican-dishes-and-more-30-fl-oz\/#comments"},"img":{"alt_text":"","src":"","width":0,"height":0},"classes":[]},{"id":242044,"url":"https:\/\/menuculture.com\/recipeshop\/product\/franks-redhot-original-hot-sauce-2\/","url_meta":{"origin":237935,"position":2},"title":"Frank&#8217;s RedHot Original Hot Sauce","author":"","date":"April 23, 2025","format":false,"excerpt":"A premium blend of aged cayenne peppers, it\u2019s the perfect blend of flavor and heat Hot sauce is an inherently calorie free, fat free food Same great recipe since 1964 Add \u00bd cup to your favorite Buffalo Chicken Dip recipe for a kick of heat and robust flavor FUN FACT:\u2026","rel":"","context":"Similar post","block_context":{"text":"Similar post","link":""},"img":{"alt_text":"","src":"","width":0,"height":0},"classes":[]},{"id":238020,"url":"https:\/\/menuculture.com\/recipeshop\/product\/franks-redhot-sweet-chili-hot-sauce-12-fl-oz\/","url_meta":{"origin":237935,"position":3},"title":"Frank&#8217;s RedHot Sweet Chili Hot Sauce, 12 fl oz","author":"","date":"April 7, 2025","format":false,"excerpt":"Zesty fusion sauce made with real chilies Great dipping sauce for vegetables and shrimp or marinating chicken, pork or beef Perfect balance of sweet and spicy From the #1 hot sauce brand in America, Frank\u2019s RedHot, Frank\u2019s RedHot Sweet Chili Sauce gives a playful sweet bite of authentic Thai flavor\u2026","rel":"","context":"Similar post","block_context":{"text":"Similar post","link":""},"img":{"alt_text":"","src":"","width":0,"height":0},"classes":[]},{"id":242026,"url":"https:\/\/menuculture.com\/recipeshop\/product\/franks-redhot-original-cayenne-pepper-sauce-23-fl-oz-pack-of-6\/","url_meta":{"origin":237935,"position":4},"title":"Frank&#8217;s RedHot Original Cayenne Pepper Sauce, 23 fl oz (Pack of 6)","author":"","date":"April 23, 2025","format":false,"excerpt":"A premium blend of aged cayenne peppers, it\u2019s the perfect blend of flavor and heat Hot sauce is an inherently calorie free, fat free food Same great recipe since 1964 Add \u00bd cup to your favorite Buffalo Chicken Dip recipe for a kick of heat and robust flavor FUN FACT:\u2026","rel":"","context":"With 5 comments","block_context":{"text":"With 5 comments","link":"https:\/\/menuculture.com\/recipeshop\/product\/franks-redhot-original-cayenne-pepper-sauce-23-fl-oz-pack-of-6\/#comments"},"img":{"alt_text":"","src":"","width":0,"height":0},"classes":[]},{"id":242037,"url":"https:\/\/menuculture.com\/recipeshop\/product\/franks-redhot-original-hot-sauce\/","url_meta":{"origin":237935,"position":5},"title":"Frank&#8217;s RedHot Original Hot Sauce","author":"","date":"April 23, 2025","format":false,"excerpt":"No detailed information available for this product.","rel":"","context":"Similar post","block_context":{"text":"Similar post","link":""},"img":{"alt_text":"","src":"","width":0,"height":0},"classes":[]}],"_links":{"self":[{"href":"https:\/\/menuculture.com\/recipeshop\/wp-json\/wp\/v2\/product\/237935","targetHints":{"allow":["GET"]}}],"collection":[{"href":"https:\/\/menuculture.com\/recipeshop\/wp-json\/wp\/v2\/product"}],"about":[{"href":"https:\/\/menuculture.com\/recipeshop\/wp-json\/wp\/v2\/types\/product"}],"replies":[{"embeddable":true,"href":"https:\/\/menuculture.com\/recipeshop\/wp-json\/wp\/v2\/comments?post=237935"}],"wp:featuredmedia":[{"embeddable":true,"href":"https:\/\/menuculture.com\/recipeshop\/wp-json\/wp\/v2\/product\/237935"}],"wp:attachment":[{"href":"https:\/\/menuculture.com\/recipeshop\/wp-json\/wp\/v2\/media?parent=237935"}],"wp:term":[{"taxonomy":"product_cat","embeddable":true,"href":"https:\/\/menuculture.com\/recipeshop\/wp-json\/wp\/v2\/product_cat?post=237935"},{"taxonomy":"product_tag","embeddable":true,"href":"https:\/\/menuculture.com\/recipeshop\/wp-json\/wp\/v2\/product_tag?post=237935"}],"curies":[{"name":"wp","href":"https:\/\/api.w.org\/{rel}","templated":true}]}}