{"id":237919,"date":"2025-04-07T15:44:45","date_gmt":"2025-04-07T19:44:45","guid":{"rendered":"https:\/\/menuculture.com\/recipeshop\/product\/cholula-tequila-lime-reserva-hot-sauce-crafted-with-100-agave-tequila-5-fl-oz\/"},"modified":"2025-08-10T20:31:52","modified_gmt":"2025-08-11T00:31:52","slug":"cholula-tequila-lime-reserva-hot-sauce-crafted-with-100-agave-tequila-5-fl-oz","status":"publish","type":"product","link":"https:\/\/menuculture.com\/recipeshop\/product\/cholula-tequila-lime-reserva-hot-sauce-crafted-with-100-agave-tequila-5-fl-oz\/","title":{"rendered":"Cholula Tequila &#038; Lime Reserva Hot Sauce (Crafted with 100% Agave Tequila), 5 fl oz"},"content":{"rendered":"<p>No detailed information available for this product.<\/p>\n","protected":false},"excerpt":{"rendered":"<p> [&#8230;]\n","protected":false},"featured_media":237919,"comment_status":"open","ping_status":"closed","template":"","meta":{"wprm-recipe-roundup-name":"","wprm-recipe-roundup-description":"","wpupg_custom_link":[],"wpupg_custom_link_behaviour":[],"wpupg_custom_link_nofollow":[],"wpupg_custom_image":[],"wpupg_custom_image_id":[],"advanced_seo_description":"","jetpack_seo_html_title":"","jetpack_seo_noindex":false,"jetpack_post_was_ever_published":false,"_daim_seo_power":"","_daim_enable_ail":"","_FSMCFIC_featured_image_caption":"","_FSMCFIC_featured_image_nocaption":"","_FSMCFIC_featured_image_hide":"","_predictive_search_focuskw":"","_ps_exclude_item":""},"product_cat":[132716],"product_tag":[],"class_list":{"0":"post-237919","1":"product","2":"type-product","3":"status-publish","4":"has-post-thumbnail","6":"product_cat-grocery","8":"first","9":"instock","10":"shipping-taxable","11":"purchasable","12":"product-type-variable"},"jetpack_sharing_enabled":true,"jetpack_likes_enabled":true,"jetpack-related-posts":[{"id":237806,"url":"https:\/\/menuculture.com\/recipeshop\/product\/cholula-hot-sauce-variety-pack-product-of-mexico-gift-set-includes-six-5-fl-oz-signature-cholula-hot-sauces-for-eggs-pizza-mexican-dishes-and-more-30-fl-oz\/","url_meta":{"origin":237919,"position":0},"title":"Cholula Hot Sauce Variety Pack, Product of Mexico, Gift Set Includes Six 5 Fl Oz Signature Cholula Hot Sauces for Eggs, Pizza, Mexican Dishes, and More, 30 fl oz","author":"","date":"April 7, 2025","format":false,"excerpt":"SIGNATURE INGREDIENTS: Crafted with premium Mexican chili peppers like \u00e1rbol, piqu\u00edn, chipotle, habanero, and jalape\u00f1o, and an array of regional Mexican spices to bring you complex flavors and balanced heat in every bite; inspired by our generations-old recipe for Cholula Original Hot Sauce. GIFTABLE: Variety pack includes six different (5\u2026","rel":"","context":"With 5 comments","block_context":{"text":"With 5 comments","link":"https:\/\/menuculture.com\/recipeshop\/product\/cholula-hot-sauce-variety-pack-product-of-mexico-gift-set-includes-six-5-fl-oz-signature-cholula-hot-sauces-for-eggs-pizza-mexican-dishes-and-more-30-fl-oz\/#comments"},"img":{"alt_text":"","src":"","width":0,"height":0},"classes":[]},{"id":237798,"url":"https:\/\/menuculture.com\/recipeshop\/product\/cholula-green-pepper-hot-sauce-64-fl-oz-one-64-fluid-ounce-bulk-containe\/","url_meta":{"origin":237919,"position":1},"title":"Cholula Green Pepper Hot Sauce, 64 fl oz &#8211; One 64 Fluid Ounce Bulk Containe","author":"","date":"April 7, 2025","format":false,"excerpt":"No detailed information available for this product.","rel":"","context":"Similar post","block_context":{"text":"Similar post","link":""},"img":{"alt_text":"","src":"","width":0,"height":0},"classes":[]},{"id":237797,"url":"https:\/\/menuculture.com\/recipeshop\/product\/cholula-green-pepper-hot-sauce-5-fl-oz\/","url_meta":{"origin":237919,"position":2},"title":"Cholula Green Pepper Hot Sauce, 5 fl oz","author":"","date":"April 7, 2025","format":false,"excerpt":"Green Pepper Hot Sauce blends jalape\u00f1o & poblano peppers with signature spices Zesty sweetness from green poblano peppers with medium heat For guacamole, salsa verde, enchilada sauce, tacos & tamales Adds a creative twist to eggs, salads, dips, dressings and marinades Product of Mexico","rel":"","context":"Similar post","block_context":{"text":"Similar post","link":""},"img":{"alt_text":"","src":"","width":0,"height":0},"classes":[]},{"id":237800,"url":"https:\/\/menuculture.com\/recipeshop\/product\/cholula-hot-sauce-original-product-of-mexico-blend-of-arbol-piquin-peppers-with-spices-for-eggs-rice-tacos-huevos-rancheros-more-5-fl-oz\/","url_meta":{"origin":237919,"position":3},"title":"Cholula Hot Sauce, Original, Product of Mexico, Blend of Arbol &#038; Piquin Peppers with Spices for Eggs, Rice, Tacos, Huevos Rancheros &#038; More, 5 fl oz","author":"","date":"April 7, 2025","format":false,"excerpt":"SIGNATURE INGREDIENTS: Cholula Original Hot Sauce is made with a thoughtful blend of arbol and piquin peppers plus Cholula spices, inspired by our generations-old family recipe. LAYERED FLAVOR: Every bite of this hot sauce delivers balanced flavor and heat, instantly upgrading favorite foods with a simple shake of the bottle.\u2026","rel":"","context":"Similar post","block_context":{"text":"Similar post","link":""},"img":{"alt_text":"","src":"","width":0,"height":0},"classes":[]},{"id":248865,"url":"https:\/\/menuculture.com\/recipeshop\/product\/set-of-4-gourmet-salsa-huichol-hot-sauce-with-lime-habanera-roja-salsa-negra-6-5-oz-bottles\/","url_meta":{"origin":237919,"position":4},"title":"Set of 4: Gourmet Salsa Huichol Hot Sauce, with Lime + Habanera Roja &#038; Salsa Negra, 6.5 oz bottles","author":"","date":"April 29, 2025","format":false,"excerpt":"No detailed information available for this product.","rel":"","context":"Similar post","block_context":{"text":"Similar post","link":""},"img":{"alt_text":"","src":"","width":0,"height":0},"classes":[]},{"id":237801,"url":"https:\/\/menuculture.com\/recipeshop\/product\/cholula-original-hot-sauce\/","url_meta":{"origin":237919,"position":5},"title":"Cholula Original Hot Sauce","author":"","date":"April 7, 2025","format":false,"excerpt":"No detailed information available for this product.","rel":"","context":"Similar post","block_context":{"text":"Similar post","link":""},"img":{"alt_text":"","src":"","width":0,"height":0},"classes":[]}],"_links":{"self":[{"href":"https:\/\/menuculture.com\/recipeshop\/wp-json\/wp\/v2\/product\/237919","targetHints":{"allow":["GET"]}}],"collection":[{"href":"https:\/\/menuculture.com\/recipeshop\/wp-json\/wp\/v2\/product"}],"about":[{"href":"https:\/\/menuculture.com\/recipeshop\/wp-json\/wp\/v2\/types\/product"}],"replies":[{"embeddable":true,"href":"https:\/\/menuculture.com\/recipeshop\/wp-json\/wp\/v2\/comments?post=237919"}],"wp:featuredmedia":[{"embeddable":true,"href":"https:\/\/menuculture.com\/recipeshop\/wp-json\/wp\/v2\/product\/237919"}],"wp:attachment":[{"href":"https:\/\/menuculture.com\/recipeshop\/wp-json\/wp\/v2\/media?parent=237919"}],"wp:term":[{"taxonomy":"product_cat","embeddable":true,"href":"https:\/\/menuculture.com\/recipeshop\/wp-json\/wp\/v2\/product_cat?post=237919"},{"taxonomy":"product_tag","embeddable":true,"href":"https:\/\/menuculture.com\/recipeshop\/wp-json\/wp\/v2\/product_tag?post=237919"}],"curies":[{"name":"wp","href":"https:\/\/api.w.org\/{rel}","templated":true}]}}