{"id":236989,"date":"2025-04-05T15:05:18","date_gmt":"2025-04-05T19:05:18","guid":{"rendered":"https:\/\/menuculture.com\/recipeshop\/product\/fusion-select-red-bean-paste-fine-sweetened-adzuki-bean-paste-for-desserts-buns-pastry-filling-mochi-for-chinese-japanese-korean-foods-no-additives-or-preservatives\/"},"modified":"2025-08-10T17:03:19","modified_gmt":"2025-08-10T21:03:19","slug":"fusion-select-red-bean-paste-fine-sweetened-adzuki-bean-paste-for-desserts-buns-pastry-filling-mochi-for-chinese-japanese-korean-foods-no-additives-or-preservatives","status":"publish","type":"product","link":"https:\/\/menuculture.com\/recipeshop\/product\/fusion-select-red-bean-paste-fine-sweetened-adzuki-bean-paste-for-desserts-buns-pastry-filling-mochi-for-chinese-japanese-korean-foods-no-additives-or-preservatives\/","title":{"rendered":"Fusion Select Red Bean Paste &#8211; Fine Sweetened Adzuki Bean Paste for Desserts, Buns, Pastry Filling, Mochi &#8211; For Chinese, Japanese &#038; Korean Foods &#8211; No Additives or Preservatives"},"content":{"rendered":"<p>No detailed information available for this product.<\/p>\n","protected":false},"excerpt":{"rendered":"<p> [&#8230;]\n","protected":false},"featured_media":236989,"comment_status":"open","ping_status":"closed","template":"","meta":{"wprm-recipe-roundup-name":"","wprm-recipe-roundup-description":"","wpupg_custom_link":[],"wpupg_custom_link_behaviour":[],"wpupg_custom_link_nofollow":[],"wpupg_custom_image":[],"wpupg_custom_image_id":[],"advanced_seo_description":"","jetpack_seo_html_title":"","jetpack_seo_noindex":false,"jetpack_post_was_ever_published":false,"_daim_seo_power":"","_daim_enable_ail":"","_FSMCFIC_featured_image_caption":"","_FSMCFIC_featured_image_nocaption":"","_FSMCFIC_featured_image_hide":""},"product_cat":[132789,132726,132727],"product_tag":[],"class_list":{"0":"post-236989","1":"product","2":"type-product","3":"status-publish","4":"has-post-thumbnail","6":"product_brand-fusion-select","7":"product_cat-cooking-baking","8":"product_cat-grocery-gourmet-food","9":"product_cat-pantry-staples","11":"first","12":"instock","13":"shipping-taxable","14":"purchasable","15":"product-type-variable"},"jetpack_sharing_enabled":true,"jetpack_likes_enabled":true,"jetpack-related-posts":[{"id":245168,"url":"https:\/\/menuculture.com\/recipeshop\/product\/magnolia-star-vanilla-bean-paste-16-oz-made-with-organic-agave-vanilla-bean-powder-double-strength-pure-vanilla-extract-8-oz-bottles-2-ct\/","url_meta":{"origin":236989,"position":0},"title":"Magnolia-Star Vanilla Bean Paste, 16 oz., Made with Organic Agave, Vanilla Bean Powder &#038; Double Strength Pure Vanilla Extract (8 oz. Bottles, 2 Ct)","author":"","date":"April 26, 2025","format":false,"excerpt":"VANILLA BEAN PASTE: Enhance the flavor of any recipe with Magnolia-Star Vanilla Bean Paste. Add vanilla bean flavoring and real vanilla bean specks to cakes, pudding, cookies, whipped cream, ice cream, coffee and cr\u00e8me br\u00fbl\u00e9e. CLEAN AND SIMPLE INGREDIENTS: Our natural vanilla paste is made with organic agave, vanilla bean\u2026","rel":"","context":"Similar post","block_context":{"text":"Similar post","link":""},"img":{"alt_text":"","src":"","width":0,"height":0},"classes":[]},{"id":236984,"url":"https:\/\/menuculture.com\/recipeshop\/product\/surasang-premium-sweet-red-bean-paste-authentic-korean-patbingsu-asian-dessert-ingredient-ready-to-use-creamy-texture-16-58-ounce\/","url_meta":{"origin":236989,"position":1},"title":"Surasang Premium Sweet Red Bean Paste &#8211; Authentic Korean Patbingsu &#038; Asian Dessert Ingredient &#8211; Ready-to-Use Creamy Texture &#8211; 16.58 Ounce","author":"","date":"April 5, 2025","format":false,"excerpt":"Authentic Sweet Red Bean Paste - Experience the traditional flavor of premium red bean paste (known as \"anko\" in Japanese and \"pat\" in Korean), a staple ingredient in East Asian desserts made from carefully selected adzuki beans sweetened to perfection. Surasang delivers authentic taste in every spoonful. Rich, Creamy Texture\u2026","rel":"","context":"With 5 comments","block_context":{"text":"With 5 comments","link":"https:\/\/menuculture.com\/recipeshop\/product\/surasang-premium-sweet-red-bean-paste-authentic-korean-patbingsu-asian-dessert-ingredient-ready-to-use-creamy-texture-16-58-ounce\/#comments"},"img":{"alt_text":"","src":"","width":0,"height":0},"classes":[]},{"id":245169,"url":"https:\/\/menuculture.com\/recipeshop\/product\/magnolia-star-vanilla-bean-paste\/","url_meta":{"origin":236989,"position":2},"title":"Magnolia Star Vanilla Bean Paste","author":"","date":"April 26, 2025","format":false,"excerpt":"No detailed information available for this product.","rel":"","context":"Similar post","block_context":{"text":"Similar post","link":""},"img":{"alt_text":"","src":"","width":0,"height":0},"classes":[]},{"id":233119,"url":"https:\/\/menuculture.com\/recipeshop\/product\/nielsen-massey-pure-vanilla-bean-paste\/","url_meta":{"origin":236989,"position":3},"title":"Nielsen-Massey Pure Vanilla Bean Paste","author":"","date":"March 22, 2025","format":false,"excerpt":"This is the Nielsen-Massey Pure Vanilla Bean Paste available on Amazon. Brand: Nielsen-Massey Product Category: Grocery For complete product specifications, features, and customer reviews, please visit the product page on Amazon.","rel":"","context":"With 23 comments","block_context":{"text":"With 23 comments","link":"https:\/\/menuculture.com\/recipeshop\/product\/nielsen-massey-pure-vanilla-bean-paste\/#comments"},"img":{"alt_text":"","src":"","width":0,"height":0},"classes":[]},{"id":245172,"url":"https:\/\/menuculture.com\/recipeshop\/product\/magnolia-star-vanilla-bean-paste-8-oz-bottle-made-with-organic-agave-vanilla-bean-powder-double-strength-pure-vanilla-extract-perfect-for-cakes-ice-cream-whipped-cream-pudding\/","url_meta":{"origin":236989,"position":4},"title":"Magnolia-Star Vanilla Bean Paste, 8 oz. Bottle, Made with Organic Agave, Vanilla Bean Powder &#038; Double Strength Pure Vanilla Extract, Perfect for Cakes, Ice Cream, Whipped Cream &#038; Pudding","author":"","date":"April 26, 2025","format":false,"excerpt":"No detailed information available for this product.","rel":"","context":"Similar post","block_context":{"text":"Similar post","link":""},"img":{"alt_text":"","src":"","width":0,"height":0},"classes":[]},{"id":248645,"url":"https:\/\/menuculture.com\/recipeshop\/product\/rodelle-paste-vanilla-4-fl-oz-pack-of-1\/","url_meta":{"origin":236989,"position":5},"title":"Rodelle Paste, Vanilla, 4 Fl Oz (Pack of 1)","author":"","date":"April 29, 2025","format":false,"excerpt":"Vanilla paste can be substituted for any vanilla bean or vanilla extract recipe Use in a 1: 1 ratio in any recipe that calls for vanilla extract or vanilla beans Contains flecks of vanilla beans as well as pure vanilla extract Low cost alternative while still maintaining the beautiful aesthetic\u2026","rel":"","context":"With 4 comments","block_context":{"text":"With 4 comments","link":"https:\/\/menuculture.com\/recipeshop\/product\/rodelle-paste-vanilla-4-fl-oz-pack-of-1\/#comments"},"img":{"alt_text":"","src":"","width":0,"height":0},"classes":[]}],"_links":{"self":[{"href":"https:\/\/menuculture.com\/recipeshop\/wp-json\/wp\/v2\/product\/236989","targetHints":{"allow":["GET"]}}],"collection":[{"href":"https:\/\/menuculture.com\/recipeshop\/wp-json\/wp\/v2\/product"}],"about":[{"href":"https:\/\/menuculture.com\/recipeshop\/wp-json\/wp\/v2\/types\/product"}],"replies":[{"embeddable":true,"href":"https:\/\/menuculture.com\/recipeshop\/wp-json\/wp\/v2\/comments?post=236989"}],"wp:featuredmedia":[{"embeddable":true,"href":"https:\/\/menuculture.com\/recipeshop\/wp-json\/wp\/v2\/product\/236989"}],"wp:attachment":[{"href":"https:\/\/menuculture.com\/recipeshop\/wp-json\/wp\/v2\/media?parent=236989"}],"wp:term":[{"taxonomy":"product_cat","embeddable":true,"href":"https:\/\/menuculture.com\/recipeshop\/wp-json\/wp\/v2\/product_cat?post=236989"},{"taxonomy":"product_tag","embeddable":true,"href":"https:\/\/menuculture.com\/recipeshop\/wp-json\/wp\/v2\/product_tag?post=236989"}],"curies":[{"name":"wp","href":"https:\/\/api.w.org\/{rel}","templated":true}]}}