{"id":236159,"date":"2025-03-28T21:42:45","date_gmt":"2025-03-29T01:42:45","guid":{"rendered":"https:\/\/menuculture.com\/recipeshop\/product\/nescafe-gold-espresso-instant-coffee\/"},"modified":"2025-08-10T12:07:17","modified_gmt":"2025-08-10T16:07:17","slug":"nescafe-gold-espresso-instant-coffee","status":"publish","type":"product","link":"https:\/\/menuculture.com\/recipeshop\/product\/nescafe-gold-espresso-instant-coffee\/","title":{"rendered":"NESCAF\u00c9 Gold Espresso, Instant Coffee"},"content":{"rendered":"<p>No detailed information available for this product.<\/p>\n","protected":false},"excerpt":{"rendered":"<p> [&#8230;]\n","protected":false},"featured_media":236159,"comment_status":"open","ping_status":"closed","template":"","meta":{"wprm-recipe-roundup-name":"","wprm-recipe-roundup-description":"","wpupg_custom_link":[],"wpupg_custom_link_behaviour":[],"wpupg_custom_link_nofollow":[],"wpupg_custom_image":[],"wpupg_custom_image_id":[],"advanced_seo_description":"","jetpack_seo_html_title":"","jetpack_seo_noindex":false,"jetpack_post_was_ever_published":false,"_daim_seo_power":"","_daim_enable_ail":"","_FSMCFIC_featured_image_caption":"","_FSMCFIC_featured_image_nocaption":"","_FSMCFIC_featured_image_hide":""},"product_cat":[132716],"product_tag":[],"class_list":{"0":"post-236159","1":"product","2":"type-product","3":"status-publish","4":"has-post-thumbnail","6":"product_brand-nescafe","7":"product_cat-grocery","9":"first","10":"instock","11":"shipping-taxable","12":"purchasable","13":"product-type-variable"},"jetpack_sharing_enabled":true,"jetpack_likes_enabled":true,"jetpack-related-posts":[{"id":246342,"url":"https:\/\/menuculture.com\/recipeshop\/product\/nescafe-gold-espresso-jar-95g\/","url_meta":{"origin":236159,"position":0},"title":"Nescafe Gold Espresso Jar 95g","author":"","date":"April 26, 2025","format":false,"excerpt":"Made from premium hand-picked Arabica beans Featuring a smooth blend of espresso coffee and a velvety layer of Crema Easy to experiment and customize to your own perfect cup Great for making a traditional espresso, or a delicate cup of Americano 1 x 100g jar","rel":"","context":"With 5 comments","block_context":{"text":"With 5 comments","link":"https:\/\/menuculture.com\/recipeshop\/product\/nescafe-gold-espresso-jar-95g\/#comments"},"img":{"alt_text":"","src":"","width":0,"height":0},"classes":[]},{"id":246352,"url":"https:\/\/menuculture.com\/recipeshop\/product\/nescafe-clasico-dark-roast-instant-coffee-10-5-oz-jar-pack-of-2\/","url_meta":{"origin":236159,"position":1},"title":"NESCAFE CLASICO Dark Roast Instant Coffee 10.5 oz. Jar (Pack of 2)","author":"","date":"April 26, 2025","format":false,"excerpt":"The below information is per pack only PREMIUM FLAVOR\u2014Savor rich aroma and flavor with NESCAF\u00c9 CL\u00c1SICO Dark Roast Instant Coffee. This full-bodied, dark-roast instant coffee comes in a 10.5-ounce jar. PURE QUALITY\u2014Made with 100% real coffee from responsibly sourced coffee beans EXCEPTIONAL TASTE\u2014Sip your way through a rich, bold, and\u2026","rel":"","context":"With 5 comments","block_context":{"text":"With 5 comments","link":"https:\/\/menuculture.com\/recipeshop\/product\/nescafe-clasico-dark-roast-instant-coffee-10-5-oz-jar-pack-of-2\/#comments"},"img":{"alt_text":"","src":"","width":0,"height":0},"classes":[]},{"id":240966,"url":"https:\/\/menuculture.com\/recipeshop\/product\/delallo-instant-espresso-powder-1-94oz-jar\/","url_meta":{"origin":236159,"position":2},"title":"DeLallo Instant Espresso Powder, 1.94oz Jar","author":"","date":"April 21, 2025","format":false,"excerpt":"No detailed information available for this product.","rel":"","context":"Similar post","block_context":{"text":"Similar post","link":""},"img":{"alt_text":"","src":"","width":0,"height":0},"classes":[]},{"id":246353,"url":"https:\/\/menuculture.com\/recipeshop\/product\/nescafe-clasico-dark-roast-instant-coffee\/","url_meta":{"origin":236159,"position":3},"title":"NESCAFE CLASICO Dark Roast Instant Coffee","author":"","date":"April 26, 2025","format":false,"excerpt":"PREMIUM INSTANT COFFEE: Savor rich and bold flavor in an instant with the pure coffee taste of NESCAF\u00c9 CL\u00c1SICO Dark Roast Instant Coffee EXCEPTIONAL TASTE: NESCAF\u00c9 invites you to elevate the taste of the coffee in your cup with our bolder, richer taste that's crafted to perfection PURE QUALITY: Crafted\u2026","rel":"","context":"Similar post","block_context":{"text":"Similar post","link":""},"img":{"alt_text":"","src":"","width":0,"height":0},"classes":[]},{"id":247161,"url":"https:\/\/menuculture.com\/recipeshop\/product\/community-coffee-dark-bold-espresso-roast\/","url_meta":{"origin":236159,"position":4},"title":"Community Coffee Dark &#038; Bold Espresso Roast","author":"","date":"April 27, 2025","format":false,"excerpt":"No detailed information available for this product.","rel":"","context":"Similar post","block_context":{"text":"Similar post","link":""},"img":{"alt_text":"","src":"","width":0,"height":0},"classes":[]},{"id":239805,"url":"https:\/\/menuculture.com\/recipeshop\/product\/cafe-la-llave-espresso-coffee-pods\/","url_meta":{"origin":236159,"position":5},"title":"Cafe La Llave Espresso Coffee Pods","author":"","date":"April 20, 2025","format":false,"excerpt":"No detailed information available for this product.","rel":"","context":"Similar post","block_context":{"text":"Similar post","link":""},"img":{"alt_text":"","src":"","width":0,"height":0},"classes":[]}],"_links":{"self":[{"href":"https:\/\/menuculture.com\/recipeshop\/wp-json\/wp\/v2\/product\/236159","targetHints":{"allow":["GET"]}}],"collection":[{"href":"https:\/\/menuculture.com\/recipeshop\/wp-json\/wp\/v2\/product"}],"about":[{"href":"https:\/\/menuculture.com\/recipeshop\/wp-json\/wp\/v2\/types\/product"}],"replies":[{"embeddable":true,"href":"https:\/\/menuculture.com\/recipeshop\/wp-json\/wp\/v2\/comments?post=236159"}],"wp:featuredmedia":[{"embeddable":true,"href":"https:\/\/menuculture.com\/recipeshop\/wp-json\/wp\/v2\/product\/236159"}],"wp:attachment":[{"href":"https:\/\/menuculture.com\/recipeshop\/wp-json\/wp\/v2\/media?parent=236159"}],"wp:term":[{"taxonomy":"product_cat","embeddable":true,"href":"https:\/\/menuculture.com\/recipeshop\/wp-json\/wp\/v2\/product_cat?post=236159"},{"taxonomy":"product_tag","embeddable":true,"href":"https:\/\/menuculture.com\/recipeshop\/wp-json\/wp\/v2\/product_tag?post=236159"}],"curies":[{"name":"wp","href":"https:\/\/api.w.org\/{rel}","templated":true}]}}