{"id":233327,"date":"2025-03-22T18:44:52","date_gmt":"2025-03-22T22:44:52","guid":{"rendered":"https:\/\/menuculture.com\/recipeshop\/product\/grace-canned-lite-organic-milk-13-5-oz-can\/"},"modified":"2025-12-28T14:01:37","modified_gmt":"2025-12-28T19:01:37","slug":"grace-canned-lite-organic-milk-13-5-oz-can","status":"publish","type":"product","link":"https:\/\/menuculture.com\/recipeshop\/product\/grace-canned-lite-organic-milk-13-5-oz-can\/","title":{"rendered":"Grace Canned Lite Organic Milk (13.5 oz Can)"},"content":{"rendered":"<ul>\n<li>13.5 oz Can<\/li>\n<\/ul>\n","protected":false},"excerpt":{"rendered":"<p> [&#8230;]\n","protected":false},"featured_media":233327,"comment_status":"open","ping_status":"closed","template":"","meta":{"wprm-recipe-roundup-name":"","wprm-recipe-roundup-description":"","wpupg_custom_link":[],"wpupg_custom_link_behaviour":[],"wpupg_custom_link_nofollow":[],"wpupg_custom_image":[],"wpupg_custom_image_id":[],"advanced_seo_description":"","jetpack_seo_html_title":"","jetpack_seo_noindex":false,"jetpack_post_was_ever_published":false,"_daim_seo_power":"","_daim_enable_ail":"","_FSMCFIC_featured_image_caption":"","_FSMCFIC_featured_image_nocaption":"","_FSMCFIC_featured_image_hide":""},"product_cat":[154567,132789,132726,132727],"product_tag":[],"class_list":{"0":"post-233327","1":"product","2":"type-product","3":"status-publish","4":"has-post-thumbnail","6":"product_brand-grace","7":"product_cat-coconut-milk-cream","8":"product_cat-cooking-baking","9":"product_cat-grocery-gourmet-food","10":"product_cat-pantry-staples","12":"first","13":"outofstock","14":"virtual","15":"purchasable","16":"product-type-simple"},"jetpack_sharing_enabled":true,"jetpack_likes_enabled":true,"jetpack-related-posts":[{"id":240301,"url":"https:\/\/menuculture.com\/recipeshop\/product\/chaokoh-coconut-milk-24-pack-creamy-non-dairy-milk-no-preservatives-or-artificial-flavors-canned-coconut-milk-13-5-oz-per-can\/","url_meta":{"origin":233327,"position":0},"title":"Chaokoh Coconut Milk 24 Pack &#8211; Creamy Non Dairy Milk, No Preservatives or Artificial Flavors, Canned Coconut Milk (13.5 Oz per Can)","author":"","date":"April 21, 2025","format":false,"excerpt":"PREMIUM QUALITY COCONUTS - Chaokoh creamy coconut milk is extracted from the pulp of mature coconuts which are ethically sourced from sustainable Thai growers and have passed strict quality control inspections to ensure high quality. GREAT FOR ASIAN DISHES - A staple ingredient in Thai, Filipino, Indian and other Asian\u2026","rel":"","context":"Similar post","block_context":{"text":"Similar post","link":""},"img":{"alt_text":"","src":"","width":0,"height":0},"classes":[]},{"id":239005,"url":"https:\/\/menuculture.com\/recipeshop\/product\/aroy-d-coconut-milk-13-5-oz-can-pack-of-6\/","url_meta":{"origin":233327,"position":1},"title":"AROY-D Coconut Milk 13.5 Oz Can (Pack of 6)","author":"","date":"April 20, 2025","format":false,"excerpt":"AROY-D COCONUT MILK 14 Oz N\u00da\u00d3C C\u00d4T D\u00daA Coconut Extract 60 %, Water Producto of Thailand Pack of 6 ( Total 14 fl Oz x 6 )","rel":"","context":"Similar post","block_context":{"text":"Similar post","link":""},"img":{"alt_text":"","src":"","width":0,"height":0},"classes":[]},{"id":243736,"url":"https:\/\/menuculture.com\/recipeshop\/product\/islands-harvest-premium-organic-22-fat-coconut-milk-13-5-fl-oz\/","url_meta":{"origin":233327,"position":2},"title":"Islands Harvest Premium Organic 22% Fat Coconut Milk &#8211; 13.5 Fl Oz","author":"","date":"April 24, 2025","format":false,"excerpt":"Made with premium organic coconut from Sri Lanka Creamy white liquid with no added sweeteners Vegan, Keto and Paleo friendly Non GMO, Non-dairy and healthier alternative Gluten free, No allergens or preservatives","rel":"","context":"Similar post","block_context":{"text":"Similar post","link":""},"img":{"alt_text":"","src":"","width":0,"height":0},"classes":[]},{"id":240300,"url":"https:\/\/menuculture.com\/recipeshop\/product\/chaokoh-coconut-milk-13-5-fl-oz-pack-of-8\/","url_meta":{"origin":233327,"position":3},"title":"Chaokoh Coconut Milk, 13.5 Fl Oz (Pack of 8)","author":"","date":"April 21, 2025","format":false,"excerpt":"Pack of eight, 13.5-Ounce (Total of 108-Ounces) Used for making cakes, candies, cookies, ice cream, coconut jam Product of Thailand","rel":"","context":"With 5 comments","block_context":{"text":"With 5 comments","link":"https:\/\/menuculture.com\/recipeshop\/product\/chaokoh-coconut-milk-13-5-fl-oz-pack-of-8\/#comments"},"img":{"alt_text":"","src":"","width":0,"height":0},"classes":[]},{"id":240743,"url":"https:\/\/menuculture.com\/recipeshop\/product\/native-forest-coconut-milk-simple-13-5-oz\/","url_meta":{"origin":233327,"position":4},"title":"Native Forest Coconut Milk Simple, 13.5 oz","author":"","date":"April 21, 2025","format":false,"excerpt":"No detailed information available for this product.","rel":"","context":"Similar post","block_context":{"text":"Similar post","link":""},"img":{"alt_text":"","src":"","width":0,"height":0},"classes":[]},{"id":240741,"url":"https:\/\/menuculture.com\/recipeshop\/product\/native-forest-unsweetened-organic-classic-coconut-milk-13-5-ounce-can\/","url_meta":{"origin":233327,"position":5},"title":"Native Forest Unsweetened Organic Classic Coconut Milk, 13.5 Ounce Can","author":"","date":"April 21, 2025","format":false,"excerpt":"RICH & CREAMY COCONUT MILK: A staple of Thai, Indian & Caribbean cuisines, coconut milk imparts creamy goodness & makes a delicious ingredient in soups, curries, sauces, desserts & beverages. Contains no guar gum. GREAT MILK ALTERNATIVE: Our Organic Coconut Milk may replace dairy milk or cream in some of\u2026","rel":"","context":"Similar post","block_context":{"text":"Similar post","link":""},"img":{"alt_text":"","src":"","width":0,"height":0},"classes":[]}],"_links":{"self":[{"href":"https:\/\/menuculture.com\/recipeshop\/wp-json\/wp\/v2\/product\/233327","targetHints":{"allow":["GET"]}}],"collection":[{"href":"https:\/\/menuculture.com\/recipeshop\/wp-json\/wp\/v2\/product"}],"about":[{"href":"https:\/\/menuculture.com\/recipeshop\/wp-json\/wp\/v2\/types\/product"}],"replies":[{"embeddable":true,"href":"https:\/\/menuculture.com\/recipeshop\/wp-json\/wp\/v2\/comments?post=233327"}],"wp:featuredmedia":[{"embeddable":true,"href":"https:\/\/menuculture.com\/recipeshop\/wp-json\/wp\/v2\/product\/233327"}],"wp:attachment":[{"href":"https:\/\/menuculture.com\/recipeshop\/wp-json\/wp\/v2\/media?parent=233327"}],"wp:term":[{"taxonomy":"product_cat","embeddable":true,"href":"https:\/\/menuculture.com\/recipeshop\/wp-json\/wp\/v2\/product_cat?post=233327"},{"taxonomy":"product_tag","embeddable":true,"href":"https:\/\/menuculture.com\/recipeshop\/wp-json\/wp\/v2\/product_tag?post=233327"}],"curies":[{"name":"wp","href":"https:\/\/api.w.org\/{rel}","templated":true}]}}