{"id":233114,"date":"2025-03-22T17:26:31","date_gmt":"2025-03-22T21:26:31","guid":{"rendered":"https:\/\/menuculture.com\/recipeshop\/product\/molina-blend\/"},"modified":"2025-12-31T19:02:50","modified_gmt":"2026-01-01T00:02:50","slug":"molina-blend","status":"publish","type":"product","link":"https:\/\/menuculture.com\/recipeshop\/product\/molina-blend\/","title":{"rendered":"Molina Blend"},"content":{"rendered":"<ul>\n<li>Our versatile Mexican Vanilla Blend is perfect for any type of dishes such as meat, fish and chicken<\/li>\n<\/ul>\n<ul>\n<li>You can also add a special touch to your coffee and smoothies, bake tasty cakes and cookies, and make delicious drinks and cocktails<\/li>\n<\/ul>\n<ul>\n<li>USAGE TIP: Yields as much as Pure Vanilla Extract; add same portions to your preparations<\/li>\n<\/ul>\n<ul>\n<li>Crafted with Mexico\u2019s finest Pure Vanilla Extract and Vanillin Extract to give you a deep and sweet vanilla flavour that will last after baking or freezing<\/li>\n<\/ul>\n","protected":false},"excerpt":{"rendered":"<p> [&#8230;]\n","protected":false},"featured_media":233114,"comment_status":"open","ping_status":"closed","template":"","meta":{"wprm-recipe-roundup-name":"","wprm-recipe-roundup-description":"","wpupg_custom_link":[],"wpupg_custom_link_behaviour":[],"wpupg_custom_link_nofollow":[],"wpupg_custom_image":[],"wpupg_custom_image_id":[],"advanced_seo_description":"","jetpack_seo_html_title":"","jetpack_seo_noindex":false,"jetpack_post_was_ever_published":false,"_daim_seo_power":"","_daim_enable_ail":"","_FSMCFIC_featured_image_caption":"","_FSMCFIC_featured_image_nocaption":"","_FSMCFIC_featured_image_hide":"","_predictive_search_focuskw":"","_ps_exclude_item":""},"product_cat":[132789,154478,132726,154510,132727],"product_tag":[],"class_list":{"0":"post-233114","1":"product","2":"type-product","3":"status-publish","4":"has-post-thumbnail","6":"product_brand-molina","7":"product_cat-cooking-baking","8":"product_cat-extracts","9":"product_cat-grocery-gourmet-food","10":"product_cat-natural","11":"product_cat-pantry-staples","13":"first","14":"outofstock","15":"shipping-taxable","16":"purchasable","17":"product-type-variable"},"jetpack_sharing_enabled":true,"jetpack_likes_enabled":true,"jetpack-related-posts":[{"id":245831,"url":"https:\/\/menuculture.com\/recipeshop\/product\/molina-vanilla-blend-16-6oz-500ml\/","url_meta":{"origin":233114,"position":0},"title":"Molina Vanilla Blend 16.6oz (500ml)","author":"","date":"April 26, 2025","format":false,"excerpt":"Our versatile Mexican Vanilla Blend is perfect for any type of dishes such as meat, fish and chicken You can also add a special touch to your coffee and smoothies, bake tasty cakes and cookies, and make delicious drinks and cocktails USAGE TIP: Yields as much as Pure Vanilla Extract;\u2026","rel":"","context":"Similar post","block_context":{"text":"Similar post","link":""},"img":{"alt_text":"","src":"","width":0,"height":0},"classes":[]},{"id":245826,"url":"https:\/\/menuculture.com\/recipeshop\/product\/molina-vanilla-mexican-vanilla-120-ml-5-pack\/","url_meta":{"origin":233114,"position":1},"title":"Molina Vanilla-Mexican Vanilla (120 ml (5 Pack)","author":"","date":"April 26, 2025","format":false,"excerpt":"This vanilla blend is made with Mexico's finest pure vanilla. This pure vanilla extract is perfect for baking, coffee and more.","rel":"","context":"Similar post","block_context":{"text":"Similar post","link":""},"img":{"alt_text":"","src":"","width":0,"height":0},"classes":[]},{"id":245168,"url":"https:\/\/menuculture.com\/recipeshop\/product\/magnolia-star-vanilla-bean-paste-16-oz-made-with-organic-agave-vanilla-bean-powder-double-strength-pure-vanilla-extract-8-oz-bottles-2-ct\/","url_meta":{"origin":233114,"position":2},"title":"Magnolia-Star Vanilla Bean Paste, 16 oz., Made with Organic Agave, Vanilla Bean Powder &#038; Double Strength Pure Vanilla Extract (8 oz. Bottles, 2 Ct)","author":"","date":"April 26, 2025","format":false,"excerpt":"VANILLA BEAN PASTE: Enhance the flavor of any recipe with Magnolia-Star Vanilla Bean Paste. Add vanilla bean flavoring and real vanilla bean specks to cakes, pudding, cookies, whipped cream, ice cream, coffee and cr\u00e8me br\u00fbl\u00e9e. CLEAN AND SIMPLE INGREDIENTS: Our natural vanilla paste is made with organic agave, vanilla bean\u2026","rel":"","context":"Similar post","block_context":{"text":"Similar post","link":""},"img":{"alt_text":"","src":"","width":0,"height":0},"classes":[]},{"id":248652,"url":"https:\/\/menuculture.com\/recipeshop\/product\/rodelle-gourmet-pure-vanilla-extract-8-oz\/","url_meta":{"origin":233114,"position":3},"title":"Rodelle Gourmet Pure Vanilla Extract, 8 Oz","author":"","date":"April 29, 2025","format":false,"excerpt":"PREMIUM VANILLA EXPERIENCE: Made with only pure ingredients; vanilla beans, water and alcohol, Rodelle's Gourmet Vanilla Extract is a premium vanilla extract. We hand-craft each batch from the finest vanilla beans for exceptional quality and flavor. GOURMET VANILLA: Rodelle Gourmet Pure vanilla extract is made with only three ingredients and\u2026","rel":"","context":"Similar post","block_context":{"text":"Similar post","link":""},"img":{"alt_text":"","src":"","width":0,"height":0},"classes":[]},{"id":240912,"url":"https:\/\/menuculture.com\/recipeshop\/product\/watkins-pure-vanilla-extract-16-ounce\/","url_meta":{"origin":233114,"position":4},"title":"Watkins Pure Vanilla Extract, 16 Ounce","author":"","date":"April 21, 2025","format":false,"excerpt":"Pure Vanilla Extract made with highest quality Madagascar vanilla beans Manufactured and aged to perfection in-house using same process for over 140 years Crafted in the USA Watkins Pure Vanilla Extract with Madagascar Vanilla Beans delivers our rich, award-winning vanilla flavor Usage Ideas - Baked Goods: Cookies, cakes, scones, cobblers\u2026","rel":"","context":"Similar post","block_context":{"text":"Similar post","link":""},"img":{"alt_text":"","src":"","width":0,"height":0},"classes":[]},{"id":248646,"url":"https:\/\/menuculture.com\/recipeshop\/product\/rodelle-fair-trade-organic-pure-vanilla-extract\/","url_meta":{"origin":233114,"position":5},"title":"Rodelle Fair Trade Organic Pure Vanilla Extract","author":"","date":"April 29, 2025","format":false,"excerpt":"Fairtrade and Organic Certified vanilla extract \u2013 responsibly sourced from Madagascar. Ingredients: Organic Vanilla Bean Extractives in Water and Organic Alcohol Extracted with care in Rodelle\u2019s wind-powered facility in Colorado from hand-pollinated Madagascar Bourbon vanilla beans. Consistently great tasting vanilla extract from vanilla beans that are traceable to the farmer.\u2026","rel":"","context":"Similar post","block_context":{"text":"Similar post","link":""},"img":{"alt_text":"","src":"","width":0,"height":0},"classes":[]}],"_links":{"self":[{"href":"https:\/\/menuculture.com\/recipeshop\/wp-json\/wp\/v2\/product\/233114","targetHints":{"allow":["GET"]}}],"collection":[{"href":"https:\/\/menuculture.com\/recipeshop\/wp-json\/wp\/v2\/product"}],"about":[{"href":"https:\/\/menuculture.com\/recipeshop\/wp-json\/wp\/v2\/types\/product"}],"replies":[{"embeddable":true,"href":"https:\/\/menuculture.com\/recipeshop\/wp-json\/wp\/v2\/comments?post=233114"}],"wp:featuredmedia":[{"embeddable":true,"href":"https:\/\/menuculture.com\/recipeshop\/wp-json\/wp\/v2\/product\/233114"}],"wp:attachment":[{"href":"https:\/\/menuculture.com\/recipeshop\/wp-json\/wp\/v2\/media?parent=233114"}],"wp:term":[{"taxonomy":"product_cat","embeddable":true,"href":"https:\/\/menuculture.com\/recipeshop\/wp-json\/wp\/v2\/product_cat?post=233114"},{"taxonomy":"product_tag","embeddable":true,"href":"https:\/\/menuculture.com\/recipeshop\/wp-json\/wp\/v2\/product_tag?post=233114"}],"curies":[{"name":"wp","href":"https:\/\/api.w.org\/{rel}","templated":true}]}}