{"id":233108,"date":"2025-03-22T17:26:15","date_gmt":"2025-03-22T21:26:15","guid":{"rendered":"https:\/\/menuculture.com\/recipeshop\/product\/watkins-imitation-extract-packaging-may-vary\/"},"modified":"2026-01-02T19:03:01","modified_gmt":"2026-01-03T00:03:01","slug":"watkins-imitation-extract-packaging-may-vary","status":"publish","type":"product","link":"https:\/\/menuculture.com\/recipeshop\/product\/watkins-imitation-extract-packaging-may-vary\/","title":{"rendered":"Watkins Imitation Extract (Packaging may vary)"},"content":{"rendered":"<ul>\n<li>Organic Almond Extract is perfect for baking, flavoring drinks and more!<\/li>\n<\/ul>\n<ul>\n<li>USDA certified organic and Non-GMO project verified<\/li>\n<\/ul>\n<ul>\n<li>Ingredients all naturally derived<\/li>\n<\/ul>\n<ul>\n<li>No Artificial Flavors or Colors<\/li>\n<\/ul>\n<ul>\n<li>Gluten Free, Corn Syrup Free, Kosher<\/li>\n<\/ul>\n","protected":false},"excerpt":{"rendered":"<p> [&#8230;]\n","protected":false},"featured_media":233108,"comment_status":"open","ping_status":"closed","template":"","meta":{"wprm-recipe-roundup-name":"","wprm-recipe-roundup-description":"","wpupg_custom_link":[],"wpupg_custom_link_behaviour":[],"wpupg_custom_link_nofollow":[],"wpupg_custom_image":[],"wpupg_custom_image_id":[],"advanced_seo_description":"","jetpack_seo_html_title":"","jetpack_seo_noindex":false,"jetpack_post_was_ever_published":false,"_daim_seo_power":"","_daim_enable_ail":"","_FSMCFIC_featured_image_caption":"","_FSMCFIC_featured_image_nocaption":"","_FSMCFIC_featured_image_hide":""},"product_cat":[132789,154478,132726,154479,132727],"product_tag":[],"class_list":{"0":"post-233108","1":"product","2":"type-product","3":"status-publish","4":"has-post-thumbnail","6":"product_brand-watkins","7":"product_cat-cooking-baking","8":"product_cat-extracts","9":"product_cat-grocery-gourmet-food","10":"product_cat-imitation","11":"product_cat-pantry-staples","13":"first","14":"outofstock","15":"virtual","16":"purchasable","17":"product-type-simple"},"jetpack_sharing_enabled":true,"jetpack_likes_enabled":true,"jetpack-related-posts":[{"id":239315,"url":"https:\/\/menuculture.com\/recipeshop\/product\/betterbody-foods-organic-energy-blend-plant-based-protein-blend-made-with-naturally-energizing-green-coffee-extract-and-maca-gluten-free-non-gmo-12-7-ounces\/","url_meta":{"origin":233108,"position":0},"title":"BetterBody Foods Organic Energy Blend, Plant-Based Protein Blend made with Naturally Energizing Green Coffee Extract and Maca, Gluten-free, Non-GMO, 12.7 Ounces","author":"","date":"April 20, 2025","format":false,"excerpt":"NATURALLY ENERGIZING: Crafted with organic ingredients like pea protein, maca powder, and green coffee extract, this Organic Energy Blend provides 100% of your daily recommended intake of vitamins B1, B2, B3, and B6 for a sustained energy boost BETTER FOR YOU FORMULA: This blend offers an energy boost without the\u2026","rel":"","context":"Similar post","block_context":{"text":"Similar post","link":""},"img":{"alt_text":"","src":"","width":0,"height":0},"classes":[]},{"id":248646,"url":"https:\/\/menuculture.com\/recipeshop\/product\/rodelle-fair-trade-organic-pure-vanilla-extract\/","url_meta":{"origin":233108,"position":1},"title":"Rodelle Fair Trade Organic Pure Vanilla Extract","author":"","date":"April 29, 2025","format":false,"excerpt":"Fairtrade and Organic Certified vanilla extract \u2013 responsibly sourced from Madagascar. Ingredients: Organic Vanilla Bean Extractives in Water and Organic Alcohol Extracted with care in Rodelle\u2019s wind-powered facility in Colorado from hand-pollinated Madagascar Bourbon vanilla beans. Consistently great tasting vanilla extract from vanilla beans that are traceable to the farmer.\u2026","rel":"","context":"Similar post","block_context":{"text":"Similar post","link":""},"img":{"alt_text":"","src":"","width":0,"height":0},"classes":[]},{"id":246475,"url":"https:\/\/menuculture.com\/recipeshop\/product\/nielsen-massey-organic-fairtrade-madagascar-bourbon-pure-vanilla-extract-for-baking-and-cooking\/","url_meta":{"origin":233108,"position":2},"title":"Nielsen-Massey Organic Fairtrade Madagascar Bourbon Pure Vanilla Extract for Baking and Cooking","author":"","date":"April 27, 2025","format":false,"excerpt":"No detailed information available for this product.","rel":"","context":"Similar post","block_context":{"text":"Similar post","link":""},"img":{"alt_text":"","src":"","width":0,"height":0},"classes":[]},{"id":240834,"url":"https:\/\/menuculture.com\/recipeshop\/product\/organic-natural-pure-roasted-lotus-seed-extract-powder-10-58-ounce-300g\/","url_meta":{"origin":233108,"position":3},"title":"Organic Natural Pure Roasted Lotus Seed Extract Powder -10.58 Ounce (300g)","author":"","date":"April 21, 2025","format":false,"excerpt":"No detailed information available for this product.","rel":"","context":"With 1 comment","block_context":{"text":"With 1 comment","link":"https:\/\/menuculture.com\/recipeshop\/product\/organic-natural-pure-roasted-lotus-seed-extract-powder-10-58-ounce-300g\/#comments"},"img":{"alt_text":"","src":"","width":0,"height":0},"classes":[]},{"id":245172,"url":"https:\/\/menuculture.com\/recipeshop\/product\/magnolia-star-vanilla-bean-paste-8-oz-bottle-made-with-organic-agave-vanilla-bean-powder-double-strength-pure-vanilla-extract-perfect-for-cakes-ice-cream-whipped-cream-pudding\/","url_meta":{"origin":233108,"position":4},"title":"Magnolia-Star Vanilla Bean Paste, 8 oz. Bottle, Made with Organic Agave, Vanilla Bean Powder &#038; Double Strength Pure Vanilla Extract, Perfect for Cakes, Ice Cream, Whipped Cream &#038; Pudding","author":"","date":"April 26, 2025","format":false,"excerpt":"No detailed information available for this product.","rel":"","context":"Similar post","block_context":{"text":"Similar post","link":""},"img":{"alt_text":"","src":"","width":0,"height":0},"classes":[]},{"id":245168,"url":"https:\/\/menuculture.com\/recipeshop\/product\/magnolia-star-vanilla-bean-paste-16-oz-made-with-organic-agave-vanilla-bean-powder-double-strength-pure-vanilla-extract-8-oz-bottles-2-ct\/","url_meta":{"origin":233108,"position":5},"title":"Magnolia-Star Vanilla Bean Paste, 16 oz., Made with Organic Agave, Vanilla Bean Powder &#038; Double Strength Pure Vanilla Extract (8 oz. Bottles, 2 Ct)","author":"","date":"April 26, 2025","format":false,"excerpt":"VANILLA BEAN PASTE: Enhance the flavor of any recipe with Magnolia-Star Vanilla Bean Paste. Add vanilla bean flavoring and real vanilla bean specks to cakes, pudding, cookies, whipped cream, ice cream, coffee and cr\u00e8me br\u00fbl\u00e9e. CLEAN AND SIMPLE INGREDIENTS: Our natural vanilla paste is made with organic agave, vanilla bean\u2026","rel":"","context":"Similar post","block_context":{"text":"Similar post","link":""},"img":{"alt_text":"","src":"","width":0,"height":0},"classes":[]}],"_links":{"self":[{"href":"https:\/\/menuculture.com\/recipeshop\/wp-json\/wp\/v2\/product\/233108","targetHints":{"allow":["GET"]}}],"collection":[{"href":"https:\/\/menuculture.com\/recipeshop\/wp-json\/wp\/v2\/product"}],"about":[{"href":"https:\/\/menuculture.com\/recipeshop\/wp-json\/wp\/v2\/types\/product"}],"replies":[{"embeddable":true,"href":"https:\/\/menuculture.com\/recipeshop\/wp-json\/wp\/v2\/comments?post=233108"}],"wp:featuredmedia":[{"embeddable":true,"href":"https:\/\/menuculture.com\/recipeshop\/wp-json\/wp\/v2\/product\/233108"}],"wp:attachment":[{"href":"https:\/\/menuculture.com\/recipeshop\/wp-json\/wp\/v2\/media?parent=233108"}],"wp:term":[{"taxonomy":"product_cat","embeddable":true,"href":"https:\/\/menuculture.com\/recipeshop\/wp-json\/wp\/v2\/product_cat?post=233108"},{"taxonomy":"product_tag","embeddable":true,"href":"https:\/\/menuculture.com\/recipeshop\/wp-json\/wp\/v2\/product_tag?post=233108"}],"curies":[{"name":"wp","href":"https:\/\/api.w.org\/{rel}","templated":true}]}}